{"id":1179,"date":"2024-10-11T14:08:19","date_gmt":"2024-10-11T12:08:19","guid":{"rendered":"https:\/\/sh.no\/?page_id=1179"},"modified":"2025-09-10T11:28:45","modified_gmt":"2025-09-10T09:28:45","slug":"serving","status":"publish","type":"page","link":"https:\/\/sh.no\/en\/kaffeleverandor\/servering\/","title":{"rendered":"Caf\u00e9s and restaurants"},"content":{"rendered":"<div class=\"wp-block-group alignfull has-grey-background-color has-background has-global-padding is-layout-constrained wp-block-group-is-layout-constrained\">\n<div class=\"wp-block-group alignfull has-global-padding is-layout-constrained wp-container-core-group-is-layout-669513ed wp-block-group-is-layout-constrained\" style=\"margin-top:0;margin-bottom:0;padding-top:var(--wp--preset--spacing--50);padding-right:var(--wp--preset--spacing--50);padding-bottom:var(--wp--preset--spacing--50);padding-left:var(--wp--preset--spacing--50)\">\n<div style=\"height:130px\" aria-hidden=\"true\" class=\"wp-block-spacer hide-mobile\"><\/div>\n\n\n\n<div style=\"height:70px\" aria-hidden=\"true\" class=\"wp-block-spacer hide-large\"><\/div>\n\n\n\n<div style=\"height:40px\" aria-hidden=\"true\" class=\"wp-block-spacer\"><\/div>\n\n\n\n<div class=\"wp-block-columns is-layout-flex wp-container-core-columns-is-layout-ec2e7a44 wp-block-columns-is-layout-flex\" style=\"padding-top:0;padding-bottom:0\">\n<div class=\"wp-block-column is-layout-flow wp-block-column-is-layout-flow\">\n<p class=\"border-left has-gt-america-mono-font-family wp-container-content-0733e5d0\">SERVING<\/p>\n<\/div>\n<\/div>\n\n\n\n<div style=\"height:20px\" aria-hidden=\"true\" class=\"wp-block-spacer hide-mobile\"><\/div>\n\n\n\n<div style=\"height:20px\" aria-hidden=\"true\" class=\"wp-block-spacer\"><\/div>\n\n\n\n<div class=\"wp-block-columns is-layout-flex wp-container-core-columns-is-layout-28f84493 wp-block-columns-is-layout-flex\">\n<div class=\"wp-block-column is-layout-flow wp-block-column-is-layout-flow\" style=\"flex-basis:40%\">\n<h1 class=\"wp-block-heading\">Coffee, tea and accessories for your venue<\/h1>\n<\/div>\n\n\n\n<div class=\"wp-block-column hide-mobile is-layout-flow wp-block-column-is-layout-flow\" style=\"flex-basis:10%\"><\/div>\n\n\n\n<div class=\"wp-block-column is-layout-flow wp-block-column-is-layout-flow\" style=\"flex-basis:50%\">\n<p class=\"has-heading-font-family\" style=\"line-height:1.2\">Do you run a coffee shop, restaurant or bakery? Then you can enjoy the country's largest selection of freshly roasted quality coffee at Solberg &amp; Hansen.<\/p>\n<\/div>\n<\/div>\n\n\n\n<div style=\"height:45px\" aria-hidden=\"true\" class=\"wp-block-spacer hide-mobile\"><\/div>\n\n\n\n<div style=\"height:20px\" aria-hidden=\"true\" class=\"wp-block-spacer\"><\/div>\n\n\n\n<div class=\"wp-block-columns is-layout-flex wp-container-core-columns-is-layout-28f84493 wp-block-columns-is-layout-flex\">\n<div class=\"wp-block-column is-vertically-aligned-top border-radius is-layout-flow wp-block-column-is-layout-flow\" style=\"padding-top:0;padding-right:0;padding-bottom:0;padding-left:0;flex-basis:40%\">\n<div class=\"wp-block-cover has-aspect-ratio\" style=\"border-radius:15px;aspect-ratio:4\/3;min-height:unset;\"><img decoding=\"async\" class=\"wp-block-cover__image-background wp-image-6725\" alt=\"\" src=\"https:\/\/sh.no\/wp-content\/uploads\/2015\/10\/sogh_230323_0323-scaled.jpg\" data-object-fit=\"cover\"\/><span aria-hidden=\"true\" class=\"wp-block-cover__background has-background-dim-0 has-background-dim\" style=\"background-color:#7b5838\"><\/span><div class=\"wp-block-cover__inner-container has-global-padding is-layout-constrained wp-block-cover-is-layout-constrained\">\n<p class=\"has-text-align-center has-large-font-size\"><\/p>\n<\/div><\/div>\n<\/div>\n\n\n\n<div class=\"wp-block-column padding-box-mobile border-radius has-light-beige-background-color has-background is-layout-flow wp-block-column-is-layout-flow\" style=\"padding-top:var(--wp--preset--spacing--40);padding-right:var(--wp--preset--spacing--30);padding-bottom:var(--wp--preset--spacing--30);padding-left:var(--wp--preset--spacing--30);flex-basis:30%\">\n<p class=\"has-medium-font-size\">Join us if you want world-class coffee, tea and accessories with first-class service.<\/p>\n\n\n\n<div class=\"wp-block-buttons is-layout-flex wp-block-buttons-is-layout-flex\">\n<div class=\"wp-block-button\"><a class=\"wp-block-button__link has-white-color has-dark-green-background-color has-text-color has-background has-link-color wp-element-button\" href=\"https:\/\/b2bshop.sh.no\/Kunderegistrering\/?webshop=b2bshop\">Become a customer here <img loading=\"lazy\" decoding=\"async\" width=\"20\" height=\"17\" class=\"wp-image-178\" style=\"width: 20px;\" src=\"https:\/\/sh.no\/wp-content\/uploads\/2024\/09\/arrow-left-white.svg\" alt=\"\"><\/a><\/div>\n<\/div>\n<\/div>\n\n\n\n<div class=\"wp-block-column padding-box-mobile border-radius has-light-beige-background-color has-background is-layout-flow wp-block-column-is-layout-flow\" style=\"padding-top:var(--wp--preset--spacing--40);padding-right:var(--wp--preset--spacing--20);padding-bottom:var(--wp--preset--spacing--30);padding-left:var(--wp--preset--spacing--30);flex-basis:30%\">\n<p>Here you will find our <a href=\"https:\/\/indd.adobe.com\/view\/4b57d9c9-e5dc-4a1e-b358-693f1be6ca9c\">terms of sale and delivery<\/a>.<\/p>\n\n\n\n<div style=\"height:5px\" aria-hidden=\"true\" class=\"wp-block-spacer\"><\/div>\n\n\n\n<p style=\"font-style:normal;font-weight:700\"><strong>Any questions? Get in touch:<\/strong><\/p>\n\n\n\n<p class=\"center-aligned\"><img loading=\"lazy\" decoding=\"async\" width=\"22\" height=\"19\" class=\"wp-image-1091\" style=\"width: 22px;\" src=\"https:\/\/sh.no\/wp-content\/uploads\/2024\/10\/noun-email-7296944.svg\" alt=\"\"> <a href=\"mailto:post@sh.no\">post@sh.no<\/a><\/p>\n\n\n\n<p class=\"center-aligned\"><img loading=\"lazy\" decoding=\"async\" width=\"22\" height=\"22\" class=\"wp-image-1090\" style=\"width: 22px;\" src=\"https:\/\/sh.no\/wp-content\/uploads\/2024\/10\/noun-phone-7296927.svg\" alt=\"\"><a href=\"tel: (+47) 23 03 68 20\">(+47) 23 03 68 20<\/a><\/p>\n<\/div>\n<\/div>\n<\/div>\n<\/div>\n\n\n\n<div class=\"wp-block-group has-base-background-color has-background has-global-padding is-layout-constrained wp-container-core-group-is-layout-c7f1f1dc wp-block-group-is-layout-constrained\" style=\"margin-top:0;margin-bottom:0;padding-top:var(--wp--preset--spacing--40);padding-right:0;padding-bottom:var(--wp--preset--spacing--40);padding-left:0\">\n<div style=\"height:30px\" aria-hidden=\"true\" class=\"wp-block-spacer\"><\/div>\n\n\n\n<p class=\"has-text-align-center has-lydian-bt-font-family has-x-large-font-size\">AS YOUR SUPPLIER, WE OFFER<\/p>\n\n\n\n<div style=\"height:30px\" aria-hidden=\"true\" class=\"wp-block-spacer\"><\/div>\n\n\n\n<div class=\"wp-block-columns is-layout-flex wp-container-core-columns-is-layout-ae29533c wp-block-columns-is-layout-flex\" style=\"padding-top:var(--wp--preset--spacing--20);padding-bottom:var(--wp--preset--spacing--20)\">\n<div class=\"wp-block-column is-vertically-aligned-center is-layout-flow wp-container-core-column-is-layout-119bc444 wp-block-column-is-layout-flow\" style=\"flex-basis:50%\">\n<ul class=\"wp-block-list\">\n<li>Norway's widest range of speciality coffees, from classic blends to unique micro lots.<\/li>\n\n\n\n<li>A tea assortment with over 100 teas.<\/li>\n\n\n\n<li>A large selection of chocolate and other sweet temptations.<\/li>\n\n\n\n<li>Espresso machines from Dalla Corte, for purchase or hire.<\/li>\n\n\n\n<li>Brewing equipment and accessories to suit your hospitality concept.<\/li>\n\n\n\n<li>Sales-triggering campaigns with coffee, tea and accessories for Christmas, winter, Easter, summer and autumn.<\/li>\n\n\n\n<li>A dedicated sales contact to follow up with you.<\/li>\n\n\n\n<li>Exclusive courses in espresso, latte art, tea, iced drinks and upselling.<\/li>\n<\/ul>\n\n\n\n<div class=\"wp-block-buttons is-layout-flex wp-block-buttons-is-layout-flex\">\n<div class=\"wp-block-button\"><a class=\"wp-block-button__link has-white-color has-dark-green-background-color has-text-color has-background has-link-color wp-element-button\" href=\"https:\/\/b2bshop.sh.no\/Kunderegistrering\/?webshop=b2bshop\">Become a customer here <img loading=\"lazy\" decoding=\"async\" width=\"20\" height=\"17\" class=\"wp-image-178\" style=\"width: 20px;\" src=\"https:\/\/sh.no\/wp-content\/uploads\/2024\/09\/arrow-left-white.svg\" alt=\"\"><\/a><\/div>\n<\/div>\n\n\n\n<div style=\"height:10px\" aria-hidden=\"true\" class=\"wp-block-spacer\"><\/div>\n<\/div>\n\n\n\n<div class=\"wp-block-column has-global-padding is-content-justification-left is-layout-constrained wp-container-core-column-is-layout-7cef470d wp-block-column-is-layout-constrained\" style=\"flex-basis:50%\">\n<figure class=\"wp-block-image size-full is-style-rounded is-style-rounded--1\"><img loading=\"lazy\" decoding=\"async\" width=\"1418\" height=\"1418\" src=\"https:\/\/sh.no\/wp-content\/uploads\/2025\/05\/sogh_250322_0324-edited.jpg\" alt=\"\" class=\"wp-image-7692\" style=\"aspect-ratio:1;object-fit:cover\" srcset=\"https:\/\/sh.no\/wp-content\/uploads\/2025\/05\/sogh_250322_0324-edited.jpg 1418w, https:\/\/sh.no\/wp-content\/uploads\/2025\/05\/sogh_250322_0324-edited-300x300.jpg 300w, https:\/\/sh.no\/wp-content\/uploads\/2025\/05\/sogh_250322_0324-edited-1024x1024.jpg 1024w, https:\/\/sh.no\/wp-content\/uploads\/2025\/05\/sogh_250322_0324-edited-150x150.jpg 150w, https:\/\/sh.no\/wp-content\/uploads\/2025\/05\/sogh_250322_0324-edited-768x768.jpg 768w, https:\/\/sh.no\/wp-content\/uploads\/2025\/05\/sogh_250322_0324-edited-12x12.jpg 12w\" sizes=\"auto, (max-width: 1418px) 100vw, 1418px\" \/><\/figure>\n<\/div>\n<\/div>\n\n\n\n<div style=\"height:48px\" aria-hidden=\"true\" class=\"wp-block-spacer\"><\/div>\n\n\n\n<div style=\"height:30px\" aria-hidden=\"true\" class=\"wp-block-spacer\"><\/div>\n<\/div>\n\n\n\n<div class=\"wp-block-cover alignfull\"><img loading=\"lazy\" decoding=\"async\" width=\"2560\" height=\"1707\" class=\"wp-block-cover__image-background wp-image-7195\" alt=\"\" src=\"https:\/\/sh.no\/wp-content\/uploads\/2025\/04\/sogh_250322_0238-scaled.jpg\" style=\"object-position:52% 63%\" data-object-fit=\"cover\" data-object-position=\"52% 63%\" srcset=\"https:\/\/sh.no\/wp-content\/uploads\/2025\/04\/sogh_250322_0238-scaled.jpg 2560w, https:\/\/sh.no\/wp-content\/uploads\/2025\/04\/sogh_250322_0238-300x200.jpg 300w, https:\/\/sh.no\/wp-content\/uploads\/2025\/04\/sogh_250322_0238-1024x683.jpg 1024w, https:\/\/sh.no\/wp-content\/uploads\/2025\/04\/sogh_250322_0238-768x512.jpg 768w, https:\/\/sh.no\/wp-content\/uploads\/2025\/04\/sogh_250322_0238-1536x1024.jpg 1536w, https:\/\/sh.no\/wp-content\/uploads\/2025\/04\/sogh_250322_0238-2048x1365.jpg 2048w, https:\/\/sh.no\/wp-content\/uploads\/2025\/04\/sogh_250322_0238-18x12.jpg 18w\" sizes=\"auto, (max-width: 2560px) 100vw, 2560px\" \/><span aria-hidden=\"true\" class=\"wp-block-cover__background has-dark-grey-background-color has-background-dim-60 has-background-dim\"><\/span><div class=\"wp-block-cover__inner-container has-global-padding is-layout-constrained wp-block-cover-is-layout-constrained\">\n<div class=\"wp-block-columns is-layout-flex wp-container-core-columns-is-layout-28f84493 wp-block-columns-is-layout-flex\">\n<div class=\"wp-block-column is-layout-flow wp-block-column-is-layout-flow\" style=\"flex-basis:15%\"><\/div>\n\n\n\n<div class=\"wp-block-column is-layout-flow wp-block-column-is-layout-flow\">\n<h2 class=\"wp-block-heading has-text-align-center\">Solberg &amp; Hansen is a proud supplier of espresso machines from Dalla Corte<\/h2>\n<\/div>\n\n\n\n<div class=\"wp-block-column is-layout-flow wp-block-column-is-layout-flow\" style=\"flex-basis:15%\"><\/div>\n<\/div>\n\n\n\n<div style=\"height:20px\" aria-hidden=\"true\" class=\"wp-block-spacer\"><\/div>\n\n\n\n<div class=\"wp-block-buttons is-content-justification-center is-layout-flex wp-container-core-buttons-is-layout-a89b3969 wp-block-buttons-is-layout-flex\">\n<div class=\"wp-block-button\"><a class=\"wp-block-button__link has-dark-green-background-color has-background has-small-font-size has-text-align-center has-custom-font-size wp-element-button\" href=\"https:\/\/b2bshop.sh.no\/kategori\/tilbehor#&amp;&amp;MGvjJpgAL5+jccouJwKMC+DuThIhbSYG4Afg5GkDis+xPzA3VWkudMlWvDAkAnRV4nunFtIypHQnc3K0D+QnYze\/ZLxM8bpSg\/un238QDWFVb2CsT2eqvD7R\/LbCGq31+tj4VDQRCuH7kvYp0kCf5g==\">Read more about the machines here  <img loading=\"lazy\" decoding=\"async\" width=\"20\" height=\"17\" class=\"wp-image-178\" style=\"width: 20px;\" src=\"https:\/\/sh.no\/wp-content\/uploads\/2024\/09\/arrow-left-white.svg\" alt=\"\"><\/a><\/div>\n<\/div>\n<\/div><\/div>","protected":false},"excerpt":{"rendered":"<p>SERVERING Kaffe, te og tilbeh\u00f8r til ditt serveringssted Driver du en kaffebar, restaurant eller bakeri? Da kan du nyte godt av landets st\u00f8rste utvalg i nybrent kvalitetskaffe hos Solberg &amp; Hansen. Bli kunde hos oss om du \u00f8nsker kaffe, te og tilbeh\u00f8r i verdensklasse, med f\u00f8rsteklasses service. Her finner du v\u00e5re salgs- og leveringsbetingelser. Har [&hellip;]<\/p>\n","protected":false},"author":1,"featured_media":0,"parent":217,"menu_order":0,"comment_status":"closed","ping_status":"closed","template":"","meta":{"_acf_changed":false,"inline_featured_image":false,"footnotes":""},"class_list":["post-1179","page","type-page","status-publish","hentry"],"acf":[],"yoast_head":"<!-- This site is optimized with the Yoast SEO plugin v27.4 - https:\/\/yoast.com\/product\/yoast-seo-wordpress\/ -->\n<title>Kaffeleverand\u00f8r til serveringssted - Solberg og Hansen<\/title>\n<meta name=\"description\" content=\"Kaffebar, restaurant eller bakeri? Velg Solberg &amp; Hansen som kaffeleverand\u00f8r til ditt serveringssted og f\u00e5 landets st\u00f8rste utvalg av nybrent kvalitetskaffe.\" \/>\n<meta name=\"robots\" content=\"index, follow, max-snippet:-1, max-image-preview:large, max-video-preview:-1\" \/>\n<link rel=\"canonical\" href=\"https:\/\/sh.no\/en\/coffee-supplier\/serving\/\" \/>\n<meta property=\"og:locale\" content=\"en_GB\" \/>\n<meta property=\"og:type\" content=\"article\" \/>\n<meta property=\"og:title\" content=\"Kaffeleverand\u00f8r til serveringssted - Solberg og Hansen\" \/>\n<meta property=\"og:description\" content=\"Kaffebar, restaurant eller bakeri? Velg Solberg &amp; Hansen som kaffeleverand\u00f8r til ditt serveringssted og f\u00e5 landets st\u00f8rste utvalg av nybrent kvalitetskaffe.\" \/>\n<meta property=\"og:url\" content=\"https:\/\/sh.no\/en\/coffee-supplier\/serving\/\" \/>\n<meta property=\"og:site_name\" content=\"Solberg og Hansen\" \/>\n<meta property=\"article:modified_time\" content=\"2025-09-10T09:28:45+00:00\" \/>\n<meta property=\"og:image\" content=\"https:\/\/sh.no\/wp-content\/uploads\/2015\/10\/sogh_230323_0323-scaled-e1745326539383.jpg\" \/>\n\t<meta property=\"og:image:width\" content=\"2560\" \/>\n\t<meta property=\"og:image:height\" content=\"1566\" \/>\n\t<meta property=\"og:image:type\" content=\"image\/jpeg\" \/>\n<meta name=\"twitter:card\" content=\"summary_large_image\" \/>\n<meta name=\"twitter:label1\" content=\"Est. reading time\" \/>\n\t<meta name=\"twitter:data1\" content=\"3 minutes\" \/>\n<script type=\"application\/ld+json\" class=\"yoast-schema-graph\">{\"@context\":\"https:\\\/\\\/schema.org\",\"@graph\":[{\"@type\":\"WebPage\",\"@id\":\"https:\\\/\\\/sh.no\\\/kaffeleverandor\\\/servering\\\/\",\"url\":\"https:\\\/\\\/sh.no\\\/kaffeleverandor\\\/servering\\\/\",\"name\":\"Kaffeleverand\u00f8r til serveringssted - Solberg og Hansen\",\"isPartOf\":{\"@id\":\"https:\\\/\\\/sh.no\\\/#website\"},\"primaryImageOfPage\":{\"@id\":\"https:\\\/\\\/sh.no\\\/kaffeleverandor\\\/servering\\\/#primaryimage\"},\"image\":{\"@id\":\"https:\\\/\\\/sh.no\\\/kaffeleverandor\\\/servering\\\/#primaryimage\"},\"thumbnailUrl\":\"https:\\\/\\\/sh.no\\\/wp-content\\\/uploads\\\/2015\\\/10\\\/sogh_230323_0323-scaled.jpg\",\"datePublished\":\"2024-10-11T12:08:19+00:00\",\"dateModified\":\"2025-09-10T09:28:45+00:00\",\"description\":\"Kaffebar, restaurant eller bakeri? Velg Solberg & Hansen som kaffeleverand\u00f8r til ditt serveringssted og f\u00e5 landets st\u00f8rste utvalg av nybrent kvalitetskaffe.\",\"breadcrumb\":{\"@id\":\"https:\\\/\\\/sh.no\\\/kaffeleverandor\\\/servering\\\/#breadcrumb\"},\"inLanguage\":\"en-GB\",\"potentialAction\":[{\"@type\":\"ReadAction\",\"target\":[\"https:\\\/\\\/sh.no\\\/kaffeleverandor\\\/servering\\\/\"]}]},{\"@type\":\"ImageObject\",\"inLanguage\":\"en-GB\",\"@id\":\"https:\\\/\\\/sh.no\\\/kaffeleverandor\\\/servering\\\/#primaryimage\",\"url\":\"https:\\\/\\\/sh.no\\\/wp-content\\\/uploads\\\/2015\\\/10\\\/sogh_230323_0323-scaled.jpg\",\"contentUrl\":\"https:\\\/\\\/sh.no\\\/wp-content\\\/uploads\\\/2015\\\/10\\\/sogh_230323_0323-scaled.jpg\"},{\"@type\":\"BreadcrumbList\",\"@id\":\"https:\\\/\\\/sh.no\\\/kaffeleverandor\\\/servering\\\/#breadcrumb\",\"itemListElement\":[{\"@type\":\"ListItem\",\"position\":1,\"name\":\"Hjem\",\"item\":\"https:\\\/\\\/sh.no\\\/\"},{\"@type\":\"ListItem\",\"position\":2,\"name\":\"Bedriftskunde\",\"item\":\"https:\\\/\\\/sh.no\\\/kaffeleverandor\\\/\"},{\"@type\":\"ListItem\",\"position\":3,\"name\":\"Servering\"}]},{\"@type\":\"WebSite\",\"@id\":\"https:\\\/\\\/sh.no\\\/#website\",\"url\":\"https:\\\/\\\/sh.no\\\/\",\"name\":\"Solberg og Hansen\",\"description\":\"Inspirert av smak siden 1879\",\"publisher\":{\"@id\":\"https:\\\/\\\/sh.no\\\/#organization\"},\"potentialAction\":[{\"@type\":\"SearchAction\",\"target\":{\"@type\":\"EntryPoint\",\"urlTemplate\":\"https:\\\/\\\/sh.no\\\/?s={search_term_string}\"},\"query-input\":{\"@type\":\"PropertyValueSpecification\",\"valueRequired\":true,\"valueName\":\"search_term_string\"}}],\"inLanguage\":\"en-GB\"},{\"@type\":\"Organization\",\"@id\":\"https:\\\/\\\/sh.no\\\/#organization\",\"name\":\"Solberg og Hansen\",\"url\":\"https:\\\/\\\/sh.no\\\/\",\"logo\":{\"@type\":\"ImageObject\",\"inLanguage\":\"en-GB\",\"@id\":\"https:\\\/\\\/sh.no\\\/#\\\/schema\\\/logo\\\/image\\\/\",\"url\":\"https:\\\/\\\/sh.no\\\/wp-content\\\/uploads\\\/2024\\\/12\\\/SH_logo-1.svg\",\"contentUrl\":\"https:\\\/\\\/sh.no\\\/wp-content\\\/uploads\\\/2024\\\/12\\\/SH_logo-1.svg\",\"width\":453,\"height\":331,\"caption\":\"Solberg og Hansen\"},\"image\":{\"@id\":\"https:\\\/\\\/sh.no\\\/#\\\/schema\\\/logo\\\/image\\\/\"}}]}<\/script>\n<!-- \/ Yoast SEO plugin. -->","yoast_head_json":{"title":"Coffee supplier for hospitality - Solberg og Hansen","description":"Coffee shop, restaurant or bakery? Choose Solberg &amp; Hansen as your coffee supplier and get the country's largest selection of freshly roasted quality coffee.","robots":{"index":"index","follow":"follow","max-snippet":"max-snippet:-1","max-image-preview":"max-image-preview:large","max-video-preview":"max-video-preview:-1"},"canonical":"https:\/\/sh.no\/en\/coffee-supplier\/serving\/","og_locale":"en_GB","og_type":"article","og_title":"Kaffeleverand\u00f8r til serveringssted - Solberg og Hansen","og_description":"Kaffebar, restaurant eller bakeri? Velg Solberg & Hansen som kaffeleverand\u00f8r til ditt serveringssted og f\u00e5 landets st\u00f8rste utvalg av nybrent kvalitetskaffe.","og_url":"https:\/\/sh.no\/en\/coffee-supplier\/serving\/","og_site_name":"Solberg og Hansen","article_modified_time":"2025-09-10T09:28:45+00:00","og_image":[{"width":2560,"height":1566,"url":"https:\/\/sh.no\/wp-content\/uploads\/2015\/10\/sogh_230323_0323-scaled-e1745326539383.jpg","type":"image\/jpeg"}],"twitter_card":"summary_large_image","twitter_misc":{"Est. reading time":"3 minutes"},"schema":{"@context":"https:\/\/schema.org","@graph":[{"@type":"WebPage","@id":"https:\/\/sh.no\/kaffeleverandor\/servering\/","url":"https:\/\/sh.no\/kaffeleverandor\/servering\/","name":"Coffee supplier for hospitality - Solberg og Hansen","isPartOf":{"@id":"https:\/\/sh.no\/#website"},"primaryImageOfPage":{"@id":"https:\/\/sh.no\/kaffeleverandor\/servering\/#primaryimage"},"image":{"@id":"https:\/\/sh.no\/kaffeleverandor\/servering\/#primaryimage"},"thumbnailUrl":"https:\/\/sh.no\/wp-content\/uploads\/2015\/10\/sogh_230323_0323-scaled.jpg","datePublished":"2024-10-11T12:08:19+00:00","dateModified":"2025-09-10T09:28:45+00:00","description":"Coffee shop, restaurant or bakery? Choose Solberg &amp; Hansen as your coffee supplier and get the country's largest selection of freshly roasted quality coffee.","breadcrumb":{"@id":"https:\/\/sh.no\/kaffeleverandor\/servering\/#breadcrumb"},"inLanguage":"en-GB","potentialAction":[{"@type":"ReadAction","target":["https:\/\/sh.no\/kaffeleverandor\/servering\/"]}]},{"@type":"ImageObject","inLanguage":"en-GB","@id":"https:\/\/sh.no\/kaffeleverandor\/servering\/#primaryimage","url":"https:\/\/sh.no\/wp-content\/uploads\/2015\/10\/sogh_230323_0323-scaled.jpg","contentUrl":"https:\/\/sh.no\/wp-content\/uploads\/2015\/10\/sogh_230323_0323-scaled.jpg"},{"@type":"BreadcrumbList","@id":"https:\/\/sh.no\/kaffeleverandor\/servering\/#breadcrumb","itemListElement":[{"@type":"ListItem","position":1,"name":"Hjem","item":"https:\/\/sh.no\/"},{"@type":"ListItem","position":2,"name":"Bedriftskunde","item":"https:\/\/sh.no\/kaffeleverandor\/"},{"@type":"ListItem","position":3,"name":"Servering"}]},{"@type":"WebSite","@id":"https:\/\/sh.no\/#website","url":"https:\/\/sh.no\/","name":"Solberg and Hansen","description":"Inspired by flavour since 1879","publisher":{"@id":"https:\/\/sh.no\/#organization"},"potentialAction":[{"@type":"SearchAction","target":{"@type":"EntryPoint","urlTemplate":"https:\/\/sh.no\/?s={search_term_string}"},"query-input":{"@type":"PropertyValueSpecification","valueRequired":true,"valueName":"search_term_string"}}],"inLanguage":"en-GB"},{"@type":"Organization","@id":"https:\/\/sh.no\/#organization","name":"Solberg and Hansen","url":"https:\/\/sh.no\/","logo":{"@type":"ImageObject","inLanguage":"en-GB","@id":"https:\/\/sh.no\/#\/schema\/logo\/image\/","url":"https:\/\/sh.no\/wp-content\/uploads\/2024\/12\/SH_logo-1.svg","contentUrl":"https:\/\/sh.no\/wp-content\/uploads\/2024\/12\/SH_logo-1.svg","width":453,"height":331,"caption":"Solberg og Hansen"},"image":{"@id":"https:\/\/sh.no\/#\/schema\/logo\/image\/"}}]}},"_links":{"self":[{"href":"https:\/\/sh.no\/en\/wp-json\/wp\/v2\/pages\/1179","targetHints":{"allow":["GET"]}}],"collection":[{"href":"https:\/\/sh.no\/en\/wp-json\/wp\/v2\/pages"}],"about":[{"href":"https:\/\/sh.no\/en\/wp-json\/wp\/v2\/types\/page"}],"author":[{"embeddable":true,"href":"https:\/\/sh.no\/en\/wp-json\/wp\/v2\/users\/1"}],"replies":[{"embeddable":true,"href":"https:\/\/sh.no\/en\/wp-json\/wp\/v2\/comments?post=1179"}],"version-history":[{"count":57,"href":"https:\/\/sh.no\/en\/wp-json\/wp\/v2\/pages\/1179\/revisions"}],"predecessor-version":[{"id":8969,"href":"https:\/\/sh.no\/en\/wp-json\/wp\/v2\/pages\/1179\/revisions\/8969"}],"up":[{"embeddable":true,"href":"https:\/\/sh.no\/en\/wp-json\/wp\/v2\/pages\/217"}],"wp:attachment":[{"href":"https:\/\/sh.no\/en\/wp-json\/wp\/v2\/media?parent=1179"}],"curies":[{"name":"wp","href":"https:\/\/api.w.org\/{rel}","templated":true}]}}