{"id":1222,"date":"2024-10-11T14:41:27","date_gmt":"2024-10-11T12:41:27","guid":{"rendered":"https:\/\/sh.no\/?page_id=1222"},"modified":"2025-09-10T11:28:24","modified_gmt":"2025-09-10T09:28:24","slug":"shop","status":"publish","type":"page","link":"https:\/\/sh.no\/en\/kaffeleverandor\/butikk\/","title":{"rendered":"Shops"},"content":{"rendered":"\n<div class=\"wp-block-group alignfull has-grey-background-color has-background has-global-padding is-layout-constrained wp-block-group-is-layout-constrained\">\n<div class=\"wp-block-group alignfull has-global-padding is-layout-constrained wp-container-core-group-is-layout-669513ed wp-block-group-is-layout-constrained\" style=\"margin-top:0;margin-bottom:0;padding-top:var(--wp--preset--spacing--50);padding-right:var(--wp--preset--spacing--50);padding-bottom:var(--wp--preset--spacing--50);padding-left:var(--wp--preset--spacing--50)\">\n<div style=\"height:130px\" aria-hidden=\"true\" class=\"wp-block-spacer hide-mobile\"><\/div>\n\n\n\n<div style=\"height:70px\" aria-hidden=\"true\" class=\"wp-block-spacer hide-large\"><\/div>\n\n\n\n<div style=\"height:40px\" aria-hidden=\"true\" class=\"wp-block-spacer\"><\/div>\n\n\n\n<div class=\"wp-block-columns is-layout-flex wp-container-core-columns-is-layout-ec2e7a44 wp-block-columns-is-layout-flex\" style=\"padding-top:0;padding-bottom:0\">\n<div class=\"wp-block-column is-layout-flow wp-block-column-is-layout-flow\">\n<p class=\"border-left has-gt-america-mono-font-family wp-container-content-0733e5d0\">BUTIKK<\/p>\n<\/div>\n<\/div>\n\n\n\n<div style=\"height:20px\" aria-hidden=\"true\" class=\"wp-block-spacer\"><\/div>\n\n\n\n<div style=\"height:20px\" aria-hidden=\"true\" class=\"wp-block-spacer hide-mobile\"><\/div>\n\n\n\n<div class=\"wp-block-columns is-layout-flex wp-container-core-columns-is-layout-28f84493 wp-block-columns-is-layout-flex\">\n<div class=\"wp-block-column is-layout-flow wp-block-column-is-layout-flow\" style=\"flex-basis:40%\">\n<h1 class=\"wp-block-heading\">Et fristende sortiment til din butikk<\/h1>\n<\/div>\n\n\n\n<div class=\"wp-block-column hide-mobile is-layout-flow wp-block-column-is-layout-flow\" style=\"flex-basis:10%\"><\/div>\n\n\n\n<div class=\"wp-block-column is-layout-flow wp-block-column-is-layout-flow\" style=\"flex-basis:50%\">\n<p class=\"has-heading-font-family has-medium-font-size\" style=\"line-height:1.2\">\u00d8nsker \u00e5 berike utvalget med f\u00f8rsteklasses te- og kaffesmaker? Solberg &amp; Hansen kan tilby Norges bredeste sortiment innen spesialkaffe og te.<\/p>\n<\/div>\n<\/div>\n\n\n\n<div style=\"height:45px\" aria-hidden=\"true\" class=\"wp-block-spacer hide-mobile\"><\/div>\n\n\n\n<div style=\"height:20px\" aria-hidden=\"true\" class=\"wp-block-spacer\"><\/div>\n\n\n\n<div class=\"wp-block-columns is-layout-flex wp-container-core-columns-is-layout-28f84493 wp-block-columns-is-layout-flex\">\n<div class=\"wp-block-column is-vertically-aligned-top border-radius is-layout-flow wp-block-column-is-layout-flow\" style=\"padding-top:0;padding-right:0;padding-bottom:0;padding-left:0;flex-basis:40%\">\n<div class=\"wp-block-cover is-light has-aspect-ratio\" style=\"border-radius:15px;aspect-ratio:4\/3;min-height:unset;\"><img loading=\"lazy\" decoding=\"async\" width=\"2048\" height=\"2560\" class=\"wp-block-cover__image-background wp-image-7164\" alt=\"\" src=\"https:\/\/sh.no\/wp-content\/uploads\/2025\/04\/sogh_290824_0567-scaled.jpg\" data-object-fit=\"cover\" srcset=\"https:\/\/sh.no\/wp-content\/uploads\/2025\/04\/sogh_290824_0567-scaled.jpg 2048w, https:\/\/sh.no\/wp-content\/uploads\/2025\/04\/sogh_290824_0567-240x300.jpg 240w, https:\/\/sh.no\/wp-content\/uploads\/2025\/04\/sogh_290824_0567-819x1024.jpg 819w, https:\/\/sh.no\/wp-content\/uploads\/2025\/04\/sogh_290824_0567-768x960.jpg 768w, https:\/\/sh.no\/wp-content\/uploads\/2025\/04\/sogh_290824_0567-1229x1536.jpg 1229w, https:\/\/sh.no\/wp-content\/uploads\/2025\/04\/sogh_290824_0567-1638x2048.jpg 1638w, https:\/\/sh.no\/wp-content\/uploads\/2025\/04\/sogh_290824_0567-10x12.jpg 10w\" sizes=\"auto, (max-width: 2048px) 100vw, 2048px\" \/><span aria-hidden=\"true\" class=\"wp-block-cover__background has-background-dim-0 has-background-dim\" style=\"background-color:#ada395\"><\/span><div class=\"wp-block-cover__inner-container has-global-padding is-layout-constrained wp-block-cover-is-layout-constrained\">\n<p class=\"has-text-align-center has-large-font-size\"><\/p>\n<\/div><\/div>\n<\/div>\n\n\n\n<div class=\"wp-block-column padding-box-mobile border-radius has-light-beige-background-color has-background is-layout-flow wp-block-column-is-layout-flow\" style=\"padding-top:var(--wp--preset--spacing--40);padding-right:var(--wp--preset--spacing--30);padding-bottom:var(--wp--preset--spacing--30);padding-left:var(--wp--preset--spacing--30);flex-basis:30%\">\n<p class=\"has-medium-font-size\">Bli kunde hos oss om du \u00f8nsker kaffe, te og tilbeh\u00f8r i verdensklasse, med f\u00f8rsteklasses service.<\/p>\n\n\n\n<div class=\"wp-block-buttons is-layout-flex wp-block-buttons-is-layout-flex\">\n<div class=\"wp-block-button\"><a class=\"wp-block-button__link has-white-color has-dark-green-background-color has-text-color has-background has-link-color wp-element-button\" href=\"https:\/\/b2bshop.sh.no\/Kunderegistrering\/?webshop=b2bshop\">Bli kunde her<img loading=\"lazy\" decoding=\"async\" width=\"20\" height=\"17\" class=\"wp-image-178\" style=\"width: 20px;\" src=\"https:\/\/sh.no\/wp-content\/uploads\/2024\/09\/arrow-left-white.svg\" alt=\"\"><\/a><\/div>\n<\/div>\n<\/div>\n\n\n\n<div class=\"wp-block-column padding-box-mobile border-radius has-light-beige-background-color has-background is-layout-flow wp-block-column-is-layout-flow\" style=\"padding-top:var(--wp--preset--spacing--40);padding-right:var(--wp--preset--spacing--20);padding-bottom:var(--wp--preset--spacing--30);padding-left:var(--wp--preset--spacing--30);flex-basis:30%\">\n<p>Her finner du v\u00e5re <a href=\"https:\/\/indd.adobe.com\/view\/4b57d9c9-e5dc-4a1e-b358-693f1be6ca9c\">salgs- og leveringsbetingelser<\/a>.<\/p>\n\n\n\n<div style=\"height:5px\" aria-hidden=\"true\" class=\"wp-block-spacer\"><\/div>\n\n\n\n<p style=\"font-style:normal;font-weight:700\"><strong>Har du sp\u00f8rsm\u00e5l? Ta kontakt med oss:<\/strong><\/p>\n\n\n\n<p class=\"center-aligned\"><img loading=\"lazy\" decoding=\"async\" width=\"22\" height=\"19\" class=\"wp-image-1091\" style=\"width: 22px;\" src=\"https:\/\/sh.no\/wp-content\/uploads\/2024\/10\/noun-email-7296944.svg\" alt=\"\"> <a href=\"mailto:post@sh.no\">post@sh.no<\/a><\/p>\n\n\n\n<p class=\"center-aligned\"><img loading=\"lazy\" decoding=\"async\" width=\"22\" height=\"22\" class=\"wp-image-1090\" style=\"width: 22px;\" src=\"https:\/\/sh.no\/wp-content\/uploads\/2024\/10\/noun-phone-7296927.svg\" alt=\"\"><a href=\"tel: (+47) 23 03 68 20\">(+47) 23 03 68 20<\/a><\/p>\n<\/div>\n<\/div>\n<\/div>\n<\/div>\n\n\n\n<div class=\"wp-block-group has-base-background-color has-background has-global-padding is-layout-constrained wp-container-core-group-is-layout-c7f1f1dc wp-block-group-is-layout-constrained\" style=\"margin-top:0;margin-bottom:0;padding-top:var(--wp--preset--spacing--40);padding-right:0;padding-bottom:var(--wp--preset--spacing--40);padding-left:0\">\n<div style=\"height:30px\" aria-hidden=\"true\" class=\"wp-block-spacer\"><\/div>\n\n\n\n<p class=\"has-text-align-center has-lydian-bt-font-family has-x-large-font-size\">SOM DIN LEVERAND\u00d8R TILBYR VI<\/p>\n\n\n\n<div style=\"height:30px\" aria-hidden=\"true\" class=\"wp-block-spacer\"><\/div>\n\n\n\n<div class=\"wp-block-columns is-layout-flex wp-container-core-columns-is-layout-ae29533c wp-block-columns-is-layout-flex\" style=\"padding-top:var(--wp--preset--spacing--20);padding-bottom:var(--wp--preset--spacing--20)\">\n<div class=\"wp-block-column is-vertically-aligned-center is-layout-flow wp-container-core-column-is-layout-119bc444 wp-block-column-is-layout-flow\" style=\"flex-basis:50%\">\n<ul class=\"wp-block-list\">\n<li>Norges bredeste utvalg av spesialkaffe, fra klassiske blandinger til helt unike mikropartier. <\/li>\n\n\n\n<li>Et tesortiment med over 100 teer, som inkluderer alt fra fruktteer med bred appell, til noen av verdens mest eksklusive varianter.<\/li>\n\n\n\n<li>Et stort utvalg i sjokolade og andre s\u00f8te fristelser, slik at du enkelt kan komplettere utvalget i smakfulle varer. <\/li>\n\n\n\n<li>Tilbeh\u00f8r og diverse bryggeutstyr for kaffe og te.<\/li>\n\n\n\n<li>Salgsutl\u00f8sende kampanjer med kaffe, te og tilbeh\u00f8r til jul, vinter, p\u00e5ske, sommer og h\u00f8st.<\/li>\n\n\n\n<li>En dedikert kontakt som f\u00f8lger deg opp. V\u00e5rt lidenskapelige fagteam har lang erfaring fra kaffebransjen og vi kan garantere l\u00f8nnsom vekst og den ypperste produktkvalitet.<\/li>\n<\/ul>\n\n\n\n<div class=\"wp-block-buttons is-layout-flex wp-block-buttons-is-layout-flex\">\n<div class=\"wp-block-button\"><a class=\"wp-block-button__link has-white-color has-dark-green-background-color has-text-color has-background has-link-color wp-element-button\" href=\"https:\/\/b2bshop.sh.no\/\" target=\"_blank\" rel=\"noreferrer noopener\">Se v\u00e5r nettbutikk for hele sortimentet  <img loading=\"lazy\" decoding=\"async\" width=\"20\" height=\"17\" class=\"wp-image-178\" style=\"width: 20px;\" src=\"https:\/\/sh.no\/wp-content\/uploads\/2024\/09\/arrow-left-white.svg\" alt=\"\"><\/a><\/div>\n<\/div>\n\n\n\n<div style=\"height:5px\" aria-hidden=\"true\" class=\"wp-block-spacer\"><\/div>\n<\/div>\n\n\n\n<div class=\"wp-block-column has-global-padding is-content-justification-left is-layout-constrained wp-container-core-column-is-layout-7cef470d wp-block-column-is-layout-constrained\" style=\"flex-basis:50%\">\n<div class=\"wp-block-cb-carousel cb-single-slide\" data-slick=\"{&quot;slidesToShow&quot;:1,&quot;slidesToScroll&quot;:1,&quot;speed&quot;:300,&quot;arrows&quot;:true,&quot;dots&quot;:true,&quot;autoplay&quot;:false,&quot;autoplaySpeed&quot;:3000,&quot;infinite&quot;:false,&quot;responsive&quot;:[{&quot;breakpoint&quot;:769,&quot;settings&quot;:{&quot;slidesToShow&quot;:1,&quot;slidesToScroll&quot;:1}}]}\">\n<div class=\"wp-block-cb-slide\">\n<figure class=\"wp-block-image size-large is-style-rounded is-style-rounded--1\"><img loading=\"lazy\" decoding=\"async\" width=\"768\" height=\"1024\" src=\"https:\/\/sh.no\/wp-content\/uploads\/2025\/04\/sogh_110424_0268-edited-1-768x1024.jpg\" alt=\"\" class=\"wp-image-7184\" style=\"aspect-ratio:1;object-fit:cover\" srcset=\"https:\/\/sh.no\/wp-content\/uploads\/2025\/04\/sogh_110424_0268-edited-1-768x1024.jpg 768w, https:\/\/sh.no\/wp-content\/uploads\/2025\/04\/sogh_110424_0268-edited-1-225x300.jpg 225w, https:\/\/sh.no\/wp-content\/uploads\/2025\/04\/sogh_110424_0268-edited-1-1152x1536.jpg 1152w, https:\/\/sh.no\/wp-content\/uploads\/2025\/04\/sogh_110424_0268-edited-1-1536x2048.jpg 1536w, https:\/\/sh.no\/wp-content\/uploads\/2025\/04\/sogh_110424_0268-edited-1-9x12.jpg 9w, https:\/\/sh.no\/wp-content\/uploads\/2025\/04\/sogh_110424_0268-edited-1-scaled.jpg 1919w\" sizes=\"auto, (max-width: 768px) 100vw, 768px\" \/><figcaption class=\"wp-element-caption\">Sommer 2024<\/figcaption><\/figure>\n<\/div>\n\n\n\n<div class=\"wp-block-cb-slide\">\n<figure class=\"wp-block-image size-large is-style-rounded is-style-rounded--2\"><img loading=\"lazy\" decoding=\"async\" width=\"768\" height=\"1024\" src=\"https:\/\/sh.no\/wp-content\/uploads\/2025\/04\/sogh_040325_0159-edited-1-768x1024.jpg\" alt=\"\" class=\"wp-image-7185\" style=\"aspect-ratio:1;object-fit:cover\" srcset=\"https:\/\/sh.no\/wp-content\/uploads\/2025\/04\/sogh_040325_0159-edited-1-768x1024.jpg 768w, https:\/\/sh.no\/wp-content\/uploads\/2025\/04\/sogh_040325_0159-edited-1-225x300.jpg 225w, https:\/\/sh.no\/wp-content\/uploads\/2025\/04\/sogh_040325_0159-edited-1-1152x1536.jpg 1152w, https:\/\/sh.no\/wp-content\/uploads\/2025\/04\/sogh_040325_0159-edited-1-1536x2048.jpg 1536w, https:\/\/sh.no\/wp-content\/uploads\/2025\/04\/sogh_040325_0159-edited-1-9x12.jpg 9w, https:\/\/sh.no\/wp-content\/uploads\/2025\/04\/sogh_040325_0159-edited-1-scaled.jpg 1919w\" sizes=\"auto, (max-width: 768px) 100vw, 768px\" \/><figcaption class=\"wp-element-caption\">P\u00e5ske 2025<\/figcaption><\/figure>\n<\/div>\n\n\n\n<div class=\"wp-block-cb-slide\">\n<figure class=\"wp-block-image size-large is-style-rounded is-style-rounded--3\"><img loading=\"lazy\" decoding=\"async\" width=\"2560\" height=\"2560\" src=\"https:\/\/sh.no\/wp-content\/uploads\/2025\/05\/sogh_290824_0118-edited-scaled.jpg\" alt=\"\" class=\"wp-image-7702\" style=\"aspect-ratio:1;object-fit:cover\" srcset=\"https:\/\/sh.no\/wp-content\/uploads\/2025\/05\/sogh_290824_0118-edited-scaled.jpg 2560w, https:\/\/sh.no\/wp-content\/uploads\/2025\/05\/sogh_290824_0118-edited-300x300.jpg 300w, https:\/\/sh.no\/wp-content\/uploads\/2025\/05\/sogh_290824_0118-edited-1024x1024.jpg 1024w, https:\/\/sh.no\/wp-content\/uploads\/2025\/05\/sogh_290824_0118-edited-150x150.jpg 150w, https:\/\/sh.no\/wp-content\/uploads\/2025\/05\/sogh_290824_0118-edited-768x768.jpg 768w, https:\/\/sh.no\/wp-content\/uploads\/2025\/05\/sogh_290824_0118-edited-1536x1536.jpg 1536w, https:\/\/sh.no\/wp-content\/uploads\/2025\/05\/sogh_290824_0118-edited-2048x2048.jpg 2048w, https:\/\/sh.no\/wp-content\/uploads\/2025\/05\/sogh_290824_0118-edited-12x12.jpg 12w\" sizes=\"auto, (max-width: 2560px) 100vw, 2560px\" \/><figcaption class=\"wp-element-caption\">Jul 2024<\/figcaption><\/figure>\n<\/div>\n\n\n\n<div class=\"wp-block-cb-slide\">\n<figure class=\"wp-block-image size-large is-style-rounded is-style-rounded--4\"><img loading=\"lazy\" decoding=\"async\" width=\"2560\" height=\"2560\" src=\"https:\/\/sh.no\/wp-content\/uploads\/2025\/05\/sogh_040325_0260-edited-scaled.jpg\" alt=\"\" class=\"wp-image-7703\" srcset=\"https:\/\/sh.no\/wp-content\/uploads\/2025\/05\/sogh_040325_0260-edited-scaled.jpg 2560w, https:\/\/sh.no\/wp-content\/uploads\/2025\/05\/sogh_040325_0260-edited-300x300.jpg 300w, https:\/\/sh.no\/wp-content\/uploads\/2025\/05\/sogh_040325_0260-edited-1024x1024.jpg 1024w, https:\/\/sh.no\/wp-content\/uploads\/2025\/05\/sogh_040325_0260-edited-150x150.jpg 150w, https:\/\/sh.no\/wp-content\/uploads\/2025\/05\/sogh_040325_0260-edited-768x768.jpg 768w, https:\/\/sh.no\/wp-content\/uploads\/2025\/05\/sogh_040325_0260-edited-1536x1536.jpg 1536w, https:\/\/sh.no\/wp-content\/uploads\/2025\/05\/sogh_040325_0260-edited-2048x2048.jpg 2048w, https:\/\/sh.no\/wp-content\/uploads\/2025\/05\/sogh_040325_0260-edited-12x12.jpg 12w\" sizes=\"auto, (max-width: 2560px) 100vw, 2560px\" \/><figcaption class=\"wp-element-caption\">P\u00e5ske 2025<\/figcaption><\/figure>\n<\/div>\n<\/div>\n<\/div>\n<\/div>\n\n\n\n<div style=\"height:48px\" aria-hidden=\"true\" class=\"wp-block-spacer\"><\/div>\n\n\n\n<div style=\"height:30px\" aria-hidden=\"true\" class=\"wp-block-spacer\"><\/div>\n<\/div>\n\n\n\n<div class=\"wp-block-cover alignfull is-light has-parallax\"><div class=\"wp-block-cover__image-background wp-image-7716 size-full has-parallax\" style=\"background-position:50% 50%;background-image:url(https:\/\/sh.no\/wp-content\/uploads\/2025\/05\/sogh_290824_0526-scaled.jpg)\"><\/div><span aria-hidden=\"true\" class=\"wp-block-cover__background has-light-green-background-color has-background-dim-0 has-background-dim\"><\/span><div class=\"wp-block-cover__inner-container has-global-padding is-layout-constrained wp-block-cover-is-layout-constrained\">\n<p class=\"has-text-align-center has-white-color has-text-color has-link-color has-lydian-bt-font-family has-xx-large-font-size wp-elements-38266bfa31cd370c78f72eba1391a6ac\" style=\"margin-top:var(--wp--preset--spacing--30);margin-bottom:var(--wp--preset--spacing--30)\">Vi har Norges bredeste utvalg av spesialkaffe<\/p>\n\n\n\n<div class=\"wp-block-buttons is-content-justification-center is-layout-flex wp-container-core-buttons-is-layout-a89b3969 wp-block-buttons-is-layout-flex\">\n<div class=\"wp-block-button\"><a class=\"wp-block-button__link has-white-color has-dark-green-background-color has-text-color has-background has-link-color has-text-align-center wp-element-button\" href=\"https:\/\/sh.no\/kaffe\/\">Les mer om v\u00e5r kaffe her<img loading=\"lazy\" decoding=\"async\" width=\"20\" height=\"17\" class=\"wp-image-178\" style=\"width: 20px;\" src=\"https:\/\/sh.no\/wp-content\/uploads\/2024\/09\/arrow-left-white.svg\" alt=\"\"><\/a><\/div>\n<\/div>\n<\/div><\/div>\n","protected":false},"excerpt":{"rendered":"<p>BUTIKK Et fristende sortiment til din butikk \u00d8nsker \u00e5 berike utvalget med f\u00f8rsteklasses te- og kaffesmaker? Solberg &amp; Hansen kan tilby Norges bredeste sortiment innen spesialkaffe og te. Bli kunde hos oss om du \u00f8nsker kaffe, te og tilbeh\u00f8r i verdensklasse, med f\u00f8rsteklasses service. Her finner du v\u00e5re salgs- og leveringsbetingelser. Har du sp\u00f8rsm\u00e5l? Ta [&hellip;]<\/p>\n","protected":false},"author":1,"featured_media":0,"parent":217,"menu_order":0,"comment_status":"closed","ping_status":"closed","template":"","meta":{"_acf_changed":false,"inline_featured_image":false,"footnotes":""},"class_list":["post-1222","page","type-page","status-publish","hentry"],"acf":[],"yoast_head":"<!-- This site is optimized with the Yoast SEO plugin v27.4 - https:\/\/yoast.com\/product\/yoast-seo-wordpress\/ -->\n<title>Kaffeleverand\u00f8r til din butikk - Solberg og Hansen<\/title>\n<meta name=\"description\" content=\"Velg Solberg &amp; Hansen som kaffeleverand\u00f8r til din butikk og f\u00e5 tilgang til Norges bredeste sortiment innen spesialkaffe og te.\" \/>\n<meta name=\"robots\" content=\"index, follow, max-snippet:-1, max-image-preview:large, max-video-preview:-1\" \/>\n<link rel=\"canonical\" href=\"https:\/\/sh.no\/en\/coffee-supplier\/shop\/\" \/>\n<meta property=\"og:locale\" content=\"en_GB\" \/>\n<meta property=\"og:type\" content=\"article\" \/>\n<meta property=\"og:title\" content=\"Kaffeleverand\u00f8r til din butikk - Solberg og Hansen\" \/>\n<meta property=\"og:description\" content=\"Velg Solberg &amp; Hansen som kaffeleverand\u00f8r til din butikk og f\u00e5 tilgang til Norges bredeste sortiment innen spesialkaffe og te.\" \/>\n<meta property=\"og:url\" content=\"https:\/\/sh.no\/en\/coffee-supplier\/shop\/\" \/>\n<meta property=\"og:site_name\" content=\"Solberg og Hansen\" \/>\n<meta property=\"article:modified_time\" content=\"2025-09-10T09:28:24+00:00\" \/>\n<meta property=\"og:image\" content=\"https:\/\/sh.no\/wp-content\/uploads\/2025\/04\/sogh_290824_0567-scaled.jpg\" \/>\n\t<meta property=\"og:image:width\" content=\"2048\" \/>\n\t<meta property=\"og:image:height\" content=\"2560\" \/>\n\t<meta property=\"og:image:type\" content=\"image\/jpeg\" \/>\n<meta name=\"twitter:card\" content=\"summary_large_image\" \/>\n<meta name=\"twitter:label1\" content=\"Est. reading time\" \/>\n\t<meta name=\"twitter:data1\" content=\"4 minutes\" \/>\n<script type=\"application\/ld+json\" class=\"yoast-schema-graph\">{\"@context\":\"https:\\\/\\\/schema.org\",\"@graph\":[{\"@type\":\"WebPage\",\"@id\":\"https:\\\/\\\/sh.no\\\/kaffeleverandor\\\/butikk\\\/\",\"url\":\"https:\\\/\\\/sh.no\\\/kaffeleverandor\\\/butikk\\\/\",\"name\":\"Kaffeleverand\u00f8r til din butikk - Solberg og Hansen\",\"isPartOf\":{\"@id\":\"https:\\\/\\\/sh.no\\\/#website\"},\"primaryImageOfPage\":{\"@id\":\"https:\\\/\\\/sh.no\\\/kaffeleverandor\\\/butikk\\\/#primaryimage\"},\"image\":{\"@id\":\"https:\\\/\\\/sh.no\\\/kaffeleverandor\\\/butikk\\\/#primaryimage\"},\"thumbnailUrl\":\"https:\\\/\\\/sh.no\\\/wp-content\\\/uploads\\\/2025\\\/04\\\/sogh_290824_0567-scaled.jpg\",\"datePublished\":\"2024-10-11T12:41:27+00:00\",\"dateModified\":\"2025-09-10T09:28:24+00:00\",\"description\":\"Velg Solberg & Hansen som kaffeleverand\u00f8r til din butikk og f\u00e5 tilgang til Norges bredeste sortiment innen spesialkaffe og te.\",\"breadcrumb\":{\"@id\":\"https:\\\/\\\/sh.no\\\/kaffeleverandor\\\/butikk\\\/#breadcrumb\"},\"inLanguage\":\"en-GB\",\"potentialAction\":[{\"@type\":\"ReadAction\",\"target\":[\"https:\\\/\\\/sh.no\\\/kaffeleverandor\\\/butikk\\\/\"]}]},{\"@type\":\"ImageObject\",\"inLanguage\":\"en-GB\",\"@id\":\"https:\\\/\\\/sh.no\\\/kaffeleverandor\\\/butikk\\\/#primaryimage\",\"url\":\"https:\\\/\\\/sh.no\\\/wp-content\\\/uploads\\\/2025\\\/04\\\/sogh_290824_0567-scaled.jpg\",\"contentUrl\":\"https:\\\/\\\/sh.no\\\/wp-content\\\/uploads\\\/2025\\\/04\\\/sogh_290824_0567-scaled.jpg\"},{\"@type\":\"BreadcrumbList\",\"@id\":\"https:\\\/\\\/sh.no\\\/kaffeleverandor\\\/butikk\\\/#breadcrumb\",\"itemListElement\":[{\"@type\":\"ListItem\",\"position\":1,\"name\":\"Hjem\",\"item\":\"https:\\\/\\\/sh.no\\\/\"},{\"@type\":\"ListItem\",\"position\":2,\"name\":\"Bedriftskunde\",\"item\":\"https:\\\/\\\/sh.no\\\/kaffeleverandor\\\/\"},{\"@type\":\"ListItem\",\"position\":3,\"name\":\"Butikk\"}]},{\"@type\":\"WebSite\",\"@id\":\"https:\\\/\\\/sh.no\\\/#website\",\"url\":\"https:\\\/\\\/sh.no\\\/\",\"name\":\"Solberg og Hansen\",\"description\":\"Inspirert av smak siden 1879\",\"publisher\":{\"@id\":\"https:\\\/\\\/sh.no\\\/#organization\"},\"potentialAction\":[{\"@type\":\"SearchAction\",\"target\":{\"@type\":\"EntryPoint\",\"urlTemplate\":\"https:\\\/\\\/sh.no\\\/?s={search_term_string}\"},\"query-input\":{\"@type\":\"PropertyValueSpecification\",\"valueRequired\":true,\"valueName\":\"search_term_string\"}}],\"inLanguage\":\"en-GB\"},{\"@type\":\"Organization\",\"@id\":\"https:\\\/\\\/sh.no\\\/#organization\",\"name\":\"Solberg og Hansen\",\"url\":\"https:\\\/\\\/sh.no\\\/\",\"logo\":{\"@type\":\"ImageObject\",\"inLanguage\":\"en-GB\",\"@id\":\"https:\\\/\\\/sh.no\\\/#\\\/schema\\\/logo\\\/image\\\/\",\"url\":\"https:\\\/\\\/sh.no\\\/wp-content\\\/uploads\\\/2024\\\/12\\\/SH_logo-1.svg\",\"contentUrl\":\"https:\\\/\\\/sh.no\\\/wp-content\\\/uploads\\\/2024\\\/12\\\/SH_logo-1.svg\",\"width\":453,\"height\":331,\"caption\":\"Solberg og Hansen\"},\"image\":{\"@id\":\"https:\\\/\\\/sh.no\\\/#\\\/schema\\\/logo\\\/image\\\/\"}}]}<\/script>\n<!-- \/ Yoast SEO plugin. -->","yoast_head_json":{"title":"Coffee supplier for your store - Solberg og Hansen","description":"Choose Solberg &amp; Hansen as your store's coffee supplier and gain access to Norway's widest range of speciality coffees and teas.","robots":{"index":"index","follow":"follow","max-snippet":"max-snippet:-1","max-image-preview":"max-image-preview:large","max-video-preview":"max-video-preview:-1"},"canonical":"https:\/\/sh.no\/en\/coffee-supplier\/shop\/","og_locale":"en_GB","og_type":"article","og_title":"Kaffeleverand\u00f8r til din butikk - Solberg og Hansen","og_description":"Velg Solberg & Hansen som kaffeleverand\u00f8r til din butikk og f\u00e5 tilgang til Norges bredeste sortiment innen spesialkaffe og te.","og_url":"https:\/\/sh.no\/en\/coffee-supplier\/shop\/","og_site_name":"Solberg og Hansen","article_modified_time":"2025-09-10T09:28:24+00:00","og_image":[{"width":2048,"height":2560,"url":"https:\/\/sh.no\/wp-content\/uploads\/2025\/04\/sogh_290824_0567-scaled.jpg","type":"image\/jpeg"}],"twitter_card":"summary_large_image","twitter_misc":{"Est. reading time":"4 minutes"},"schema":{"@context":"https:\/\/schema.org","@graph":[{"@type":"WebPage","@id":"https:\/\/sh.no\/kaffeleverandor\/butikk\/","url":"https:\/\/sh.no\/kaffeleverandor\/butikk\/","name":"Coffee supplier for your store - Solberg og Hansen","isPartOf":{"@id":"https:\/\/sh.no\/#website"},"primaryImageOfPage":{"@id":"https:\/\/sh.no\/kaffeleverandor\/butikk\/#primaryimage"},"image":{"@id":"https:\/\/sh.no\/kaffeleverandor\/butikk\/#primaryimage"},"thumbnailUrl":"https:\/\/sh.no\/wp-content\/uploads\/2025\/04\/sogh_290824_0567-scaled.jpg","datePublished":"2024-10-11T12:41:27+00:00","dateModified":"2025-09-10T09:28:24+00:00","description":"Choose Solberg &amp; Hansen as your store's coffee supplier and gain access to Norway's widest range of speciality coffees and teas.","breadcrumb":{"@id":"https:\/\/sh.no\/kaffeleverandor\/butikk\/#breadcrumb"},"inLanguage":"en-GB","potentialAction":[{"@type":"ReadAction","target":["https:\/\/sh.no\/kaffeleverandor\/butikk\/"]}]},{"@type":"ImageObject","inLanguage":"en-GB","@id":"https:\/\/sh.no\/kaffeleverandor\/butikk\/#primaryimage","url":"https:\/\/sh.no\/wp-content\/uploads\/2025\/04\/sogh_290824_0567-scaled.jpg","contentUrl":"https:\/\/sh.no\/wp-content\/uploads\/2025\/04\/sogh_290824_0567-scaled.jpg"},{"@type":"BreadcrumbList","@id":"https:\/\/sh.no\/kaffeleverandor\/butikk\/#breadcrumb","itemListElement":[{"@type":"ListItem","position":1,"name":"Hjem","item":"https:\/\/sh.no\/"},{"@type":"ListItem","position":2,"name":"Bedriftskunde","item":"https:\/\/sh.no\/kaffeleverandor\/"},{"@type":"ListItem","position":3,"name":"Butikk"}]},{"@type":"WebSite","@id":"https:\/\/sh.no\/#website","url":"https:\/\/sh.no\/","name":"Solberg and Hansen","description":"Inspired by flavour since 1879","publisher":{"@id":"https:\/\/sh.no\/#organization"},"potentialAction":[{"@type":"SearchAction","target":{"@type":"EntryPoint","urlTemplate":"https:\/\/sh.no\/?s={search_term_string}"},"query-input":{"@type":"PropertyValueSpecification","valueRequired":true,"valueName":"search_term_string"}}],"inLanguage":"en-GB"},{"@type":"Organization","@id":"https:\/\/sh.no\/#organization","name":"Solberg and Hansen","url":"https:\/\/sh.no\/","logo":{"@type":"ImageObject","inLanguage":"en-GB","@id":"https:\/\/sh.no\/#\/schema\/logo\/image\/","url":"https:\/\/sh.no\/wp-content\/uploads\/2024\/12\/SH_logo-1.svg","contentUrl":"https:\/\/sh.no\/wp-content\/uploads\/2024\/12\/SH_logo-1.svg","width":453,"height":331,"caption":"Solberg og Hansen"},"image":{"@id":"https:\/\/sh.no\/#\/schema\/logo\/image\/"}}]}},"_links":{"self":[{"href":"https:\/\/sh.no\/en\/wp-json\/wp\/v2\/pages\/1222","targetHints":{"allow":["GET"]}}],"collection":[{"href":"https:\/\/sh.no\/en\/wp-json\/wp\/v2\/pages"}],"about":[{"href":"https:\/\/sh.no\/en\/wp-json\/wp\/v2\/types\/page"}],"author":[{"embeddable":true,"href":"https:\/\/sh.no\/en\/wp-json\/wp\/v2\/users\/1"}],"replies":[{"embeddable":true,"href":"https:\/\/sh.no\/en\/wp-json\/wp\/v2\/comments?post=1222"}],"version-history":[{"count":50,"href":"https:\/\/sh.no\/en\/wp-json\/wp\/v2\/pages\/1222\/revisions"}],"predecessor-version":[{"id":8966,"href":"https:\/\/sh.no\/en\/wp-json\/wp\/v2\/pages\/1222\/revisions\/8966"}],"up":[{"embeddable":true,"href":"https:\/\/sh.no\/en\/wp-json\/wp\/v2\/pages\/217"}],"wp:attachment":[{"href":"https:\/\/sh.no\/en\/wp-json\/wp\/v2\/media?parent=1222"}],"curies":[{"name":"wp","href":"https:\/\/api.w.org\/{rel}","templated":true}]}}