{"id":1787,"date":"2024-10-18T09:35:36","date_gmt":"2024-10-18T07:35:36","guid":{"rendered":"https:\/\/sh.no\/?page_id=1787"},"modified":"2025-07-04T15:42:03","modified_gmt":"2025-07-04T13:42:03","slug":"terms-of-sale-private","status":"publish","type":"page","link":"https:\/\/sh.no\/en\/salgsbetingelser-privat\/","title":{"rendered":"Terms of sale private"},"content":{"rendered":"<div class=\"wp-block-group alignfull has-custom-hvit-gr-nn-background-color has-background has-global-padding is-layout-constrained wp-block-group-is-layout-constrained\" style=\"padding-top:var(--wp--preset--spacing--50);padding-bottom:var(--wp--preset--spacing--50)\">\n<div style=\"height:130px\" aria-hidden=\"true\" class=\"wp-block-spacer hide-mobile\"><\/div>\n\n\n\n<div style=\"height:70px\" aria-hidden=\"true\" class=\"wp-block-spacer hide-large\"><\/div>\n\n\n\n<div style=\"height:70px\" aria-hidden=\"true\" class=\"wp-block-spacer\"><\/div>\n\n\n\n<div class=\"wp-block-group has-global-padding is-layout-constrained wp-block-group-is-layout-constrained\">\n<div class=\"wp-block-columns is-layout-flex wp-container-core-columns-is-layout-28f84493 wp-block-columns-is-layout-flex\">\n<div class=\"wp-block-column is-layout-flow wp-block-column-is-layout-flow\">\n<h2 class=\"wp-block-heading has-text-align-center has-lydian-bt-font-family\">Terms and conditions (private)<\/h2>\n\n\n\n<p class=\"has-text-align-center\">Solberg &amp; Hansen<\/p>\n<\/div>\n<\/div>\n<\/div>\n<\/div>\n\n\n\n<div style=\"height:25px\" aria-hidden=\"true\" class=\"wp-block-spacer hide-mobile\"><\/div>\n\n\n\n<div style=\"height:25px\" aria-hidden=\"true\" class=\"wp-block-spacer\"><\/div>\n\n\n\n<div class=\"wp-block-group has-global-padding is-layout-constrained wp-block-group-is-layout-constrained\">\n<div class=\"wp-block-group has-global-padding is-layout-constrained wp-container-core-group-is-layout-704e782a wp-block-group-is-layout-constrained\">\n<div class=\"wp-block-columns content-title-space is-layout-flex wp-container-core-columns-is-layout-28f84493 wp-block-columns-is-layout-flex\">\n<div class=\"wp-block-column is-layout-flow wp-block-column-is-layout-flow\">\n<h4 class=\"wp-block-heading\">General information<\/h4>\n\n\n\n<p>Solberg &amp; Hansen's online store offers our customers free shipping on all purchases over NOK 350. You have a 14-day right of cancellation on items purchased in the online store. This right of cancellation does not apply to items with an expiry date (such as coffee, tea and chocolate). You must be at least 18 years of age, or have your parents' consent, to be able to purchase goods. All information you share in connection with purchases is treated confidentially and we do not share any information with third parties. As a customer in the online store, you accept the terms of purchase that follow below.<\/p>\n\n\n\n<h4 class=\"wp-block-heading\">Ordering and contracting process.<\/h4>\n\n\n\n<p>Your order is binding when it is registered on our server. In the same way, Solberg &amp; Hansen is bound by your order if it does not deviate from what we offer in the online store. When you place an order, you will receive an order confirmation with a receipt. Please read the order confirmation carefully to ensure that it is in line with your order.<\/p>\n\n\n\n<h4 class=\"wp-block-heading\">Prices and shipping<\/h4>\n\n\n\n<p>We ship products to the whole of Norway and all prices in the online store include VAT. If you order goods for more than NOK 350, we will send the parcel free of charge. For orders under NOK 350, there is a shipping surcharge of NOK 59. Applicable prices for all products are determined by the price when ordering. We reserve the right to make technical and proofreading errors, as well as events beyond Solberg &amp; Hansen's control. All shipments are packed securely in packaging with the necessary protection and sent through our partner Bring. Delivery takes place in the manner, at the place and at the time described in the order confirmation and parcel tracking to Bring.<\/p>\n\n\n\n<h4 class=\"wp-block-heading\">Payment options<\/h4>\n\n\n\n<p>Through our card payment provider, Nets, you can use VISA and Mastercard when you shop as a private individual in the online store. Nets ensures fast, secure and encrypted payment that is charged to the card on the same day as the shipment is made. All information in connection with purchases is handled by NETS and will never be available to this online store.<\/p>\n\n\n\n<h4 class=\"wp-block-heading\">Right of cancellation<\/h4>\n\n\n\n<p>As a private customer of Solberg &amp; Hansen, you have a 14-day cancellation period on goods purchased in the online store. In the event of a return, you must pay for the shipment yourself and the product must be delivered in the same condition as you received it, with the original packaging from Solberg &amp; Hansen intact. Please note that the right of cancellation does not apply to products with an expiry date (such as coffee, tea and chocolate), cf. the Cancellation Act \u00a7 12 first paragraph.&nbsp;<a href=\"http:\/\/www.signform.no\/dss\/statlige-blanketter?view=form&amp;id=1096\" target=\"_blank\" rel=\"noreferrer noopener\">Click here for cancellation form<\/a><\/p>\n\n\n\n<h4 class=\"wp-block-heading\">Complaints<\/h4>\n\n\n\n<p>We hope you will be satisfied with the products you buy from us. If you discover a fault or defect, you must inform us of the fault within a reasonable time. You can demand rectification, receive a new, equivalent product or cancel the purchase. Complaints are in addition to the right of cancellation and must be made no later than two years after you received the item.<\/p>\n\n\n\n<h4 class=\"wp-block-heading\">Privacy policy<\/h4>\n\n\n\n<p>Solberg &amp; Hansen is responsible for all personal information you share in connection with purchases. This information is necessary to deliver goods to you through Bring, as well as being able to contact you if necessary in connection with your order. We are required to store this information in connection with accounting, tax handling and any warranty\/return handling. If you consent at the time of purchase, we may send news and promotions to your registered email address. We use cookies to customise offers and marketing of our products. Cookies can be switched off in the settings on your computer. Under no circumstances will the information be shared with third parties, and you have the right to see what information is stored about you. By purchasing, you accept the terms described above.<\/p>\n\n\n\n<h4 class=\"wp-block-heading\"><strong>Contact<\/strong><\/h4>\n\n\n\n<p>Do you have any questions regarding our terms and conditions? Feel free to contact us at&nbsp;<a href=\"mailto:post@sh.no\">post@sh.no<\/a><\/p>\n\n\n\n<p>Good deal!<\/p>\n<\/div>\n<\/div>\n\n\n\n<div style=\"height:100px\" aria-hidden=\"true\" class=\"wp-block-spacer\"><\/div>\n<\/div>\n<\/div>","protected":false},"excerpt":{"rendered":"<p>Betingelser og vilk\u00e5r (privat) Solberg &amp; Hansen Generelt Solberg &amp; Hansens nettbutikk tilbyr v\u00e5re kunder fri frakt p\u00e5 alle kj\u00f8p over kroner 350,-. Du har 14 dagers angrerett p\u00e5 varer som handles i nettbutikken. Denne angreretten gjelder ikke for varer med utl\u00f8psdato (som kaffe, te og sjokolade). Du m\u00e5 v\u00e6re fylt 18 \u00e5r, eventuelt ha [&hellip;]<\/p>\n","protected":false},"author":1,"featured_media":0,"parent":0,"menu_order":0,"comment_status":"closed","ping_status":"closed","template":"","meta":{"_acf_changed":false,"inline_featured_image":false,"footnotes":""},"class_list":["post-1787","page","type-page","status-publish","hentry"],"acf":[],"yoast_head":"<!-- This site is optimized with the Yoast SEO plugin v27.4 - https:\/\/yoast.com\/product\/yoast-seo-wordpress\/ -->\n<title>Salgsbetingelser privat - Solberg og Hansen<\/title>\n<meta name=\"description\" content=\"Her finner du Solberg &amp; Hansens betingelser og vilk\u00e5r for deg som kunde i Solberg &amp; Hansens nettbutikk.\" \/>\n<meta name=\"robots\" content=\"index, follow, max-snippet:-1, max-image-preview:large, max-video-preview:-1\" \/>\n<link rel=\"canonical\" href=\"https:\/\/sh.no\/en\/terms-of-sale-private\/\" \/>\n<meta property=\"og:locale\" content=\"en_GB\" \/>\n<meta property=\"og:type\" content=\"article\" \/>\n<meta property=\"og:title\" content=\"Salgsbetingelser privat - Solberg og Hansen\" \/>\n<meta property=\"og:description\" content=\"Her finner du Solberg &amp; Hansens betingelser og vilk\u00e5r for deg som kunde i Solberg &amp; Hansens nettbutikk.\" \/>\n<meta property=\"og:url\" content=\"https:\/\/sh.no\/en\/terms-of-sale-private\/\" \/>\n<meta property=\"og:site_name\" content=\"Solberg og Hansen\" \/>\n<meta property=\"article:modified_time\" content=\"2025-07-04T13:42:03+00:00\" \/>\n<meta name=\"twitter:card\" content=\"summary_large_image\" \/>\n<script type=\"application\/ld+json\" class=\"yoast-schema-graph\">{\"@context\":\"https:\\\/\\\/schema.org\",\"@graph\":[{\"@type\":\"WebPage\",\"@id\":\"https:\\\/\\\/sh.no\\\/salgsbetingelser-privat\\\/\",\"url\":\"https:\\\/\\\/sh.no\\\/salgsbetingelser-privat\\\/\",\"name\":\"Salgsbetingelser privat - Solberg og Hansen\",\"isPartOf\":{\"@id\":\"https:\\\/\\\/sh.no\\\/#website\"},\"datePublished\":\"2024-10-18T07:35:36+00:00\",\"dateModified\":\"2025-07-04T13:42:03+00:00\",\"description\":\"Her finner du Solberg & Hansens betingelser og vilk\u00e5r for deg som kunde i Solberg & Hansens nettbutikk.\",\"breadcrumb\":{\"@id\":\"https:\\\/\\\/sh.no\\\/salgsbetingelser-privat\\\/#breadcrumb\"},\"inLanguage\":\"en-GB\",\"potentialAction\":[{\"@type\":\"ReadAction\",\"target\":[\"https:\\\/\\\/sh.no\\\/salgsbetingelser-privat\\\/\"]}]},{\"@type\":\"BreadcrumbList\",\"@id\":\"https:\\\/\\\/sh.no\\\/salgsbetingelser-privat\\\/#breadcrumb\",\"itemListElement\":[{\"@type\":\"ListItem\",\"position\":1,\"name\":\"Hjem\",\"item\":\"https:\\\/\\\/sh.no\\\/\"},{\"@type\":\"ListItem\",\"position\":2,\"name\":\"Salgsbetingelser privat\"}]},{\"@type\":\"WebSite\",\"@id\":\"https:\\\/\\\/sh.no\\\/#website\",\"url\":\"https:\\\/\\\/sh.no\\\/\",\"name\":\"Solberg og Hansen\",\"description\":\"Inspirert av smak siden 1879\",\"publisher\":{\"@id\":\"https:\\\/\\\/sh.no\\\/#organization\"},\"potentialAction\":[{\"@type\":\"SearchAction\",\"target\":{\"@type\":\"EntryPoint\",\"urlTemplate\":\"https:\\\/\\\/sh.no\\\/?s={search_term_string}\"},\"query-input\":{\"@type\":\"PropertyValueSpecification\",\"valueRequired\":true,\"valueName\":\"search_term_string\"}}],\"inLanguage\":\"en-GB\"},{\"@type\":\"Organization\",\"@id\":\"https:\\\/\\\/sh.no\\\/#organization\",\"name\":\"Solberg og Hansen\",\"url\":\"https:\\\/\\\/sh.no\\\/\",\"logo\":{\"@type\":\"ImageObject\",\"inLanguage\":\"en-GB\",\"@id\":\"https:\\\/\\\/sh.no\\\/#\\\/schema\\\/logo\\\/image\\\/\",\"url\":\"https:\\\/\\\/sh.no\\\/wp-content\\\/uploads\\\/2024\\\/12\\\/SH_logo-1.svg\",\"contentUrl\":\"https:\\\/\\\/sh.no\\\/wp-content\\\/uploads\\\/2024\\\/12\\\/SH_logo-1.svg\",\"width\":453,\"height\":331,\"caption\":\"Solberg og Hansen\"},\"image\":{\"@id\":\"https:\\\/\\\/sh.no\\\/#\\\/schema\\\/logo\\\/image\\\/\"}}]}<\/script>\n<!-- \/ Yoast SEO plugin. -->","yoast_head_json":{"title":"Terms of sale private - Solberg og Hansen","description":"Here you will find Solberg &amp; Hansen's terms and conditions for you as a customer in Solberg &amp; Hansen's online store.","robots":{"index":"index","follow":"follow","max-snippet":"max-snippet:-1","max-image-preview":"max-image-preview:large","max-video-preview":"max-video-preview:-1"},"canonical":"https:\/\/sh.no\/en\/terms-of-sale-private\/","og_locale":"en_GB","og_type":"article","og_title":"Salgsbetingelser privat - Solberg og Hansen","og_description":"Her finner du Solberg & Hansens betingelser og vilk\u00e5r for deg som kunde i Solberg & Hansens nettbutikk.","og_url":"https:\/\/sh.no\/en\/terms-of-sale-private\/","og_site_name":"Solberg og Hansen","article_modified_time":"2025-07-04T13:42:03+00:00","twitter_card":"summary_large_image","schema":{"@context":"https:\/\/schema.org","@graph":[{"@type":"WebPage","@id":"https:\/\/sh.no\/salgsbetingelser-privat\/","url":"https:\/\/sh.no\/salgsbetingelser-privat\/","name":"Terms of sale private - Solberg og Hansen","isPartOf":{"@id":"https:\/\/sh.no\/#website"},"datePublished":"2024-10-18T07:35:36+00:00","dateModified":"2025-07-04T13:42:03+00:00","description":"Here you will find Solberg &amp; Hansen's terms and conditions for you as a customer in Solberg &amp; Hansen's online store.","breadcrumb":{"@id":"https:\/\/sh.no\/salgsbetingelser-privat\/#breadcrumb"},"inLanguage":"en-GB","potentialAction":[{"@type":"ReadAction","target":["https:\/\/sh.no\/salgsbetingelser-privat\/"]}]},{"@type":"BreadcrumbList","@id":"https:\/\/sh.no\/salgsbetingelser-privat\/#breadcrumb","itemListElement":[{"@type":"ListItem","position":1,"name":"Hjem","item":"https:\/\/sh.no\/"},{"@type":"ListItem","position":2,"name":"Salgsbetingelser privat"}]},{"@type":"WebSite","@id":"https:\/\/sh.no\/#website","url":"https:\/\/sh.no\/","name":"Solberg and Hansen","description":"Inspired by flavour since 1879","publisher":{"@id":"https:\/\/sh.no\/#organization"},"potentialAction":[{"@type":"SearchAction","target":{"@type":"EntryPoint","urlTemplate":"https:\/\/sh.no\/?s={search_term_string}"},"query-input":{"@type":"PropertyValueSpecification","valueRequired":true,"valueName":"search_term_string"}}],"inLanguage":"en-GB"},{"@type":"Organization","@id":"https:\/\/sh.no\/#organization","name":"Solberg and Hansen","url":"https:\/\/sh.no\/","logo":{"@type":"ImageObject","inLanguage":"en-GB","@id":"https:\/\/sh.no\/#\/schema\/logo\/image\/","url":"https:\/\/sh.no\/wp-content\/uploads\/2024\/12\/SH_logo-1.svg","contentUrl":"https:\/\/sh.no\/wp-content\/uploads\/2024\/12\/SH_logo-1.svg","width":453,"height":331,"caption":"Solberg og Hansen"},"image":{"@id":"https:\/\/sh.no\/#\/schema\/logo\/image\/"}}]}},"_links":{"self":[{"href":"https:\/\/sh.no\/en\/wp-json\/wp\/v2\/pages\/1787","targetHints":{"allow":["GET"]}}],"collection":[{"href":"https:\/\/sh.no\/en\/wp-json\/wp\/v2\/pages"}],"about":[{"href":"https:\/\/sh.no\/en\/wp-json\/wp\/v2\/types\/page"}],"author":[{"embeddable":true,"href":"https:\/\/sh.no\/en\/wp-json\/wp\/v2\/users\/1"}],"replies":[{"embeddable":true,"href":"https:\/\/sh.no\/en\/wp-json\/wp\/v2\/comments?post=1787"}],"version-history":[{"count":11,"href":"https:\/\/sh.no\/en\/wp-json\/wp\/v2\/pages\/1787\/revisions"}],"predecessor-version":[{"id":8989,"href":"https:\/\/sh.no\/en\/wp-json\/wp\/v2\/pages\/1787\/revisions\/8989"}],"wp:attachment":[{"href":"https:\/\/sh.no\/en\/wp-json\/wp\/v2\/media?parent=1787"}],"curies":[{"name":"wp","href":"https:\/\/api.w.org\/{rel}","templated":true}]}}