{"id":2105,"date":"2024-10-29T11:11:19","date_gmt":"2024-10-29T10:11:19","guid":{"rendered":"https:\/\/sh.no\/?page_id=2105"},"modified":"2025-09-09T17:20:31","modified_gmt":"2025-09-09T15:20:31","slug":"baerekraftsmal","status":"publish","type":"page","link":"https:\/\/sh.no\/en\/baerekraft\/baerekraftsmal\/","title":{"rendered":"Our goals"},"content":{"rendered":"<div class=\"wp-block-group alignfull has-custom-hvit-gr-nn-background-color has-background has-global-padding is-layout-constrained wp-block-group-is-layout-constrained\">\n<div class=\"wp-block-columns alignwide is-layout-flex wp-container-core-columns-is-layout-e0e4babd wp-block-columns-is-layout-flex\" style=\"padding-right:0;padding-left:0\">\n<div class=\"wp-block-column is-layout-flow wp-block-column-is-layout-flow\" style=\"flex-basis:10%\"><\/div>\n\n\n\n<div class=\"wp-block-column is-layout-flow wp-block-column-is-layout-flow\">\n<div style=\"height:170px\" aria-hidden=\"true\" class=\"wp-block-spacer hide-mobile\"><\/div>\n\n\n\n<div style=\"height:100px\" aria-hidden=\"true\" class=\"wp-block-spacer hide-large\"><\/div>\n\n\n\n<div style=\"height:80px\" aria-hidden=\"true\" class=\"wp-block-spacer hide-mobile\"><\/div>\n\n\n\n<h1 class=\"wp-block-heading has-text-align-center\">Our sustainability goals<\/h1>\n\n\n\n<p class=\"has-text-align-center has-medium-font-size\">At Solberg &amp; Hansen, we buy high-quality coffee directly from farmers all over the world. Framework conditions for those we work with are very important in our trading model. That's why we do everything we can to improve conditions for people and the environment throughout our value chain: From bean to cup.<\/p>\n\n\n\n<figure class=\"wp-block-image aligncenter size-large is-resized\"><img loading=\"lazy\" decoding=\"async\" width=\"124\" height=\"124\" src=\"https:\/\/sh.no\/wp-content\/uploads\/2024\/10\/green-arrow-down-circle-round.svg\" alt=\"\" class=\"wp-image-282\" style=\"width:68px;height:auto\"\/><\/figure>\n\n\n\n<div style=\"height:50px\" aria-hidden=\"true\" class=\"wp-block-spacer\"><\/div>\n\n\n\n<div style=\"height:50px\" aria-hidden=\"true\" class=\"wp-block-spacer hide-mobile\"><\/div>\n<\/div>\n\n\n\n<div class=\"wp-block-column is-layout-flow wp-block-column-is-layout-flow\" style=\"flex-basis:10%\"><\/div>\n<\/div>\n\n\n\n<div class=\"wp-block-group alignfull has-global-padding is-layout-constrained wp-block-group-is-layout-constrained\">\n<div class=\"wp-block-columns alignfull is-layout-flex wp-container-core-columns-is-layout-28f84493 wp-block-columns-is-layout-flex\">\n<div class=\"wp-block-column is-layout-flow wp-block-column-is-layout-flow\">\n<div class=\"wp-block-cp-timeline-content-timeline-block Cool-Content-Timeline\"><div class=\"cool-timeline-block-9d474a3b-8cb2-4118-8530-d5982a8a7c58\"><style>.cool-timeline-block-9d474a3b-8cb2-4118-8530-d5982a8a7c58 .cool-vertical-timeline-body{--ctlb-container-top-margin: 10px;--ctlb-container-bottom-margin: 53px;--ctlb-container-left-margin: 10px;--ctlb-content-alignment: left;--ctlb-date-fontsize: 30px;--ctlb-date-line-height: 40px;--ctlb-head-font-size: 35px;--ctlb-title-top-padding: 0px;--ctlb-titile-right-padding: 0px;--ctlb-titile-bt-padding: 0px;--ctlb-title-left-padding: 0px;--ctlb-desc-top-spacing: 12px;--ctlb-desc-bt-spacing: 12px;--ctlb-sub-head-font-size: 18px;--ctlb-sub-head-line-height: 24px;--ctlb-sub-heading-color: #3c3c3b;--ctlb-line-color: #b88b6f;--ctlb-icon-bg: #b88b6f;--ctlb-story-border-color: #d91a3d00;--ctlb-middle-line-size: 2px;--ctlb-container-top-padding: 0px;--ctlb-container-right-padding: 0px;--ctlb-container-bottom-padding: 0px;--ctlb-container-left-padding: 0px;--ctlb-container-bg-color: #dfe6dc00;--ctlb-line-filling-color: #3b2900;--ctlb-container-shadow-x-axis: 6;--ctlb-container-shadow-y-axis: 8;--ctlb-container-shadow-blur: 8;--ctlb-container-shadow-color: #dee3dc00;}<\/style><div class=\"cool-vertical-timeline-body ctlb-wrapper both-sided right\" data-line-filling=\"true\" data-animation=\"slide-up\"><div class=\"ctlb-center-line-fill\"><\/div><div class=\"cool-timeline-block-list\">\n<div class=\"wp-block-cp-timeline-content-timeline-block-child  timeline-quote\"><div class=\"timeline-content icon-dot\"><div class=\"timeline-block-timeline ctl-row  position-right\"><div class=\"ctl-6 timeline-block-time\"><div class=\"story-time\"><span>ENVIRONMENT<\/span><\/div><\/div><div class=\"timeline-block-icon\"><svg stroke=\"currentColor\" fill=\"currentColor\" stroke-width=\"0\" viewbox=\"0 0 512 512\" height=\"1em\" width=\"1em\" xmlns=\"http:\/\/www.w3.org\/2000\/svg\"><path d=\"M256 8C119 8 8 119 8 256s111 248 248 248 248-111 248-248S393 8 256 8z\"><\/path><\/svg><\/div><div class=\"ctl-6 timeline-block-detail\"><div class=\"story-details\"><div class=\"story-content\">\n<h2 class=\"wp-block-heading ctlb-block-title has-gt-america-mono-font-family has-medium-font-size\" style=\"text-transform:uppercase\"><\/h2>\n\n\n\n<p class=\"ctlb-block-desc\">Climate change is very challenging for our suppliers and we must work for solutions that can withstand the changes or contribute to reducing the challenges.<\/p>\n<\/div><\/div><\/div><\/div><\/div><\/div>\n\n\n\n<div class=\"wp-block-cp-timeline-content-timeline-block-child  timeline-quote\"><div class=\"timeline-content icon-dot\"><div class=\"timeline-block-timeline ctl-row  position-right\"><div class=\"ctl-6 timeline-block-time\"><div class=\"story-time\"><span>GOAL<\/span><\/div><\/div><div class=\"timeline-block-icon\"><svg stroke=\"currentColor\" fill=\"currentColor\" stroke-width=\"0\" viewbox=\"0 0 512 512\" height=\"1em\" width=\"1em\" xmlns=\"http:\/\/www.w3.org\/2000\/svg\"><path d=\"M256 8C119 8 8 119 8 256s111 248 248 248 248-111 248-248S393 8 256 8z\"><\/path><\/svg><\/div><div class=\"ctl-6 timeline-block-detail\"><div class=\"story-details\"><div class=\"story-content\">\n<h2 class=\"wp-block-heading ctlb-block-title has-gt-america-mono-font-family has-medium-font-size\" style=\"text-transform:uppercase\"><\/h2>\n\n\n\n<p class=\"ctlb-block-desc\" style=\"margin-top:var(--wp--preset--spacing--30);margin-bottom:var(--wp--preset--spacing--30)\">We will be climate neutral by 2030. Protecting the environment, reducing emissions, optimal utilization of resources with the least possible impact on nature.<\/p>\n\n\n\n<figure class=\"wp-block-image size-full is-resized\"><img loading=\"lazy\" decoding=\"async\" width=\"800\" height=\"236\" src=\"https:\/\/sh.no\/wp-content\/uploads\/2024\/10\/fn-klima-1.png\" alt=\"\" class=\"wp-image-1545\" style=\"width:422px;height:auto\" srcset=\"https:\/\/sh.no\/wp-content\/uploads\/2024\/10\/fn-klima-1.png 800w, https:\/\/sh.no\/wp-content\/uploads\/2024\/10\/fn-klima-1-300x89.png 300w, https:\/\/sh.no\/wp-content\/uploads\/2024\/10\/fn-klima-1-768x227.png 768w, https:\/\/sh.no\/wp-content\/uploads\/2024\/10\/fn-klima-1-18x5.png 18w\" sizes=\"auto, (max-width: 800px) 100vw, 800px\" \/><\/figure>\n<\/div><\/div><\/div><\/div><\/div><\/div>\n\n\n\n<div class=\"wp-block-cp-timeline-content-timeline-block-child  timeline-quote\"><div class=\"timeline-content icon-false\"><div class=\"timeline-block-timeline ctl-row  position-left\"><div class=\"ctl-6 timeline-block-time\"><div class=\"story-time\"><span>PEOPLE<\/span><\/div><\/div><div class=\"timeline-block-icon\"><svg stroke=\"currentColor\" fill=\"currentColor\" stroke-width=\"0\" viewbox=\"0 0 512 512\" height=\"1em\" width=\"1em\" xmlns=\"http:\/\/www.w3.org\/2000\/svg\"><path d=\"M256 8C119 8 8 119 8 256s111 248 248 248 248-111 248-248S393 8 256 8z\"><\/path><\/svg><\/div><div class=\"ctl-6 timeline-block-detail\"><div class=\"story-details\"><div class=\"story-content\">\n<p class=\"ctlb-block-desc\">We believe that a safe working environment, knowledge and opportunities for development contribute to better solutions throughout the value chain.<\/p>\n<\/div><\/div><\/div><\/div><\/div><\/div>\n\n\n\n<div class=\"wp-block-cp-timeline-content-timeline-block-child  timeline-quote\"><div class=\"timeline-content icon-false\"><div class=\"timeline-block-timeline ctl-row  position-left\"><div class=\"ctl-6 timeline-block-time\"><div class=\"story-time\"><span>GOAL<\/span><\/div><\/div><div class=\"timeline-block-icon\"><svg stroke=\"currentColor\" fill=\"currentColor\" stroke-width=\"0\" viewbox=\"0 0 512 512\" height=\"1em\" width=\"1em\" xmlns=\"http:\/\/www.w3.org\/2000\/svg\"><path d=\"M256 8C119 8 8 119 8 256s111 248 248 248 248-111 248-248S393 8 256 8z\"><\/path><\/svg><\/div><div class=\"ctl-6 timeline-block-detail\"><div class=\"story-details\"><div class=\"story-content\">\n<p class=\"ctlb-block-desc\">We will safeguard the rights, health and safety of the workers in our value chain. We will focus on knowledge and development.<\/p>\n\n\n\n<figure class=\"wp-block-image alignright size-full is-resized\"><img loading=\"lazy\" decoding=\"async\" width=\"520\" height=\"236\" src=\"https:\/\/sh.no\/wp-content\/uploads\/2024\/10\/fn-klima-2-e1744111796503.png\" alt=\"\" class=\"wp-image-1546\" style=\"width:297px;height:auto\" srcset=\"https:\/\/sh.no\/wp-content\/uploads\/2024\/10\/fn-klima-2-e1744111796503.png 520w, https:\/\/sh.no\/wp-content\/uploads\/2024\/10\/fn-klima-2-e1744111796503-300x136.png 300w, https:\/\/sh.no\/wp-content\/uploads\/2024\/10\/fn-klima-2-e1744111796503-18x8.png 18w\" sizes=\"auto, (max-width: 520px) 100vw, 520px\" \/><\/figure>\n<\/div><\/div><\/div><\/div><\/div><\/div>\n<\/div><\/div><\/div><\/div>\n\n\n\n<div style=\"height:100px\" aria-hidden=\"true\" class=\"wp-block-spacer\"><\/div>\n<\/div>\n<\/div>\n<\/div>\n<\/div>\n\n\n\n<div class=\"wp-block-cover alignfull has-parallax\"><div class=\"wp-block-cover__image-background wp-image-3400 has-parallax\" style=\"background-position:50% 50%;background-image:url(https:\/\/sh.no\/wp-content\/uploads\/2024\/12\/Q6A3724-scaled.jpg)\"><\/div><span aria-hidden=\"true\" class=\"wp-block-cover__background has-background-dim\" style=\"background-color:#675b56\"><\/span><div class=\"wp-block-cover__inner-container has-global-padding is-layout-constrained wp-block-cover-is-layout-constrained\">\n<div style=\"height:100px\" aria-hidden=\"true\" class=\"wp-block-spacer hide-mobile\"><\/div>\n\n\n\n<div class=\"wp-block-columns is-layout-flex wp-container-core-columns-is-layout-28f84493 wp-block-columns-is-layout-flex\">\n<div class=\"wp-block-column is-layout-flow wp-block-column-is-layout-flow\" style=\"flex-basis:10%\"><\/div>\n\n\n\n<div class=\"wp-block-column is-layout-flow wp-block-column-is-layout-flow\">\n<h2 class=\"wp-block-heading has-text-align-center has-xx-large-font-size\" style=\"margin-top:var(--wp--preset--spacing--20);margin-right:0;margin-bottom:var(--wp--preset--spacing--20);margin-left:0\">We're constantly looking for new and more sustainable ways to bring you the world's best coffee and tea<\/h2>\n<\/div>\n\n\n\n<div class=\"wp-block-column is-layout-flow wp-block-column-is-layout-flow\" style=\"flex-basis:10%\"><\/div>\n<\/div>\n\n\n\n<div style=\"height:5px\" aria-hidden=\"true\" class=\"wp-block-spacer\"><\/div>\n\n\n\n<div class=\"wp-block-buttons is-content-justification-center is-layout-flex wp-container-core-buttons-is-layout-a89b3969 wp-block-buttons-is-layout-flex\">\n<div class=\"wp-block-button\"><a class=\"wp-block-button__link has-brown-background-color has-background wp-element-button\" href=\"https:\/\/sh.no\/en\/buoyancy\/bear-power-measures\/\">Read more about our sustainability initiatives<\/a><\/div>\n<\/div>\n\n\n\n<div style=\"height:100px\" aria-hidden=\"true\" class=\"wp-block-spacer hide-mobile\"><\/div>\n<\/div><\/div>","protected":false},"excerpt":{"rendered":"<p>Our sustainability goals At Solberg &amp; Hansen, we buy high-quality coffee directly from farmers all over the world. The framework conditions for those we work with are very important in our trading model. That's why we do everything we can to improve conditions for people and the environment throughout our value chain: From bean to cup.<\/p>","protected":false},"author":1,"featured_media":4071,"parent":15,"menu_order":0,"comment_status":"closed","ping_status":"closed","template":"","meta":{"_acf_changed":false,"inline_featured_image":false,"footnotes":""},"class_list":["post-2105","page","type-page","status-publish","has-post-thumbnail","hentry"],"acf":[],"yoast_head":"<!-- This site is optimized with the Yoast SEO plugin v27.2 - https:\/\/yoast.com\/product\/yoast-seo-wordpress\/ -->\n<title>V\u00e5re b\u00e6rekraftsm\u00e5l - Solberg og Hansen<\/title>\n<meta name=\"description\" content=\"Les mer om v\u00e5re b\u00e6rekraftsm\u00e5l og det vi gj\u00f8r for \u00e5 bedre vilk\u00e5rene for Mennesker og Milj\u00f8 gjennom hele v\u00e5r verdikjede: Fra b\u00f8nne til kopp.\" \/>\n<meta name=\"robots\" content=\"index, follow, max-snippet:-1, max-image-preview:large, max-video-preview:-1\" \/>\n<link rel=\"canonical\" href=\"https:\/\/sh.no\/en\/buoyancy\/baerekraftsmal\/\" \/>\n<meta property=\"og:locale\" content=\"en_GB\" \/>\n<meta property=\"og:type\" content=\"article\" \/>\n<meta property=\"og:title\" content=\"V\u00e5re b\u00e6rekraftsm\u00e5l - Solberg og Hansen\" \/>\n<meta property=\"og:description\" content=\"Les mer om v\u00e5re b\u00e6rekraftsm\u00e5l og det vi gj\u00f8r for \u00e5 bedre vilk\u00e5rene for Mennesker og Milj\u00f8 gjennom hele v\u00e5r verdikjede: Fra b\u00f8nne til kopp.\" \/>\n<meta property=\"og:url\" content=\"https:\/\/sh.no\/en\/buoyancy\/baerekraftsmal\/\" \/>\n<meta property=\"og:site_name\" content=\"Solberg og Hansen\" \/>\n<meta property=\"article:modified_time\" content=\"2025-09-09T15:20:31+00:00\" \/>\n<meta property=\"og:image\" content=\"https:\/\/sh.no\/wp-content\/uploads\/2024\/12\/324250258_1129431127934948_5781652060512046319_n.jpg\" \/>\n\t<meta property=\"og:image:width\" content=\"2048\" \/>\n\t<meta property=\"og:image:height\" content=\"1361\" \/>\n\t<meta property=\"og:image:type\" content=\"image\/jpeg\" \/>\n<meta name=\"twitter:card\" content=\"summary_large_image\" \/>\n<meta name=\"twitter:label1\" content=\"Est. reading time\" \/>\n\t<meta name=\"twitter:data1\" content=\"2 minutes\" \/>\n<script type=\"application\/ld+json\" class=\"yoast-schema-graph\">{\"@context\":\"https:\/\/schema.org\",\"@graph\":[{\"@type\":\"WebPage\",\"@id\":\"https:\/\/sh.no\/baerekraft\/baerekraftsmal\/\",\"url\":\"https:\/\/sh.no\/baerekraft\/baerekraftsmal\/\",\"name\":\"V\u00e5re b\u00e6rekraftsm\u00e5l - Solberg og Hansen\",\"isPartOf\":{\"@id\":\"https:\/\/sh.no\/#website\"},\"primaryImageOfPage\":{\"@id\":\"https:\/\/sh.no\/baerekraft\/baerekraftsmal\/#primaryimage\"},\"image\":{\"@id\":\"https:\/\/sh.no\/baerekraft\/baerekraftsmal\/#primaryimage\"},\"thumbnailUrl\":\"https:\/\/sh.no\/wp-content\/uploads\/2024\/12\/324250258_1129431127934948_5781652060512046319_n.jpg\",\"datePublished\":\"2024-10-29T10:11:19+00:00\",\"dateModified\":\"2025-09-09T15:20:31+00:00\",\"description\":\"Les mer om v\u00e5re b\u00e6rekraftsm\u00e5l og det vi gj\u00f8r for \u00e5 bedre vilk\u00e5rene for Mennesker og Milj\u00f8 gjennom hele v\u00e5r verdikjede: Fra b\u00f8nne til kopp.\",\"breadcrumb\":{\"@id\":\"https:\/\/sh.no\/baerekraft\/baerekraftsmal\/#breadcrumb\"},\"inLanguage\":\"en-GB\",\"potentialAction\":[{\"@type\":\"ReadAction\",\"target\":[\"https:\/\/sh.no\/baerekraft\/baerekraftsmal\/\"]}]},{\"@type\":\"ImageObject\",\"inLanguage\":\"en-GB\",\"@id\":\"https:\/\/sh.no\/baerekraft\/baerekraftsmal\/#primaryimage\",\"url\":\"https:\/\/sh.no\/wp-content\/uploads\/2024\/12\/324250258_1129431127934948_5781652060512046319_n.jpg\",\"contentUrl\":\"https:\/\/sh.no\/wp-content\/uploads\/2024\/12\/324250258_1129431127934948_5781652060512046319_n.jpg\",\"width\":2048,\"height\":1361},{\"@type\":\"BreadcrumbList\",\"@id\":\"https:\/\/sh.no\/baerekraft\/baerekraftsmal\/#breadcrumb\",\"itemListElement\":[{\"@type\":\"ListItem\",\"position\":1,\"name\":\"Hjem\",\"item\":\"https:\/\/sh.no\/\"},{\"@type\":\"ListItem\",\"position\":2,\"name\":\"B\u00e6rekraft\",\"item\":\"https:\/\/sh.no\/baerekraft\/\"},{\"@type\":\"ListItem\",\"position\":3,\"name\":\"V\u00e5re m\u00e5l\"}]},{\"@type\":\"WebSite\",\"@id\":\"https:\/\/sh.no\/#website\",\"url\":\"https:\/\/sh.no\/\",\"name\":\"Solberg og Hansen\",\"description\":\"Inspirert av smak siden 1879\",\"publisher\":{\"@id\":\"https:\/\/sh.no\/#organization\"},\"potentialAction\":[{\"@type\":\"SearchAction\",\"target\":{\"@type\":\"EntryPoint\",\"urlTemplate\":\"https:\/\/sh.no\/?s={search_term_string}\"},\"query-input\":{\"@type\":\"PropertyValueSpecification\",\"valueRequired\":true,\"valueName\":\"search_term_string\"}}],\"inLanguage\":\"en-GB\"},{\"@type\":\"Organization\",\"@id\":\"https:\/\/sh.no\/#organization\",\"name\":\"Solberg og Hansen\",\"url\":\"https:\/\/sh.no\/\",\"logo\":{\"@type\":\"ImageObject\",\"inLanguage\":\"en-GB\",\"@id\":\"https:\/\/sh.no\/#\/schema\/logo\/image\/\",\"url\":\"https:\/\/sh.no\/wp-content\/uploads\/2024\/12\/SH_logo-1.svg\",\"contentUrl\":\"https:\/\/sh.no\/wp-content\/uploads\/2024\/12\/SH_logo-1.svg\",\"width\":453,\"height\":331,\"caption\":\"Solberg og Hansen\"},\"image\":{\"@id\":\"https:\/\/sh.no\/#\/schema\/logo\/image\/\"}}]}<\/script>\n<!-- \/ Yoast SEO plugin. -->","yoast_head_json":{"title":"Our sustainability goals - Solberg and Hansen","description":"Read more about our Sustainable Development Goals and what we are doing to improve conditions for people and the environment throughout our value chain: From bean to cup.","robots":{"index":"index","follow":"follow","max-snippet":"max-snippet:-1","max-image-preview":"max-image-preview:large","max-video-preview":"max-video-preview:-1"},"canonical":"https:\/\/sh.no\/en\/buoyancy\/baerekraftsmal\/","og_locale":"en_GB","og_type":"article","og_title":"V\u00e5re b\u00e6rekraftsm\u00e5l - Solberg og Hansen","og_description":"Les mer om v\u00e5re b\u00e6rekraftsm\u00e5l og det vi gj\u00f8r for \u00e5 bedre vilk\u00e5rene for Mennesker og Milj\u00f8 gjennom hele v\u00e5r verdikjede: Fra b\u00f8nne til kopp.","og_url":"https:\/\/sh.no\/en\/buoyancy\/baerekraftsmal\/","og_site_name":"Solberg og Hansen","article_modified_time":"2025-09-09T15:20:31+00:00","og_image":[{"width":2048,"height":1361,"url":"https:\/\/sh.no\/wp-content\/uploads\/2024\/12\/324250258_1129431127934948_5781652060512046319_n.jpg","type":"image\/jpeg"}],"twitter_card":"summary_large_image","twitter_misc":{"Est. reading time":"2 minutes"},"schema":{"@context":"https:\/\/schema.org","@graph":[{"@type":"WebPage","@id":"https:\/\/sh.no\/baerekraft\/baerekraftsmal\/","url":"https:\/\/sh.no\/baerekraft\/baerekraftsmal\/","name":"Our sustainability goals - Solberg and Hansen","isPartOf":{"@id":"https:\/\/sh.no\/#website"},"primaryImageOfPage":{"@id":"https:\/\/sh.no\/baerekraft\/baerekraftsmal\/#primaryimage"},"image":{"@id":"https:\/\/sh.no\/baerekraft\/baerekraftsmal\/#primaryimage"},"thumbnailUrl":"https:\/\/sh.no\/wp-content\/uploads\/2024\/12\/324250258_1129431127934948_5781652060512046319_n.jpg","datePublished":"2024-10-29T10:11:19+00:00","dateModified":"2025-09-09T15:20:31+00:00","description":"Read more about our Sustainable Development Goals and what we are doing to improve conditions for people and the environment throughout our value chain: From bean to cup.","breadcrumb":{"@id":"https:\/\/sh.no\/baerekraft\/baerekraftsmal\/#breadcrumb"},"inLanguage":"en-GB","potentialAction":[{"@type":"ReadAction","target":["https:\/\/sh.no\/baerekraft\/baerekraftsmal\/"]}]},{"@type":"ImageObject","inLanguage":"en-GB","@id":"https:\/\/sh.no\/baerekraft\/baerekraftsmal\/#primaryimage","url":"https:\/\/sh.no\/wp-content\/uploads\/2024\/12\/324250258_1129431127934948_5781652060512046319_n.jpg","contentUrl":"https:\/\/sh.no\/wp-content\/uploads\/2024\/12\/324250258_1129431127934948_5781652060512046319_n.jpg","width":2048,"height":1361},{"@type":"BreadcrumbList","@id":"https:\/\/sh.no\/baerekraft\/baerekraftsmal\/#breadcrumb","itemListElement":[{"@type":"ListItem","position":1,"name":"Hjem","item":"https:\/\/sh.no\/"},{"@type":"ListItem","position":2,"name":"B\u00e6rekraft","item":"https:\/\/sh.no\/baerekraft\/"},{"@type":"ListItem","position":3,"name":"V\u00e5re m\u00e5l"}]},{"@type":"WebSite","@id":"https:\/\/sh.no\/#website","url":"https:\/\/sh.no\/","name":"Solberg and Hansen","description":"Inspired by flavour since 1879","publisher":{"@id":"https:\/\/sh.no\/#organization"},"potentialAction":[{"@type":"SearchAction","target":{"@type":"EntryPoint","urlTemplate":"https:\/\/sh.no\/?s={search_term_string}"},"query-input":{"@type":"PropertyValueSpecification","valueRequired":true,"valueName":"search_term_string"}}],"inLanguage":"en-GB"},{"@type":"Organization","@id":"https:\/\/sh.no\/#organization","name":"Solberg and Hansen","url":"https:\/\/sh.no\/","logo":{"@type":"ImageObject","inLanguage":"en-GB","@id":"https:\/\/sh.no\/#\/schema\/logo\/image\/","url":"https:\/\/sh.no\/wp-content\/uploads\/2024\/12\/SH_logo-1.svg","contentUrl":"https:\/\/sh.no\/wp-content\/uploads\/2024\/12\/SH_logo-1.svg","width":453,"height":331,"caption":"Solberg og Hansen"},"image":{"@id":"https:\/\/sh.no\/#\/schema\/logo\/image\/"}}]}},"_links":{"self":[{"href":"https:\/\/sh.no\/en\/wp-json\/wp\/v2\/pages\/2105","targetHints":{"allow":["GET"]}}],"collection":[{"href":"https:\/\/sh.no\/en\/wp-json\/wp\/v2\/pages"}],"about":[{"href":"https:\/\/sh.no\/en\/wp-json\/wp\/v2\/types\/page"}],"author":[{"embeddable":true,"href":"https:\/\/sh.no\/en\/wp-json\/wp\/v2\/users\/1"}],"replies":[{"embeddable":true,"href":"https:\/\/sh.no\/en\/wp-json\/wp\/v2\/comments?post=2105"}],"version-history":[{"count":69,"href":"https:\/\/sh.no\/en\/wp-json\/wp\/v2\/pages\/2105\/revisions"}],"predecessor-version":[{"id":9115,"href":"https:\/\/sh.no\/en\/wp-json\/wp\/v2\/pages\/2105\/revisions\/9115"}],"up":[{"embeddable":true,"href":"https:\/\/sh.no\/en\/wp-json\/wp\/v2\/pages\/15"}],"wp:featuredmedia":[{"embeddable":true,"href":"https:\/\/sh.no\/en\/wp-json\/wp\/v2\/media\/4071"}],"wp:attachment":[{"href":"https:\/\/sh.no\/en\/wp-json\/wp\/v2\/media?parent=2105"}],"curies":[{"name":"wp","href":"https:\/\/api.w.org\/{rel}","templated":true}]}}