{"id":2112,"date":"2024-10-29T11:13:17","date_gmt":"2024-10-29T10:13:17","guid":{"rendered":"https:\/\/sh.no\/?page_id=2112"},"modified":"2025-09-09T17:18:30","modified_gmt":"2025-09-09T15:18:30","slug":"development-projects","status":"publish","type":"page","link":"https:\/\/sh.no\/en\/baerekraft\/utviklingsprosjekter\/","title":{"rendered":"Development projects"},"content":{"rendered":"<div class=\"wp-block-group alignfull has-custom-hvit-gr-nn-background-color has-background has-global-padding is-layout-constrained wp-block-group-is-layout-constrained\">\n<div class=\"wp-block-columns is-layout-flex wp-container-core-columns-is-layout-e0e4babd wp-block-columns-is-layout-flex\" style=\"padding-right:0;padding-left:0\">\n<div class=\"wp-block-column is-layout-flow wp-block-column-is-layout-flow\" style=\"flex-basis:10%\"><\/div>\n\n\n\n<div class=\"wp-block-column is-layout-flow wp-block-column-is-layout-flow\">\n<div style=\"height:170px\" aria-hidden=\"true\" class=\"wp-block-spacer hide-mobile\"><\/div>\n\n\n\n<div style=\"height:100px\" aria-hidden=\"true\" class=\"wp-block-spacer hide-large\"><\/div>\n\n\n\n<div style=\"height:80px\" aria-hidden=\"true\" class=\"wp-block-spacer hide-mobile\"><\/div>\n\n\n\n<h1 class=\"wp-block-heading has-text-align-center\">Our development projects<\/h1>\n\n\n\n<p class=\"has-text-align-center has-medium-font-size\">At Solberg &amp; Hansen, we want to help create significant improvements for people and the environment throughout our supply chain - from bean to cup. Through our development projects, we do what we can to secure the future of our coffee suppliers and make sure we can offer you new, outstanding coffee batches year after year.<\/p>\n\n\n\n<figure class=\"wp-block-image aligncenter size-large is-resized\"><img loading=\"lazy\" decoding=\"async\" width=\"124\" height=\"124\" src=\"https:\/\/sh.no\/wp-content\/uploads\/2024\/10\/green-arrow-down-circle-round.svg\" alt=\"\" class=\"wp-image-282\" style=\"width:68px;height:auto\"\/><\/figure>\n\n\n\n<div style=\"height:50px\" aria-hidden=\"true\" class=\"wp-block-spacer\"><\/div>\n\n\n\n<div style=\"height:50px\" aria-hidden=\"true\" class=\"wp-block-spacer hide-mobile\"><\/div>\n<\/div>\n\n\n\n<div class=\"wp-block-column is-layout-flow wp-block-column-is-layout-flow\" style=\"flex-basis:10%\"><\/div>\n<\/div>\n\n\n\n<div class=\"wp-block-group alignfull has-global-padding is-layout-constrained wp-block-group-is-layout-constrained\">\n<div class=\"wp-block-columns alignfull is-layout-flex wp-container-core-columns-is-layout-28f84493 wp-block-columns-is-layout-flex\">\n<div class=\"wp-block-column is-layout-flow wp-block-column-is-layout-flow\">\n<div class=\"wp-block-cp-timeline-content-timeline-block Cool-Content-Timeline\"><div class=\"cool-timeline-block-dfbc73f1-c20b-4489-a1e2-572414c0a070\"><style>.cool-timeline-block-dfbc73f1-c20b-4489-a1e2-572414c0a070 .cool-vertical-timeline-body{--ctlb-container-top-margin: 10px;--ctlb-container-bottom-margin: 53px;--ctlb-container-left-margin: 10px;--ctlb-content-alignment: left;--ctlb-date-fontsize: 30px;--ctlb-date-line-height: 40px;--ctlb-head-font-size: 35px;--ctlb-title-top-padding: 0px;--ctlb-titile-right-padding: 0px;--ctlb-titile-bt-padding: 0px;--ctlb-title-left-padding: 0px;--ctlb-desc-top-spacing: 12px;--ctlb-desc-bt-spacing: 12px;--ctlb-sub-head-font-size: 18px;--ctlb-sub-head-line-height: 24px;--ctlb-sub-heading-color: #3c3c3b;--ctlb-line-color: #b88b6f;--ctlb-icon-bg: #b88b6f;--ctlb-story-border-color: #d91a3d00;--ctlb-middle-line-size: 2px;--ctlb-container-top-padding: 0px;--ctlb-container-right-padding: 0px;--ctlb-container-bottom-padding: 0px;--ctlb-container-left-padding: 0px;--ctlb-container-bg-color: #dfe6dc00;--ctlb-line-filling-color: #3b2900;--ctlb-container-shadow-x-axis: 6;--ctlb-container-shadow-y-axis: 8;--ctlb-container-shadow-blur: 8;--ctlb-container-shadow-color: #dee3dc00;}<\/style><div class=\"cool-vertical-timeline-body ctlb-wrapper both-sided right\" data-line-filling=\"true\" data-animation=\"slide-up\"><div class=\"ctlb-center-line-fill\"><\/div><div class=\"cool-timeline-block-list\">\n<div class=\"wp-block-cp-timeline-content-timeline-block-child  timeline-quote\"><div class=\"timeline-content icon-dot\"><div class=\"timeline-block-timeline ctl-row  position-right\"><div class=\"ctl-6 timeline-block-time\"><div class=\"story-time\"><span>BACKGROUND<\/span><\/div><\/div><div class=\"timeline-block-icon\"><svg stroke=\"currentColor\" fill=\"currentColor\" stroke-width=\"0\" viewbox=\"0 0 512 512\" height=\"1em\" width=\"1em\" xmlns=\"http:\/\/www.w3.org\/2000\/svg\"><path d=\"M256 8C119 8 8 119 8 256s111 248 248 248 248-111 248-248S393 8 256 8z\"><\/path><\/svg><\/div><div class=\"ctl-6 timeline-block-detail\"><div class=\"story-details\"><div class=\"story-content\">\n<h2 class=\"wp-block-heading ctlb-block-title has-gt-america-mono-font-family has-medium-font-size\" style=\"line-height:1.4;text-transform:uppercase\"><strong>FOCUS ON THE ENVIRONMENT AND PEOPLE<\/strong><\/h2>\n\n\n\n<p class=\"ctlb-block-desc\">In line with Solberg &amp; Hansen's sustainability statement, we want to initiate and implement projects in producer countries that improve the quality of life for people and strengthen the environment in local communities where our coffee is produced.<\/p>\n\n\n\n<p class=\"ctlb-block-desc\">By investing in measures that promote social, economic and environmental sustainability, we not only contribute to better conditions for producers, but also to ensuring high quality and accountability throughout the value chain - from bean to cup.<\/p>\n<\/div><\/div><\/div><\/div><\/div><\/div>\n\n\n\n<div class=\"wp-block-cp-timeline-content-timeline-block-child  timeline-quote\"><div class=\"timeline-content icon-false\"><div class=\"timeline-block-timeline ctl-row  position-left\"><div class=\"ctl-6 timeline-block-time\"><div class=\"story-time\"><span>Buyer Alex with workers at Madan Estate in Papua New Guinea.<\/span><\/div><\/div><div class=\"timeline-block-icon\"><svg stroke=\"currentColor\" fill=\"currentColor\" stroke-width=\"0\" viewbox=\"0 0 512 512\" height=\"1em\" width=\"1em\" xmlns=\"http:\/\/www.w3.org\/2000\/svg\"><path d=\"M256 8C119 8 8 119 8 256s111 248 248 248 248-111 248-248S393 8 256 8z\"><\/path><\/svg><\/div><div class=\"ctl-6 timeline-block-detail\"><div class=\"story-details\"><div class=\"story-content\">\n<figure class=\"wp-block-image size-large is-style-rounded is-style-rounded--1\"><img loading=\"lazy\" decoding=\"async\" width=\"1024\" height=\"748\" src=\"https:\/\/sh.no\/wp-content\/uploads\/2025\/05\/PNG-Madan-Estate-Alex-1024x748.png\" alt=\"\" class=\"wp-image-7620\" srcset=\"https:\/\/sh.no\/wp-content\/uploads\/2025\/05\/PNG-Madan-Estate-Alex-1024x748.png 1024w, https:\/\/sh.no\/wp-content\/uploads\/2025\/05\/PNG-Madan-Estate-Alex-300x219.png 300w, https:\/\/sh.no\/wp-content\/uploads\/2025\/05\/PNG-Madan-Estate-Alex-768x561.png 768w, https:\/\/sh.no\/wp-content\/uploads\/2025\/05\/PNG-Madan-Estate-Alex-1536x1122.png 1536w, https:\/\/sh.no\/wp-content\/uploads\/2025\/05\/PNG-Madan-Estate-Alex-2048x1496.png 2048w, https:\/\/sh.no\/wp-content\/uploads\/2025\/05\/PNG-Madan-Estate-Alex-16x12.png 16w\" sizes=\"auto, (max-width: 1024px) 100vw, 1024px\" \/><\/figure>\n\n\n\n<h2 class=\"wp-block-heading ctlb-block-title has-gt-america-mono-font-family has-medium-font-size\" style=\"text-transform:uppercase\"><\/h2>\n<\/div><\/div><\/div><\/div><\/div><\/div>\n\n\n\n<div class=\"wp-block-cp-timeline-content-timeline-block-child  timeline-quote\"><div class=\"timeline-content icon-false\"><div class=\"timeline-block-timeline ctl-row  position-left\"><div class=\"ctl-6 timeline-block-time\"><div class=\"story-time\"><span>PURPOSE<\/span><\/div><\/div><div class=\"timeline-block-icon\"><svg stroke=\"currentColor\" fill=\"currentColor\" stroke-width=\"0\" viewbox=\"0 0 512 512\" height=\"1em\" width=\"1em\" xmlns=\"http:\/\/www.w3.org\/2000\/svg\"><path d=\"M256 8C119 8 8 119 8 256s111 248 248 248 248-111 248-248S393 8 256 8z\"><\/path><\/svg><\/div><div class=\"ctl-6 timeline-block-detail\"><div class=\"story-details\"><div class=\"story-content\">\n<h2 class=\"wp-block-heading ctlb-block-title has-gt-america-mono-font-family has-medium-font-size\" style=\"line-height:1.4;text-transform:uppercase\"><strong>THROUGH THE PROJECTS, WE WANT TO:<\/strong><\/h2>\n\n\n\n<p class=\"ctlb-block-desc\">- Improve living conditions for coffee farmers and local communities<\/p>\n\n\n\n<p class=\"ctlb-block-desc\">- Strengthen environmental protection and sustainable practices in coffee production<\/p>\n\n\n\n<p class=\"ctlb-block-desc\">- Ensure long-term quality in coffee production through responsible and repeatable processes<\/p>\n<\/div><\/div><\/div><\/div><\/div><\/div>\n\n\n\n<div class=\"wp-block-cp-timeline-content-timeline-block-child  timeline-quote\"><div class=\"timeline-content icon-dot\"><div class=\"timeline-block-timeline ctl-row  position-right\"><div class=\"ctl-6 timeline-block-time\"><div class=\"story-time\"><span>Coffee farmer Sergio Ticas from Los Planes <br>in El Salvador looks for leaf rust on the coffee trees.<\/span><\/div><\/div><div class=\"timeline-block-icon\"><svg stroke=\"currentColor\" fill=\"currentColor\" stroke-width=\"0\" viewbox=\"0 0 512 512\" height=\"1em\" width=\"1em\" xmlns=\"http:\/\/www.w3.org\/2000\/svg\"><path d=\"M256 8C119 8 8 119 8 256s111 248 248 248 248-111 248-248S393 8 256 8z\"><\/path><\/svg><\/div><div class=\"ctl-6 timeline-block-detail\"><div class=\"story-details\"><div class=\"story-content\">\n<figure class=\"wp-block-image size-large ctlb-block-image is-style-rounded is-style-rounded--2\"><img loading=\"lazy\" decoding=\"async\" width=\"768\" height=\"1024\" src=\"https:\/\/sh.no\/wp-content\/uploads\/2025\/05\/20250307_122407-768x1024.jpg\" alt=\"\" class=\"wp-image-7625\" srcset=\"https:\/\/sh.no\/wp-content\/uploads\/2025\/05\/20250307_122407-768x1024.jpg 768w, https:\/\/sh.no\/wp-content\/uploads\/2025\/05\/20250307_122407-225x300.jpg 225w, https:\/\/sh.no\/wp-content\/uploads\/2025\/05\/20250307_122407-1152x1536.jpg 1152w, https:\/\/sh.no\/wp-content\/uploads\/2025\/05\/20250307_122407-1536x2048.jpg 1536w, https:\/\/sh.no\/wp-content\/uploads\/2025\/05\/20250307_122407-9x12.jpg 9w, https:\/\/sh.no\/wp-content\/uploads\/2025\/05\/20250307_122407-scaled.jpg 1920w\" sizes=\"auto, (max-width: 768px) 100vw, 768px\" \/><\/figure>\n\n\n\n<p><\/p>\n<\/div><\/div><\/div><\/div><\/div><\/div>\n\n\n\n<div class=\"wp-block-cp-timeline-content-timeline-block-child  timeline-quote\"><div class=\"timeline-content icon-dot\"><div class=\"timeline-block-timeline ctl-row  position-right\"><div class=\"ctl-6 timeline-block-time\"><div class=\"story-time\"><span>THE WAY FORWARD<\/span><\/div><\/div><div class=\"timeline-block-icon\"><svg stroke=\"currentColor\" fill=\"currentColor\" stroke-width=\"0\" viewbox=\"0 0 512 512\" height=\"1em\" width=\"1em\" xmlns=\"http:\/\/www.w3.org\/2000\/svg\"><path d=\"M256 8C119 8 8 119 8 256s111 248 248 248 248-111 248-248S393 8 256 8z\"><\/path><\/svg><\/div><div class=\"ctl-6 timeline-block-detail\"><div class=\"story-details\"><div class=\"story-content\">\n<h2 class=\"wp-block-heading ctlb-block-title has-gt-america-mono-font-family has-medium-font-size\" style=\"line-height:1.4;text-transform:uppercase\"><strong>SELECTION OF PROJECTS<\/strong><\/h2>\n\n\n\n<p class=\"ctlb-block-desc\">Our buyers are now working to identify potential development projects at our coffee suppliers. An action plan will then be developed for the selected projects, before we start implementing the various measures. <\/p>\n\n\n\n<p class=\"ctlb-block-desc\">When the projects are launched, you will find more information on this page.<\/p>\n\n\n\n<div class=\"wp-block-buttons is-layout-flex wp-block-buttons-is-layout-flex\">\n<div class=\"wp-block-button\"><a class=\"wp-block-button__link has-white-color has-dark-green-background-color has-text-color has-background has-link-color has-gt-america-font-family wp-element-button\" href=\"https:\/\/sh.no\/en\/newspaper\/?query-13-page=1&amp;filter-13-category=kaffebonder\">Read more about the coffee farmers we buy from<\/a><\/div>\n<\/div>\n<\/div><\/div><\/div><\/div><\/div><\/div>\n<\/div><\/div><\/div><\/div>\n\n\n\n<div style=\"height:100px\" aria-hidden=\"true\" class=\"wp-block-spacer\"><\/div>\n<\/div>\n<\/div>\n<\/div>\n<\/div>","protected":false},"excerpt":{"rendered":"<p>V\u00e5re utviklingsprosjekter I Solberg &amp; Hansen vil vi bidra til \u00e5 skape betydelige forbedringer for mennesker og milj\u00f8 i hele v\u00e5r vedikjede \u2013 fra b\u00f8nne til kopp. Gjennom v\u00e5re utviklingsprosjekter gj\u00f8r vi det vi kan for \u00e5 sikre fremtiden til v\u00e5re kaffeleverand\u00f8rer og s\u00f8rger for at vi kan tilby deg nye, fremragende kaffepartier \u00e5r etter [&hellip;]<\/p>\n","protected":false},"author":1,"featured_media":7625,"parent":15,"menu_order":0,"comment_status":"closed","ping_status":"closed","template":"","meta":{"_acf_changed":false,"inline_featured_image":false,"footnotes":""},"class_list":["post-2112","page","type-page","status-publish","has-post-thumbnail","hentry"],"acf":[],"yoast_head":"<!-- This site is optimized with the Yoast SEO plugin v27.2 - https:\/\/yoast.com\/product\/yoast-seo-wordpress\/ -->\n<title>Utviklingsprosjekter - Solberg og Hansen<\/title>\n<meta name=\"description\" content=\"Gjennom Solberg &amp; Hansens utviklingsprosjekter gj\u00f8r vi det vi kan for \u00e5 sikre fremtiden til v\u00e5re kaffeleverand\u00f8rer.\" \/>\n<meta name=\"robots\" content=\"index, follow, max-snippet:-1, max-image-preview:large, max-video-preview:-1\" \/>\n<link rel=\"canonical\" href=\"https:\/\/sh.no\/en\/buoyancy\/development-projects\/\" \/>\n<meta property=\"og:locale\" content=\"en_GB\" \/>\n<meta property=\"og:type\" content=\"article\" \/>\n<meta property=\"og:title\" content=\"Utviklingsprosjekter - Solberg og Hansen\" \/>\n<meta property=\"og:description\" content=\"Gjennom Solberg &amp; Hansens utviklingsprosjekter gj\u00f8r vi det vi kan for \u00e5 sikre fremtiden til v\u00e5re kaffeleverand\u00f8rer.\" \/>\n<meta property=\"og:url\" content=\"https:\/\/sh.no\/en\/buoyancy\/development-projects\/\" \/>\n<meta property=\"og:site_name\" content=\"Solberg og Hansen\" \/>\n<meta property=\"article:modified_time\" content=\"2025-09-09T15:18:30+00:00\" \/>\n<meta property=\"og:image\" content=\"https:\/\/sh.no\/wp-content\/uploads\/2025\/05\/20250307_122407-scaled.jpg\" \/>\n\t<meta property=\"og:image:width\" content=\"1920\" \/>\n\t<meta property=\"og:image:height\" content=\"2560\" \/>\n\t<meta property=\"og:image:type\" content=\"image\/jpeg\" \/>\n<meta name=\"twitter:card\" content=\"summary_large_image\" \/>\n<meta name=\"twitter:label1\" content=\"Est. reading time\" \/>\n\t<meta name=\"twitter:data1\" content=\"3 minutes\" \/>\n<script type=\"application\/ld+json\" class=\"yoast-schema-graph\">{\"@context\":\"https:\/\/schema.org\",\"@graph\":[{\"@type\":\"WebPage\",\"@id\":\"https:\/\/sh.no\/baerekraft\/utviklingsprosjekter\/\",\"url\":\"https:\/\/sh.no\/baerekraft\/utviklingsprosjekter\/\",\"name\":\"Utviklingsprosjekter - Solberg og Hansen\",\"isPartOf\":{\"@id\":\"https:\/\/sh.no\/#website\"},\"primaryImageOfPage\":{\"@id\":\"https:\/\/sh.no\/baerekraft\/utviklingsprosjekter\/#primaryimage\"},\"image\":{\"@id\":\"https:\/\/sh.no\/baerekraft\/utviklingsprosjekter\/#primaryimage\"},\"thumbnailUrl\":\"https:\/\/sh.no\/wp-content\/uploads\/2025\/05\/20250307_122407-scaled.jpg\",\"datePublished\":\"2024-10-29T10:13:17+00:00\",\"dateModified\":\"2025-09-09T15:18:30+00:00\",\"description\":\"Gjennom Solberg & Hansens utviklingsprosjekter gj\u00f8r vi det vi kan for \u00e5 sikre fremtiden til v\u00e5re kaffeleverand\u00f8rer.\",\"breadcrumb\":{\"@id\":\"https:\/\/sh.no\/baerekraft\/utviklingsprosjekter\/#breadcrumb\"},\"inLanguage\":\"en-GB\",\"potentialAction\":[{\"@type\":\"ReadAction\",\"target\":[\"https:\/\/sh.no\/baerekraft\/utviklingsprosjekter\/\"]}]},{\"@type\":\"ImageObject\",\"inLanguage\":\"en-GB\",\"@id\":\"https:\/\/sh.no\/baerekraft\/utviklingsprosjekter\/#primaryimage\",\"url\":\"https:\/\/sh.no\/wp-content\/uploads\/2025\/05\/20250307_122407-scaled.jpg\",\"contentUrl\":\"https:\/\/sh.no\/wp-content\/uploads\/2025\/05\/20250307_122407-scaled.jpg\",\"width\":1920,\"height\":2560},{\"@type\":\"BreadcrumbList\",\"@id\":\"https:\/\/sh.no\/baerekraft\/utviklingsprosjekter\/#breadcrumb\",\"itemListElement\":[{\"@type\":\"ListItem\",\"position\":1,\"name\":\"Hjem\",\"item\":\"https:\/\/sh.no\/\"},{\"@type\":\"ListItem\",\"position\":2,\"name\":\"B\u00e6rekraft\",\"item\":\"https:\/\/sh.no\/baerekraft\/\"},{\"@type\":\"ListItem\",\"position\":3,\"name\":\"Utviklingsprosjekter\"}]},{\"@type\":\"WebSite\",\"@id\":\"https:\/\/sh.no\/#website\",\"url\":\"https:\/\/sh.no\/\",\"name\":\"Solberg og Hansen\",\"description\":\"Inspirert av smak siden 1879\",\"publisher\":{\"@id\":\"https:\/\/sh.no\/#organization\"},\"potentialAction\":[{\"@type\":\"SearchAction\",\"target\":{\"@type\":\"EntryPoint\",\"urlTemplate\":\"https:\/\/sh.no\/?s={search_term_string}\"},\"query-input\":{\"@type\":\"PropertyValueSpecification\",\"valueRequired\":true,\"valueName\":\"search_term_string\"}}],\"inLanguage\":\"en-GB\"},{\"@type\":\"Organization\",\"@id\":\"https:\/\/sh.no\/#organization\",\"name\":\"Solberg og Hansen\",\"url\":\"https:\/\/sh.no\/\",\"logo\":{\"@type\":\"ImageObject\",\"inLanguage\":\"en-GB\",\"@id\":\"https:\/\/sh.no\/#\/schema\/logo\/image\/\",\"url\":\"https:\/\/sh.no\/wp-content\/uploads\/2024\/12\/SH_logo-1.svg\",\"contentUrl\":\"https:\/\/sh.no\/wp-content\/uploads\/2024\/12\/SH_logo-1.svg\",\"width\":453,\"height\":331,\"caption\":\"Solberg og Hansen\"},\"image\":{\"@id\":\"https:\/\/sh.no\/#\/schema\/logo\/image\/\"}}]}<\/script>\n<!-- \/ Yoast SEO plugin. -->","yoast_head_json":{"title":"Development projects - Solberg and Hansen","description":"Through Solberg &amp; Hansen's development projects, we are doing what we can to secure the future of our coffee suppliers.","robots":{"index":"index","follow":"follow","max-snippet":"max-snippet:-1","max-image-preview":"max-image-preview:large","max-video-preview":"max-video-preview:-1"},"canonical":"https:\/\/sh.no\/en\/buoyancy\/development-projects\/","og_locale":"en_GB","og_type":"article","og_title":"Utviklingsprosjekter - Solberg og Hansen","og_description":"Gjennom Solberg & Hansens utviklingsprosjekter gj\u00f8r vi det vi kan for \u00e5 sikre fremtiden til v\u00e5re kaffeleverand\u00f8rer.","og_url":"https:\/\/sh.no\/en\/buoyancy\/development-projects\/","og_site_name":"Solberg og Hansen","article_modified_time":"2025-09-09T15:18:30+00:00","og_image":[{"width":1920,"height":2560,"url":"https:\/\/sh.no\/wp-content\/uploads\/2025\/05\/20250307_122407-scaled.jpg","type":"image\/jpeg"}],"twitter_card":"summary_large_image","twitter_misc":{"Est. reading time":"3 minutes"},"schema":{"@context":"https:\/\/schema.org","@graph":[{"@type":"WebPage","@id":"https:\/\/sh.no\/baerekraft\/utviklingsprosjekter\/","url":"https:\/\/sh.no\/baerekraft\/utviklingsprosjekter\/","name":"Development projects - Solberg and Hansen","isPartOf":{"@id":"https:\/\/sh.no\/#website"},"primaryImageOfPage":{"@id":"https:\/\/sh.no\/baerekraft\/utviklingsprosjekter\/#primaryimage"},"image":{"@id":"https:\/\/sh.no\/baerekraft\/utviklingsprosjekter\/#primaryimage"},"thumbnailUrl":"https:\/\/sh.no\/wp-content\/uploads\/2025\/05\/20250307_122407-scaled.jpg","datePublished":"2024-10-29T10:13:17+00:00","dateModified":"2025-09-09T15:18:30+00:00","description":"Through Solberg &amp; Hansen's development projects, we are doing what we can to secure the future of our coffee suppliers.","breadcrumb":{"@id":"https:\/\/sh.no\/baerekraft\/utviklingsprosjekter\/#breadcrumb"},"inLanguage":"en-GB","potentialAction":[{"@type":"ReadAction","target":["https:\/\/sh.no\/baerekraft\/utviklingsprosjekter\/"]}]},{"@type":"ImageObject","inLanguage":"en-GB","@id":"https:\/\/sh.no\/baerekraft\/utviklingsprosjekter\/#primaryimage","url":"https:\/\/sh.no\/wp-content\/uploads\/2025\/05\/20250307_122407-scaled.jpg","contentUrl":"https:\/\/sh.no\/wp-content\/uploads\/2025\/05\/20250307_122407-scaled.jpg","width":1920,"height":2560},{"@type":"BreadcrumbList","@id":"https:\/\/sh.no\/baerekraft\/utviklingsprosjekter\/#breadcrumb","itemListElement":[{"@type":"ListItem","position":1,"name":"Hjem","item":"https:\/\/sh.no\/"},{"@type":"ListItem","position":2,"name":"B\u00e6rekraft","item":"https:\/\/sh.no\/baerekraft\/"},{"@type":"ListItem","position":3,"name":"Utviklingsprosjekter"}]},{"@type":"WebSite","@id":"https:\/\/sh.no\/#website","url":"https:\/\/sh.no\/","name":"Solberg and Hansen","description":"Inspired by flavour since 1879","publisher":{"@id":"https:\/\/sh.no\/#organization"},"potentialAction":[{"@type":"SearchAction","target":{"@type":"EntryPoint","urlTemplate":"https:\/\/sh.no\/?s={search_term_string}"},"query-input":{"@type":"PropertyValueSpecification","valueRequired":true,"valueName":"search_term_string"}}],"inLanguage":"en-GB"},{"@type":"Organization","@id":"https:\/\/sh.no\/#organization","name":"Solberg and Hansen","url":"https:\/\/sh.no\/","logo":{"@type":"ImageObject","inLanguage":"en-GB","@id":"https:\/\/sh.no\/#\/schema\/logo\/image\/","url":"https:\/\/sh.no\/wp-content\/uploads\/2024\/12\/SH_logo-1.svg","contentUrl":"https:\/\/sh.no\/wp-content\/uploads\/2024\/12\/SH_logo-1.svg","width":453,"height":331,"caption":"Solberg og Hansen"},"image":{"@id":"https:\/\/sh.no\/#\/schema\/logo\/image\/"}}]}},"_links":{"self":[{"href":"https:\/\/sh.no\/en\/wp-json\/wp\/v2\/pages\/2112","targetHints":{"allow":["GET"]}}],"collection":[{"href":"https:\/\/sh.no\/en\/wp-json\/wp\/v2\/pages"}],"about":[{"href":"https:\/\/sh.no\/en\/wp-json\/wp\/v2\/types\/page"}],"author":[{"embeddable":true,"href":"https:\/\/sh.no\/en\/wp-json\/wp\/v2\/users\/1"}],"replies":[{"embeddable":true,"href":"https:\/\/sh.no\/en\/wp-json\/wp\/v2\/comments?post=2112"}],"version-history":[{"count":31,"href":"https:\/\/sh.no\/en\/wp-json\/wp\/v2\/pages\/2112\/revisions"}],"predecessor-version":[{"id":9114,"href":"https:\/\/sh.no\/en\/wp-json\/wp\/v2\/pages\/2112\/revisions\/9114"}],"up":[{"embeddable":true,"href":"https:\/\/sh.no\/en\/wp-json\/wp\/v2\/pages\/15"}],"wp:featuredmedia":[{"embeddable":true,"href":"https:\/\/sh.no\/en\/wp-json\/wp\/v2\/media\/7625"}],"wp:attachment":[{"href":"https:\/\/sh.no\/en\/wp-json\/wp\/v2\/media?parent=2112"}],"curies":[{"name":"wp","href":"https:\/\/api.w.org\/{rel}","templated":true}]}}