{"id":217,"date":"2024-09-20T13:33:46","date_gmt":"2024-09-20T11:33:46","guid":{"rendered":"https:\/\/sh.no\/?page_id=217"},"modified":"2025-09-10T11:03:33","modified_gmt":"2025-09-10T09:03:33","slug":"coffee-supplier","status":"publish","type":"page","link":"https:\/\/sh.no\/en\/kaffeleverandor\/","title":{"rendered":"Business customer"},"content":{"rendered":"<div class=\"wp-block-group alignfull has-light-beige-background-color has-background has-global-padding is-layout-constrained wp-block-group-is-layout-constrained\" style=\"padding-top:var(--wp--preset--spacing--50);padding-bottom:var(--wp--preset--spacing--50)\">\n<div class=\"wp-block-group alignwide has-global-padding is-layout-constrained wp-block-group-is-layout-constrained\">\n<div style=\"height:130px\" aria-hidden=\"true\" class=\"wp-block-spacer hide-mobile\"><\/div>\n\n\n\n<div style=\"height:70px\" aria-hidden=\"true\" class=\"wp-block-spacer hide-large\"><\/div>\n\n\n\n<div style=\"height:40px\" aria-hidden=\"true\" class=\"wp-block-spacer\"><\/div>\n\n\n\n<div class=\"wp-block-columns is-layout-flex wp-container-core-columns-is-layout-ec2e7a44 wp-block-columns-is-layout-flex\" style=\"padding-top:0;padding-bottom:0\">\n<div class=\"wp-block-column is-layout-flow wp-block-column-is-layout-flow\">\n<p class=\"border-left has-gt-america-mono-font-family\">BUSINESS CUSTOMER<\/p>\n<\/div>\n<\/div>\n\n\n\n<div style=\"height:20px\" aria-hidden=\"true\" class=\"wp-block-spacer hide-mobile\"><\/div>\n\n\n\n<div style=\"height:20px\" aria-hidden=\"true\" class=\"wp-block-spacer\"><\/div>\n\n\n\n<div class=\"wp-block-group alignwide has-global-padding is-layout-constrained wp-block-group-is-layout-constrained\">\n<div class=\"wp-block-columns is-layout-flex wp-container-core-columns-is-layout-28f84493 wp-block-columns-is-layout-flex\">\n<div class=\"wp-block-column is-vertically-aligned-center is-layout-flow wp-block-column-is-layout-flow\">\n<h2 class=\"wp-block-heading has-lydian-bt-font-family has-xx-large-font-size\">Your supplier of coffee, tea and accessories<\/h2>\n<\/div>\n\n\n\n<div class=\"wp-block-column hide-mobile is-layout-flow wp-block-column-is-layout-flow\" style=\"flex-basis:10%\"><\/div>\n\n\n\n<div class=\"wp-block-column is-vertically-aligned-center is-layout-flow wp-block-column-is-layout-flow\">\n<p class=\"has-medium-font-size\">Coffee shop, caf\u00e9, restaurant or office? We have the coffee, tea and accessories you need and would love to help you offer your customers, guests or employees great flavour experiences.<\/p>\n<\/div>\n<\/div>\n<\/div>\n\n\n\n<div style=\"height:20px\" aria-hidden=\"true\" class=\"wp-block-spacer\"><\/div>\n\n\n\n<div style=\"height:45px\" aria-hidden=\"true\" class=\"wp-block-spacer hide-mobile\"><\/div>\n\n\n\n<div class=\"wp-block-columns is-layout-flex wp-container-core-columns-is-layout-28f84493 wp-block-columns-is-layout-flex\">\n<div class=\"wp-block-column is-vertically-aligned-top border-radius left-padding-mobile has-beige-background-color has-background is-layout-flow wp-block-column-is-layout-flow\" style=\"padding-top:var(--wp--preset--spacing--30);padding-right:0;padding-bottom:var(--wp--preset--spacing--50);padding-left:var(--wp--preset--spacing--30);flex-basis:40%\">\n<div style=\"height:5px\" aria-hidden=\"true\" class=\"wp-block-spacer hide-large\"><\/div>\n\n\n\n<div class=\"wp-block-columns is-not-stacked-on-mobile is-layout-flex wp-container-core-columns-is-layout-28f84493 wp-block-columns-is-layout-flex\">\n<div class=\"wp-block-column bottom-line is-layout-flow wp-block-column-is-layout-flow\" style=\"flex-basis:90%\">\n<a class=\"fast-links\" href=\"https:\/\/sh.no\/en\/bedriftskunde\/office-coffee\/\">\n\n\n\n<div class=\"wp-block-columns is-not-stacked-on-mobile is-layout-flex wp-container-core-columns-is-layout-28f84493 wp-block-columns-is-layout-flex\">\n<div class=\"wp-block-column is-vertically-aligned-center is-layout-flow wp-block-column-is-layout-flow\" style=\"flex-basis:70%\">\n<p class=\"link-front eplus-wrapper has-gt-america-font-family\" style=\"font-size:clamp(0.875rem, 0.875rem + ((1vw - 0.2rem) * 0.217), 1.1rem);font-style:normal;font-weight:700\">Office coffee<\/p>\n<\/div>\n\n\n\n<div class=\"wp-block-column is-layout-flow wp-block-column-is-layout-flow\">\n<figure class=\"wp-block-image alignright size-large is-resized\"><img decoding=\"async\" src=\"https:\/\/nordiccrane.com\/no\/wp-content\/uploads\/sites\/2\/2023\/11\/arrow-left-black.svg\" alt=\"\" class=\"wp-image-95\" style=\"width:22px\"\/><\/figure>\n<\/div>\n<\/div>\n\n\n\n<div style=\"height:10px\" aria-hidden=\"true\" class=\"wp-block-spacer\"><\/div>\n\n\n\n<\/a>\n<\/div>\n<\/div>\n\n\n\n<div class=\"wp-block-columns is-not-stacked-on-mobile is-layout-flex wp-container-core-columns-is-layout-28f84493 wp-block-columns-is-layout-flex\">\n<div class=\"wp-block-column bottom-line is-layout-flow wp-block-column-is-layout-flow\" style=\"flex-basis:90%\">\n<a class=\"fast-links\" href=\"https:\/\/sh.no\/en\/bedriftskunde\/serving\/\">\n\n\n\n<div class=\"wp-block-columns is-not-stacked-on-mobile is-layout-flex wp-container-core-columns-is-layout-28f84493 wp-block-columns-is-layout-flex\">\n<div class=\"wp-block-column is-vertically-aligned-center is-layout-flow wp-block-column-is-layout-flow\">\n<p class=\"link-front eplus-wrapper has-gt-america-font-family\" style=\"font-size:clamp(0.875rem, 0.875rem + ((1vw - 0.2rem) * 0.217), 1.1rem);font-style:normal;font-weight:700\">Caf\u00e9s and restaurants<\/p>\n<\/div>\n\n\n\n<div class=\"wp-block-column is-layout-flow wp-block-column-is-layout-flow\">\n<figure class=\"wp-block-image alignright size-large is-resized\"><img decoding=\"async\" src=\"https:\/\/nordiccrane.com\/no\/wp-content\/uploads\/sites\/2\/2023\/11\/arrow-left-black.svg\" alt=\"\" class=\"wp-image-95\" style=\"width:22px\"\/><\/figure>\n<\/div>\n<\/div>\n\n\n\n<div style=\"height:10px\" aria-hidden=\"true\" class=\"wp-block-spacer\"><\/div>\n\n\n\n<\/a>\n<\/div>\n<\/div>\n\n\n\n<div class=\"wp-block-columns is-not-stacked-on-mobile is-layout-flex wp-container-core-columns-is-layout-28f84493 wp-block-columns-is-layout-flex\">\n<div class=\"wp-block-column bottom-line is-layout-flow wp-block-column-is-layout-flow\" style=\"flex-basis:90%\">\n<a class=\"fast-links\" href=\"https:\/\/sh.no\/en\/bedriftskunde\/shop\/\">\n\n\n\n<div class=\"wp-block-columns is-not-stacked-on-mobile is-layout-flex wp-container-core-columns-is-layout-28f84493 wp-block-columns-is-layout-flex\">\n<div class=\"wp-block-column is-vertically-aligned-center is-layout-flow wp-block-column-is-layout-flow\" style=\"flex-basis:70%\">\n<p class=\"link-front eplus-wrapper has-gt-america-font-family\" style=\"font-size:clamp(0.875rem, 0.875rem + ((1vw - 0.2rem) * 0.217), 1.1rem);font-style:normal;font-weight:700\">Shops<\/p>\n<\/div>\n\n\n\n<div class=\"wp-block-column is-layout-flow wp-block-column-is-layout-flow\">\n<figure class=\"wp-block-image alignright size-large is-resized\"><img decoding=\"async\" src=\"https:\/\/nordiccrane.com\/no\/wp-content\/uploads\/sites\/2\/2023\/11\/arrow-left-black.svg\" alt=\"\" class=\"wp-image-95\" style=\"width:22px\"\/><\/figure>\n<\/div>\n<\/div>\n\n\n\n<div style=\"height:10px\" aria-hidden=\"true\" class=\"wp-block-spacer\"><\/div>\n\n\n\n<\/a>\n<\/div>\n<\/div>\n\n\n\n<div class=\"wp-block-columns is-not-stacked-on-mobile is-layout-flex wp-container-core-columns-is-layout-28f84493 wp-block-columns-is-layout-flex\">\n<div class=\"wp-block-column bottom-line is-layout-flow wp-block-column-is-layout-flow\" style=\"flex-basis:90%\">\n<a class=\"fast-links\" href=\"https:\/\/sh.no\/en\/bedriftskunde\/international-shipping\/\">\n\n\n\n<div class=\"wp-block-columns is-not-stacked-on-mobile is-layout-flex wp-container-core-columns-is-layout-28f84493 wp-block-columns-is-layout-flex\">\n<div class=\"wp-block-column is-vertically-aligned-center is-layout-flow wp-block-column-is-layout-flow\" style=\"flex-basis:70%\">\n<p class=\"link-front eplus-wrapper has-gt-america-font-family\" style=\"font-size:clamp(0.875rem, 0.875rem + ((1vw - 0.2rem) * 0.217), 1.1rem);font-style:normal;font-weight:700\">International shipping<\/p>\n<\/div>\n\n\n\n<div class=\"wp-block-column is-vertically-aligned-center is-layout-flow wp-block-column-is-layout-flow\">\n<figure class=\"wp-block-image alignright size-large is-resized\"><img decoding=\"async\" src=\"https:\/\/nordiccrane.com\/no\/wp-content\/uploads\/sites\/2\/2023\/11\/arrow-left-black.svg\" alt=\"\" class=\"wp-image-95\" style=\"width:22px\"\/><\/figure>\n<\/div>\n<\/div>\n\n\n\n<div style=\"height:10px\" aria-hidden=\"true\" class=\"wp-block-spacer\"><\/div>\n\n\n\n<\/a>\n<\/div>\n<\/div>\n<\/div>\n\n\n\n<div class=\"wp-block-column padding-box-mobile border-radius has-beige-background-color has-background is-layout-flow wp-block-column-is-layout-flow\" style=\"padding-top:var(--wp--preset--spacing--40);padding-right:var(--wp--preset--spacing--30);padding-bottom:var(--wp--preset--spacing--30);padding-left:var(--wp--preset--spacing--30);flex-basis:30%\">\n<p>Join us if you want world-class coffee, tea and accessories with first-class service.<\/p>\n\n\n\n<div class=\"wp-block-buttons is-layout-flex wp-block-buttons-is-layout-flex\">\n<div class=\"wp-block-button\"><a class=\"wp-block-button__link has-white-color has-dark-green-background-color has-text-color has-background has-link-color wp-element-button\" href=\"https:\/\/b2bshop.sh.no\/Kunderegistrering\/?webshop=b2bshop\">Become a customer here <img loading=\"lazy\" decoding=\"async\" width=\"20\" height=\"17\" class=\"wp-image-178\" style=\"width: 20px;\" src=\"https:\/\/sh.no\/wp-content\/uploads\/2024\/09\/arrow-left-white.svg\" alt=\"\"><\/a><\/div>\n<\/div>\n<\/div>\n\n\n\n<div class=\"wp-block-column padding-box-mobile border-radius has-beige-background-color has-background is-layout-flow wp-block-column-is-layout-flow\" style=\"padding-top:var(--wp--preset--spacing--40);padding-right:var(--wp--preset--spacing--30);padding-bottom:var(--wp--preset--spacing--30);padding-left:var(--wp--preset--spacing--30);flex-basis:30%\">\n<p>Here you will find our <a href=\"https:\/\/indd.adobe.com\/view\/4b57d9c9-e5dc-4a1e-b358-693f1be6ca9c\">terms of sale and delivery<\/a>.<\/p>\n\n\n\n<div style=\"height:7px\" aria-hidden=\"true\" class=\"wp-block-spacer\"><\/div>\n\n\n\n<p class=\"has-gt-america-font-family\" style=\"font-style:normal;font-weight:700\"><strong>Any questions? Get in touch:<\/strong><\/p>\n\n\n\n<p class=\"center-aligned\"><img loading=\"lazy\" decoding=\"async\" width=\"22\" height=\"19\" class=\"wp-image-1091\" style=\"width: 22px;\" src=\"https:\/\/sh.no\/wp-content\/uploads\/2024\/10\/noun-email-7296944.svg\" alt=\"\"> <a href=\"mailto:post@sh.no\">post@sh.no<\/a><\/p>\n\n\n\n<p class=\"center-aligned\"><img loading=\"lazy\" decoding=\"async\" width=\"22\" height=\"22\" class=\"wp-image-1090\" style=\"width: 22px;\" src=\"https:\/\/sh.no\/wp-content\/uploads\/2024\/10\/noun-phone-7296927.svg\" alt=\"\"><a href=\"tel: (+47) 23 03 68 20\">(+47) 23 03 68 20<\/a><\/p>\n<\/div>\n<\/div>\n\n\n\n<div style=\"height:50px\" aria-hidden=\"true\" class=\"wp-block-spacer\"><\/div>\n\n\n\n<div style=\"height:50px\" aria-hidden=\"true\" class=\"wp-block-spacer hide-mobile\"><\/div>\n<\/div>\n<\/div>\n\n\n\n<div class=\"wp-block-cover alignfull is-light has-parallax\"><div class=\"wp-block-cover__image-background wp-image-7716 size-full has-parallax\" style=\"background-position:50% 50%;background-image:url(https:\/\/sh.no\/wp-content\/uploads\/2025\/05\/sogh_290824_0526-scaled.jpg)\"><\/div><span aria-hidden=\"true\" class=\"wp-block-cover__background has-light-green-background-color has-background-dim-0 has-background-dim\"><\/span><div class=\"wp-block-cover__inner-container has-global-padding is-layout-constrained wp-block-cover-is-layout-constrained\">\n<p class=\"has-text-align-center has-white-color has-text-color has-link-color has-lydian-bt-font-family has-xx-large-font-size wp-elements-38266bfa31cd370c78f72eba1391a6ac\" style=\"margin-top:var(--wp--preset--spacing--30);margin-bottom:var(--wp--preset--spacing--30)\">We have Norway's widest range of speciality coffees<\/p>\n\n\n\n<div class=\"wp-block-buttons is-content-justification-center is-layout-flex wp-container-core-buttons-is-layout-a89b3969 wp-block-buttons-is-layout-flex\">\n<div class=\"wp-block-button\"><a class=\"wp-block-button__link has-white-color has-dark-green-background-color has-text-color has-background has-link-color has-text-align-center wp-element-button\" href=\"https:\/\/sh.no\/en\/coffee\/\">Read more about our coffee<img loading=\"lazy\" decoding=\"async\" width=\"20\" height=\"17\" class=\"wp-image-178\" style=\"width: 20px;\" src=\"https:\/\/sh.no\/wp-content\/uploads\/2024\/09\/arrow-left-white.svg\" alt=\"\"><\/a><\/div>\n<\/div>\n<\/div><\/div>","protected":false},"excerpt":{"rendered":"<p>BEDRIFTSKUNDE Din leverand\u00f8r av kaffe, te og tilbeh\u00f8r Kaffebar, serveringsted, butikk eller kontor? Vi har det du trenger av kaffe, te, s\u00f8te fristelser og tilbeh\u00f8r, og vil gjerne hjelpe deg \u00e5 tilby dine kunder, gjester eller ansatte store smaksopplevelser. Kontorkaffe Servering Butikk International shipping Bli kunde hos oss om du \u00f8nsker kaffe, te og tilbeh\u00f8r [&hellip;]<\/p>\n","protected":false},"author":1,"featured_media":7716,"parent":0,"menu_order":0,"comment_status":"closed","ping_status":"closed","template":"","meta":{"_acf_changed":false,"inline_featured_image":false,"footnotes":""},"class_list":["post-217","page","type-page","status-publish","has-post-thumbnail","hentry"],"acf":[],"yoast_head":"<!-- This site is optimized with the Yoast SEO plugin v27.4 - https:\/\/yoast.com\/product\/yoast-seo-wordpress\/ -->\n<title>Bedriftskunde - Solberg og Hansen<\/title>\n<meta name=\"description\" content=\"Kaffebar, serveringsted, butikk eller kontor? Solberg &amp; Hansen har det du trenger av kaffe, te, s\u00f8te fristelser og tilbeh\u00f8r.\" \/>\n<meta name=\"robots\" content=\"index, follow, max-snippet:-1, max-image-preview:large, max-video-preview:-1\" \/>\n<link rel=\"canonical\" href=\"https:\/\/sh.no\/en\/coffee-supplier\/\" \/>\n<meta property=\"og:locale\" content=\"en_GB\" \/>\n<meta property=\"og:type\" content=\"article\" \/>\n<meta property=\"og:title\" content=\"Bedriftskunde - Solberg og Hansen\" \/>\n<meta property=\"og:description\" content=\"Kaffebar, serveringsted, butikk eller kontor? Solberg &amp; Hansen har det du trenger av kaffe, te, s\u00f8te fristelser og tilbeh\u00f8r.\" \/>\n<meta property=\"og:url\" content=\"https:\/\/sh.no\/en\/coffee-supplier\/\" \/>\n<meta property=\"og:site_name\" content=\"Solberg og Hansen\" \/>\n<meta property=\"article:modified_time\" content=\"2025-09-10T09:03:33+00:00\" \/>\n<meta property=\"og:image\" content=\"https:\/\/sh.no\/wp-content\/uploads\/2025\/05\/sogh_290824_0526-scaled.jpg\" \/>\n\t<meta property=\"og:image:width\" content=\"2560\" \/>\n\t<meta property=\"og:image:height\" content=\"1707\" \/>\n\t<meta property=\"og:image:type\" content=\"image\/jpeg\" \/>\n<meta name=\"twitter:card\" content=\"summary_large_image\" \/>\n<meta name=\"twitter:label1\" content=\"Est. reading time\" \/>\n\t<meta name=\"twitter:data1\" content=\"3 minutes\" \/>\n<script type=\"application\/ld+json\" class=\"yoast-schema-graph\">{\"@context\":\"https:\\\/\\\/schema.org\",\"@graph\":[{\"@type\":\"WebPage\",\"@id\":\"https:\\\/\\\/sh.no\\\/kaffeleverandor\\\/\",\"url\":\"https:\\\/\\\/sh.no\\\/kaffeleverandor\\\/\",\"name\":\"Bedriftskunde - Solberg og Hansen\",\"isPartOf\":{\"@id\":\"https:\\\/\\\/sh.no\\\/#website\"},\"primaryImageOfPage\":{\"@id\":\"https:\\\/\\\/sh.no\\\/kaffeleverandor\\\/#primaryimage\"},\"image\":{\"@id\":\"https:\\\/\\\/sh.no\\\/kaffeleverandor\\\/#primaryimage\"},\"thumbnailUrl\":\"https:\\\/\\\/sh.no\\\/wp-content\\\/uploads\\\/2025\\\/05\\\/sogh_290824_0526-scaled.jpg\",\"datePublished\":\"2024-09-20T11:33:46+00:00\",\"dateModified\":\"2025-09-10T09:03:33+00:00\",\"description\":\"Kaffebar, serveringsted, butikk eller kontor? Solberg & Hansen har det du trenger av kaffe, te, s\u00f8te fristelser og tilbeh\u00f8r.\",\"breadcrumb\":{\"@id\":\"https:\\\/\\\/sh.no\\\/kaffeleverandor\\\/#breadcrumb\"},\"inLanguage\":\"en-GB\",\"potentialAction\":[{\"@type\":\"ReadAction\",\"target\":[\"https:\\\/\\\/sh.no\\\/kaffeleverandor\\\/\"]}]},{\"@type\":\"ImageObject\",\"inLanguage\":\"en-GB\",\"@id\":\"https:\\\/\\\/sh.no\\\/kaffeleverandor\\\/#primaryimage\",\"url\":\"https:\\\/\\\/sh.no\\\/wp-content\\\/uploads\\\/2025\\\/05\\\/sogh_290824_0526-scaled.jpg\",\"contentUrl\":\"https:\\\/\\\/sh.no\\\/wp-content\\\/uploads\\\/2025\\\/05\\\/sogh_290824_0526-scaled.jpg\",\"width\":2560,\"height\":1707},{\"@type\":\"BreadcrumbList\",\"@id\":\"https:\\\/\\\/sh.no\\\/kaffeleverandor\\\/#breadcrumb\",\"itemListElement\":[{\"@type\":\"ListItem\",\"position\":1,\"name\":\"Hjem\",\"item\":\"https:\\\/\\\/sh.no\\\/\"},{\"@type\":\"ListItem\",\"position\":2,\"name\":\"Bedriftskunde\"}]},{\"@type\":\"WebSite\",\"@id\":\"https:\\\/\\\/sh.no\\\/#website\",\"url\":\"https:\\\/\\\/sh.no\\\/\",\"name\":\"Solberg og Hansen\",\"description\":\"Inspirert av smak siden 1879\",\"publisher\":{\"@id\":\"https:\\\/\\\/sh.no\\\/#organization\"},\"potentialAction\":[{\"@type\":\"SearchAction\",\"target\":{\"@type\":\"EntryPoint\",\"urlTemplate\":\"https:\\\/\\\/sh.no\\\/?s={search_term_string}\"},\"query-input\":{\"@type\":\"PropertyValueSpecification\",\"valueRequired\":true,\"valueName\":\"search_term_string\"}}],\"inLanguage\":\"en-GB\"},{\"@type\":\"Organization\",\"@id\":\"https:\\\/\\\/sh.no\\\/#organization\",\"name\":\"Solberg og Hansen\",\"url\":\"https:\\\/\\\/sh.no\\\/\",\"logo\":{\"@type\":\"ImageObject\",\"inLanguage\":\"en-GB\",\"@id\":\"https:\\\/\\\/sh.no\\\/#\\\/schema\\\/logo\\\/image\\\/\",\"url\":\"https:\\\/\\\/sh.no\\\/wp-content\\\/uploads\\\/2024\\\/12\\\/SH_logo-1.svg\",\"contentUrl\":\"https:\\\/\\\/sh.no\\\/wp-content\\\/uploads\\\/2024\\\/12\\\/SH_logo-1.svg\",\"width\":453,\"height\":331,\"caption\":\"Solberg og Hansen\"},\"image\":{\"@id\":\"https:\\\/\\\/sh.no\\\/#\\\/schema\\\/logo\\\/image\\\/\"}}]}<\/script>\n<!-- \/ Yoast SEO plugin. -->","yoast_head_json":{"title":"Business customer - Solberg and Hansen","description":"Coffee shop, catering outlet, shop or office? Solberg &amp; Hansen has everything you need in terms of coffee, tea, sweet temptations and accessories.","robots":{"index":"index","follow":"follow","max-snippet":"max-snippet:-1","max-image-preview":"max-image-preview:large","max-video-preview":"max-video-preview:-1"},"canonical":"https:\/\/sh.no\/en\/coffee-supplier\/","og_locale":"en_GB","og_type":"article","og_title":"Bedriftskunde - Solberg og Hansen","og_description":"Kaffebar, serveringsted, butikk eller kontor? Solberg & Hansen har det du trenger av kaffe, te, s\u00f8te fristelser og tilbeh\u00f8r.","og_url":"https:\/\/sh.no\/en\/coffee-supplier\/","og_site_name":"Solberg og Hansen","article_modified_time":"2025-09-10T09:03:33+00:00","og_image":[{"width":2560,"height":1707,"url":"https:\/\/sh.no\/wp-content\/uploads\/2025\/05\/sogh_290824_0526-scaled.jpg","type":"image\/jpeg"}],"twitter_card":"summary_large_image","twitter_misc":{"Est. reading time":"3 minutes"},"schema":{"@context":"https:\/\/schema.org","@graph":[{"@type":"WebPage","@id":"https:\/\/sh.no\/kaffeleverandor\/","url":"https:\/\/sh.no\/kaffeleverandor\/","name":"Business customer - Solberg and Hansen","isPartOf":{"@id":"https:\/\/sh.no\/#website"},"primaryImageOfPage":{"@id":"https:\/\/sh.no\/kaffeleverandor\/#primaryimage"},"image":{"@id":"https:\/\/sh.no\/kaffeleverandor\/#primaryimage"},"thumbnailUrl":"https:\/\/sh.no\/wp-content\/uploads\/2025\/05\/sogh_290824_0526-scaled.jpg","datePublished":"2024-09-20T11:33:46+00:00","dateModified":"2025-09-10T09:03:33+00:00","description":"Coffee shop, catering outlet, shop or office? Solberg &amp; Hansen has everything you need in terms of coffee, tea, sweet temptations and accessories.","breadcrumb":{"@id":"https:\/\/sh.no\/kaffeleverandor\/#breadcrumb"},"inLanguage":"en-GB","potentialAction":[{"@type":"ReadAction","target":["https:\/\/sh.no\/kaffeleverandor\/"]}]},{"@type":"ImageObject","inLanguage":"en-GB","@id":"https:\/\/sh.no\/kaffeleverandor\/#primaryimage","url":"https:\/\/sh.no\/wp-content\/uploads\/2025\/05\/sogh_290824_0526-scaled.jpg","contentUrl":"https:\/\/sh.no\/wp-content\/uploads\/2025\/05\/sogh_290824_0526-scaled.jpg","width":2560,"height":1707},{"@type":"BreadcrumbList","@id":"https:\/\/sh.no\/kaffeleverandor\/#breadcrumb","itemListElement":[{"@type":"ListItem","position":1,"name":"Hjem","item":"https:\/\/sh.no\/"},{"@type":"ListItem","position":2,"name":"Bedriftskunde"}]},{"@type":"WebSite","@id":"https:\/\/sh.no\/#website","url":"https:\/\/sh.no\/","name":"Solberg and Hansen","description":"Inspired by flavour since 1879","publisher":{"@id":"https:\/\/sh.no\/#organization"},"potentialAction":[{"@type":"SearchAction","target":{"@type":"EntryPoint","urlTemplate":"https:\/\/sh.no\/?s={search_term_string}"},"query-input":{"@type":"PropertyValueSpecification","valueRequired":true,"valueName":"search_term_string"}}],"inLanguage":"en-GB"},{"@type":"Organization","@id":"https:\/\/sh.no\/#organization","name":"Solberg and Hansen","url":"https:\/\/sh.no\/","logo":{"@type":"ImageObject","inLanguage":"en-GB","@id":"https:\/\/sh.no\/#\/schema\/logo\/image\/","url":"https:\/\/sh.no\/wp-content\/uploads\/2024\/12\/SH_logo-1.svg","contentUrl":"https:\/\/sh.no\/wp-content\/uploads\/2024\/12\/SH_logo-1.svg","width":453,"height":331,"caption":"Solberg og Hansen"},"image":{"@id":"https:\/\/sh.no\/#\/schema\/logo\/image\/"}}]}},"_links":{"self":[{"href":"https:\/\/sh.no\/en\/wp-json\/wp\/v2\/pages\/217","targetHints":{"allow":["GET"]}}],"collection":[{"href":"https:\/\/sh.no\/en\/wp-json\/wp\/v2\/pages"}],"about":[{"href":"https:\/\/sh.no\/en\/wp-json\/wp\/v2\/types\/page"}],"author":[{"embeddable":true,"href":"https:\/\/sh.no\/en\/wp-json\/wp\/v2\/users\/1"}],"replies":[{"embeddable":true,"href":"https:\/\/sh.no\/en\/wp-json\/wp\/v2\/comments?post=217"}],"version-history":[{"count":156,"href":"https:\/\/sh.no\/en\/wp-json\/wp\/v2\/pages\/217\/revisions"}],"predecessor-version":[{"id":8965,"href":"https:\/\/sh.no\/en\/wp-json\/wp\/v2\/pages\/217\/revisions\/8965"}],"wp:featuredmedia":[{"embeddable":true,"href":"https:\/\/sh.no\/en\/wp-json\/wp\/v2\/media\/7716"}],"wp:attachment":[{"href":"https:\/\/sh.no\/en\/wp-json\/wp\/v2\/media?parent=217"}],"curies":[{"name":"wp","href":"https:\/\/api.w.org\/{rel}","templated":true}]}}