{"id":78,"date":"2024-09-19T15:10:39","date_gmt":"2024-09-19T13:10:39","guid":{"rendered":"https:\/\/sh.no\/?page_id=78"},"modified":"2025-07-04T15:41:46","modified_gmt":"2025-07-04T13:41:46","slug":"privacy-statement","status":"publish","type":"page","link":"https:\/\/sh.no\/en\/personvernerklaering\/","title":{"rendered":"Privacy policy"},"content":{"rendered":"<div class=\"wp-block-group alignfull has-custom-hvit-gr-nn-background-color has-background has-global-padding is-layout-constrained wp-block-group-is-layout-constrained\" style=\"padding-top:var(--wp--preset--spacing--50);padding-bottom:var(--wp--preset--spacing--50)\">\n<div style=\"height:130px\" aria-hidden=\"true\" class=\"wp-block-spacer hide-mobile\"><\/div>\n\n\n\n<div style=\"height:70px\" aria-hidden=\"true\" class=\"wp-block-spacer hide-large\"><\/div>\n\n\n\n<div style=\"height:70px\" aria-hidden=\"true\" class=\"wp-block-spacer\"><\/div>\n\n\n\n<div class=\"wp-block-group has-global-padding is-layout-constrained wp-block-group-is-layout-constrained\">\n<div class=\"wp-block-columns is-layout-flex wp-container-core-columns-is-layout-28f84493 wp-block-columns-is-layout-flex\">\n<div class=\"wp-block-column is-layout-flow wp-block-column-is-layout-flow\">\n<h2 class=\"wp-block-heading has-text-align-center has-lydian-bt-font-family\">Privacy policy<\/h2>\n\n\n\n<p class=\"has-text-align-center\">Solberg &amp; Hansen<\/p>\n<\/div>\n<\/div>\n<\/div>\n<\/div>\n\n\n\n<div style=\"height:25px\" aria-hidden=\"true\" class=\"wp-block-spacer\"><\/div>\n\n\n\n<div style=\"height:25px\" aria-hidden=\"true\" class=\"wp-block-spacer hide-mobile\"><\/div>\n\n\n\n<div class=\"wp-block-group has-global-padding is-layout-constrained wp-block-group-is-layout-constrained\">\n<div class=\"wp-block-group has-global-padding is-layout-constrained wp-container-core-group-is-layout-704e782a wp-block-group-is-layout-constrained\">\n<div class=\"wp-block-columns content-title-space is-layout-flex wp-container-core-columns-is-layout-28f84493 wp-block-columns-is-layout-flex\">\n<div class=\"wp-block-column is-layout-flow wp-block-column-is-layout-flow\">\n<h3 class=\"wp-block-heading has-lydian-bt-font-family\">Data controller<\/h3>\n\n\n\n<p>The CEO (Bengt Ove Bitnes Hagen) is Solberg &amp; Hansen's data controller for the company's processing of personal data.<\/p>\n\n\n\n<h3 class=\"wp-block-heading has-lydian-bt-font-family\">Personal data that is stored<\/h3>\n\n\n\n<p>We store the following information about our customers:<\/p>\n\n\n\n<ol class=\"wp-block-list\">\n<li><strong>Customer information<br><\/strong>Name, delivery address, telephone number and e-mail address.<br>Registration of this information is a prerequisite for the purchase to be completed.<\/li>\n\n\n\n<li><strong>Purchase history<\/strong><\/li>\n\n\n\n<li><strong>Web statistics, web analytics and cookies<\/strong><br>When you visit the Solberg &amp; Hansen website, your IP address may be registered. The information is processed in de-identified form, so that it cannot be linked to individuals. The purpose of this collection is to compile statistics that we use to develop and improve the information on the pages. The statistics are used to gain knowledge about the number of people who visit the various pages, how long the visit lasts, which website the user comes from, and which browser is used. See more about the use of cookies in&nbsp;<a href=\"https:\/\/sh.no\/en\/personvern-og-informasjonskapsler\/\" target=\"_blank\" rel=\"noreferrer noopener\">statement on the use of cookies<\/a>.<\/li>\n\n\n\n<li><strong>Sign-ups<\/strong><br>When registering for any events, only the name and contact details of the person registering are stored, and the purpose of the processing is to administer registration and participation. The data will be deleted after the event has ended.<\/li>\n\n\n\n<li><strong>Surveys\/data collection<\/strong><br>Solberg &amp; Hansen occasionally conducts surveys and other data collection from our customers. Participation in such surveys is voluntary and is based on the consent of the person(s) participating. In order to be able to send out electronic enquiries to the right recipient, we need to store name and e-mail address. This information is deleted when the survey is completed and finalised.<\/li>\n\n\n\n<li><strong>Newsletter<br><\/strong>You can subscribe to electronic newsletters from Solberg &amp; Hansen. In order to be able to send emails to the right recipient, we need to save your name and email address. We store this information in a separate database. We do not share the information with others and delete it when you cancel your subscription. We only use the information to administer the distribution of newsletters. You must unsubscribe yourself, either via the website or a link in the newsletter, if you want to cancel your subscription. You can also contact the Data Controller.<\/li>\n<\/ol>\n\n\n\n<p>S&amp;H does not collect personal data such as birth dates and social security numbers, or information about personal payment cards.<em>&nbsp;<\/em><\/p>\n\n\n\n<h3 class=\"wp-block-heading\">Purpose of the processing<\/h3>\n\n\n\n<p>We process the data in order to fulfil our obligations under our agreement with you. We also use the data to provide you with information, offers and service in connection with your purchase via e-mail, telephone, SMS and mailings. We use purchase history and behavioural patterns on the website to provide recommendations and advertising that is tailored to each individual user.<\/p>\n\n\n\n<h3 class=\"wp-block-heading\">The basis for the treatment<em>&nbsp;<\/em><\/h3>\n\n\n\n<p>Information about name, address, telephone, e-mail address is used to fulfil the purchase agreement. The basis for this processing is Article 6 (b) of the General Data Protection Regulation. Where you have consented to it, the information is also used to provide you with information, offers and service in connection with your purchase via e-mail, telephone and SMS. The basis for this processing is Article 6 (a) of the General Data Protection Regulation. You can opt out of receiving such information from us at any time.<\/p>\n\n\n\n<p>Where you have given your consent, purchase history and behavioural patterns are used to provide recommendations and advertising specifically tailored to you as a user. The basis for this processing is the General Data Protection Regulation Art 6 (a). You can withdraw your consent to such use at any time.<\/p>\n\n\n\n<h3 class=\"wp-block-heading\">Collection of personal data<em>&nbsp;<\/em><\/h3>\n\n\n\n<p>We store the personal data you have provided on our website and\/or to employees in connection with your purchase.<\/p>\n\n\n\n<p>We use cookies on our website to give our visitors the best customer experience and service. The Electronic Communications Act requires us to inform our visitors about the use of cookies. Read more about the use of cookies here:&nbsp;<a href=\"https:\/\/sh.no\/en\/personvern-og-informasjonskapsler\/\">Declaration on the use of cookies on sh.no<\/a>.<\/p>\n\n\n\n<p>This website uses cookies. We use cookies to personalise content and ads, to provide social media features and to analyse our traffic. We also share information about how you use our website with our social media, advertising and analytics partners, who may combine it with other information that you have made available to them or that they have collected through your use of their services.<\/p>\n\n\n\n<p>Cookies are small text files that can be used by websites to make a user's experience more efficient.<br><br>The law states that we can store cookies on your device if they are strictly necessary for the operation of this site. For all other types of cookies, we need your permission.<br><br>This website uses different types of cookies. Some cookies are set by third-party services that appear on our pages.<br><br>You can change or withdraw your consent via the Cookie Notice on our website.<br><br>Read our Privacy Policy to learn more about who we are, how you can reach us and how we process personal data.<br><br>Please provide your consent ID and the date of inquiries regarding your consent.<\/p>\n\n\n\n<p>Your consent applies to the following domains: b2bshop.sh.no, shop.sh.no, sh.no<\/p>\n\n\n\n<p>The Cookie Statement was last updated on 28 September 2024 by&nbsp;<a href=\"https:\/\/www.cookiebot.com\/\" target=\"_blank\" rel=\"noreferrer noopener\">Cookiebot<\/a>:<\/p>\n\n\n\n<h3 class=\"wp-block-heading\">Who gets access to your personal data?<em>&nbsp;<\/em><\/h3>\n\n\n\n<p>We will not share, sell, transfer or otherwise disclose personal data to others, unless we are legally obliged to do so or it is necessary to provide information to our business partners. Of our business partners, the shipping company and Nets payment services currently receive such information.<strong>&nbsp;<\/strong><\/p>\n\n\n\n<h3 class=\"wp-block-heading\">Deletion of personal data<\/h3>\n\n\n\n<p>Solberg &amp; Hansen deletes personal data in accordance with the applicable rules. Information we have received in connection with your purchase is stored in our active customer register for 3.5 years. Information we are obliged to retain under the Bookkeeping Act will be stored for up to 5 years, in accordance with legal requirements.<\/p>\n\n\n\n<h3 class=\"wp-block-heading\">Rights of the data subject<em>&nbsp;<\/em><\/h3>\n\n\n\n<p>We process your personal data in accordance with the Personal Data Act and applicable regulations. Please note that you can demand access to and transfer of your own personal data, as well as demand correction or deletion of information.<\/p>\n\n\n\n<p>Complaints can be made to the Norwegian Data Protection Authority about processing in violation of the rules.<strong>&nbsp;<\/strong><\/p>\n\n\n\n<h3 class=\"wp-block-heading\">Information security<\/h3>\n\n\n\n<p>Your personal data is secured by both physical and virtual access and access control.<\/p>\n\n\n\n<h3 class=\"wp-block-heading\">Contact information<\/h3>\n\n\n\n<p>Enquiries about what information is registered, correction and deletion can be sent in writing to the following addresses:&nbsp;<a href=\"mailto:post@sh.no\">post@sh.no<\/a><\/p>\n\n\n\n<p>Solberg &amp; Hansen AS<br>PB 19 Manglerud<br>0612 OSLO<\/p>\n<\/div>\n<\/div>\n\n\n\n<div style=\"height:100px\" aria-hidden=\"true\" class=\"wp-block-spacer\"><\/div>\n<\/div>\n<\/div>","protected":false},"excerpt":{"rendered":"<p>Personvernerkl\u00e6ring Solberg &amp; Hansen Behandlingsansvarlig Daglig leder (Bengt Ove Bitnes Hagen) er Solberg &amp; Hansen sin behandlingsansvarlige for selskapets behandling av personopplysninger. Personopplysninger som lagres F\u00f8lgende opplysninger lagrer vi om v\u00e5re kunder: S&amp;H samler ikke inn personopplysninger som f\u00f8dselsdato- og personnummer, eller opplysninger om personlige betalingskort.&nbsp; Form\u00e5l med behandlingen Vi behandler opplysningene for \u00e5 kunne [&hellip;]<\/p>\n","protected":false},"author":1,"featured_media":0,"parent":0,"menu_order":0,"comment_status":"closed","ping_status":"closed","template":"","meta":{"_acf_changed":false,"inline_featured_image":false,"footnotes":""},"class_list":["post-78","page","type-page","status-publish","hentry"],"acf":[],"yoast_head":"<!-- This site is optimized with the Yoast SEO plugin v27.4 - https:\/\/yoast.com\/product\/yoast-seo-wordpress\/ -->\n<title>Personvernerkl\u00e6ring - Solberg og Hansen<\/title>\n<meta name=\"description\" content=\"Her finner du Solberg &amp; Hansens personvernerkl\u00e6ring.\" \/>\n<meta name=\"robots\" content=\"index, follow, max-snippet:-1, max-image-preview:large, max-video-preview:-1\" \/>\n<link rel=\"canonical\" href=\"https:\/\/sh.no\/en\/privacy-statement\/\" \/>\n<meta property=\"og:locale\" content=\"en_GB\" \/>\n<meta property=\"og:type\" content=\"article\" \/>\n<meta property=\"og:title\" content=\"Personvernerkl\u00e6ring - Solberg og Hansen\" \/>\n<meta property=\"og:description\" content=\"Her finner du Solberg &amp; Hansens personvernerkl\u00e6ring.\" \/>\n<meta property=\"og:url\" content=\"https:\/\/sh.no\/en\/privacy-statement\/\" \/>\n<meta property=\"og:site_name\" content=\"Solberg og Hansen\" \/>\n<meta property=\"article:modified_time\" content=\"2025-07-04T13:41:46+00:00\" \/>\n<meta name=\"twitter:card\" content=\"summary_large_image\" \/>\n<script type=\"application\/ld+json\" class=\"yoast-schema-graph\">{\"@context\":\"https:\\\/\\\/schema.org\",\"@graph\":[{\"@type\":\"WebPage\",\"@id\":\"https:\\\/\\\/sh.no\\\/personvernerklaering\\\/\",\"url\":\"https:\\\/\\\/sh.no\\\/personvernerklaering\\\/\",\"name\":\"Personvernerkl\u00e6ring - Solberg og Hansen\",\"isPartOf\":{\"@id\":\"https:\\\/\\\/sh.no\\\/#website\"},\"datePublished\":\"2024-09-19T13:10:39+00:00\",\"dateModified\":\"2025-07-04T13:41:46+00:00\",\"description\":\"Her finner du Solberg & Hansens personvernerkl\u00e6ring.\",\"breadcrumb\":{\"@id\":\"https:\\\/\\\/sh.no\\\/personvernerklaering\\\/#breadcrumb\"},\"inLanguage\":\"en-GB\",\"potentialAction\":[{\"@type\":\"ReadAction\",\"target\":[\"https:\\\/\\\/sh.no\\\/personvernerklaering\\\/\"]}]},{\"@type\":\"BreadcrumbList\",\"@id\":\"https:\\\/\\\/sh.no\\\/personvernerklaering\\\/#breadcrumb\",\"itemListElement\":[{\"@type\":\"ListItem\",\"position\":1,\"name\":\"Hjem\",\"item\":\"https:\\\/\\\/sh.no\\\/\"},{\"@type\":\"ListItem\",\"position\":2,\"name\":\"Personvernerkl\u00e6ring\"}]},{\"@type\":\"WebSite\",\"@id\":\"https:\\\/\\\/sh.no\\\/#website\",\"url\":\"https:\\\/\\\/sh.no\\\/\",\"name\":\"Solberg og Hansen\",\"description\":\"Inspirert av smak siden 1879\",\"publisher\":{\"@id\":\"https:\\\/\\\/sh.no\\\/#organization\"},\"potentialAction\":[{\"@type\":\"SearchAction\",\"target\":{\"@type\":\"EntryPoint\",\"urlTemplate\":\"https:\\\/\\\/sh.no\\\/?s={search_term_string}\"},\"query-input\":{\"@type\":\"PropertyValueSpecification\",\"valueRequired\":true,\"valueName\":\"search_term_string\"}}],\"inLanguage\":\"en-GB\"},{\"@type\":\"Organization\",\"@id\":\"https:\\\/\\\/sh.no\\\/#organization\",\"name\":\"Solberg og Hansen\",\"url\":\"https:\\\/\\\/sh.no\\\/\",\"logo\":{\"@type\":\"ImageObject\",\"inLanguage\":\"en-GB\",\"@id\":\"https:\\\/\\\/sh.no\\\/#\\\/schema\\\/logo\\\/image\\\/\",\"url\":\"https:\\\/\\\/sh.no\\\/wp-content\\\/uploads\\\/2024\\\/12\\\/SH_logo-1.svg\",\"contentUrl\":\"https:\\\/\\\/sh.no\\\/wp-content\\\/uploads\\\/2024\\\/12\\\/SH_logo-1.svg\",\"width\":453,\"height\":331,\"caption\":\"Solberg og Hansen\"},\"image\":{\"@id\":\"https:\\\/\\\/sh.no\\\/#\\\/schema\\\/logo\\\/image\\\/\"}}]}<\/script>\n<!-- \/ Yoast SEO plugin. -->","yoast_head_json":{"title":"Privacy policy - Solberg og Hansen","description":"Here you will find Solberg &amp; Hansen's privacy policy.","robots":{"index":"index","follow":"follow","max-snippet":"max-snippet:-1","max-image-preview":"max-image-preview:large","max-video-preview":"max-video-preview:-1"},"canonical":"https:\/\/sh.no\/en\/privacy-statement\/","og_locale":"en_GB","og_type":"article","og_title":"Personvernerkl\u00e6ring - Solberg og Hansen","og_description":"Her finner du Solberg & Hansens personvernerkl\u00e6ring.","og_url":"https:\/\/sh.no\/en\/privacy-statement\/","og_site_name":"Solberg og Hansen","article_modified_time":"2025-07-04T13:41:46+00:00","twitter_card":"summary_large_image","schema":{"@context":"https:\/\/schema.org","@graph":[{"@type":"WebPage","@id":"https:\/\/sh.no\/personvernerklaering\/","url":"https:\/\/sh.no\/personvernerklaering\/","name":"Privacy policy - Solberg og Hansen","isPartOf":{"@id":"https:\/\/sh.no\/#website"},"datePublished":"2024-09-19T13:10:39+00:00","dateModified":"2025-07-04T13:41:46+00:00","description":"Here you will find Solberg &amp; Hansen's privacy policy.","breadcrumb":{"@id":"https:\/\/sh.no\/personvernerklaering\/#breadcrumb"},"inLanguage":"en-GB","potentialAction":[{"@type":"ReadAction","target":["https:\/\/sh.no\/personvernerklaering\/"]}]},{"@type":"BreadcrumbList","@id":"https:\/\/sh.no\/personvernerklaering\/#breadcrumb","itemListElement":[{"@type":"ListItem","position":1,"name":"Hjem","item":"https:\/\/sh.no\/"},{"@type":"ListItem","position":2,"name":"Personvernerkl\u00e6ring"}]},{"@type":"WebSite","@id":"https:\/\/sh.no\/#website","url":"https:\/\/sh.no\/","name":"Solberg and Hansen","description":"Inspired by flavour since 1879","publisher":{"@id":"https:\/\/sh.no\/#organization"},"potentialAction":[{"@type":"SearchAction","target":{"@type":"EntryPoint","urlTemplate":"https:\/\/sh.no\/?s={search_term_string}"},"query-input":{"@type":"PropertyValueSpecification","valueRequired":true,"valueName":"search_term_string"}}],"inLanguage":"en-GB"},{"@type":"Organization","@id":"https:\/\/sh.no\/#organization","name":"Solberg and Hansen","url":"https:\/\/sh.no\/","logo":{"@type":"ImageObject","inLanguage":"en-GB","@id":"https:\/\/sh.no\/#\/schema\/logo\/image\/","url":"https:\/\/sh.no\/wp-content\/uploads\/2024\/12\/SH_logo-1.svg","contentUrl":"https:\/\/sh.no\/wp-content\/uploads\/2024\/12\/SH_logo-1.svg","width":453,"height":331,"caption":"Solberg og Hansen"},"image":{"@id":"https:\/\/sh.no\/#\/schema\/logo\/image\/"}}]}},"_links":{"self":[{"href":"https:\/\/sh.no\/en\/wp-json\/wp\/v2\/pages\/78","targetHints":{"allow":["GET"]}}],"collection":[{"href":"https:\/\/sh.no\/en\/wp-json\/wp\/v2\/pages"}],"about":[{"href":"https:\/\/sh.no\/en\/wp-json\/wp\/v2\/types\/page"}],"author":[{"embeddable":true,"href":"https:\/\/sh.no\/en\/wp-json\/wp\/v2\/users\/1"}],"replies":[{"embeddable":true,"href":"https:\/\/sh.no\/en\/wp-json\/wp\/v2\/comments?post=78"}],"version-history":[{"count":24,"href":"https:\/\/sh.no\/en\/wp-json\/wp\/v2\/pages\/78\/revisions"}],"predecessor-version":[{"id":8988,"href":"https:\/\/sh.no\/en\/wp-json\/wp\/v2\/pages\/78\/revisions\/8988"}],"wp:attachment":[{"href":"https:\/\/sh.no\/en\/wp-json\/wp\/v2\/media?parent=78"}],"curies":[{"name":"wp","href":"https:\/\/api.w.org\/{rel}","templated":true}]}}