{"id":7991,"date":"2025-05-23T15:28:57","date_gmt":"2025-05-23T13:28:57","guid":{"rendered":"https:\/\/sh.no\/?page_id=7991"},"modified":"2025-09-10T10:54:29","modified_gmt":"2025-09-10T08:54:29","slug":"about-solberg-hansen","status":"publish","type":"page","link":"https:\/\/sh.no\/en\/om-solberg-hansen\/","title":{"rendered":"About Solberg &amp; Hansen"},"content":{"rendered":"<div class=\"wp-block-group alignfull has-grey-background-color has-background has-global-padding is-layout-constrained wp-block-group-is-layout-constrained\">\n<div class=\"wp-block-group alignfull has-global-padding is-layout-constrained wp-container-core-group-is-layout-669513ed wp-block-group-is-layout-constrained\" style=\"margin-top:0;margin-bottom:0;padding-top:var(--wp--preset--spacing--50);padding-right:var(--wp--preset--spacing--50);padding-bottom:var(--wp--preset--spacing--50);padding-left:var(--wp--preset--spacing--50)\">\n<div style=\"height:40px\" aria-hidden=\"true\" class=\"wp-block-spacer\"><\/div>\n\n\n\n<div style=\"height:130px\" aria-hidden=\"true\" class=\"wp-block-spacer hide-mobile\"><\/div>\n\n\n\n<div style=\"height:70px\" aria-hidden=\"true\" class=\"wp-block-spacer hide-large\"><\/div>\n\n\n\n<div class=\"wp-block-columns is-layout-flex wp-container-core-columns-is-layout-ec2e7a44 wp-block-columns-is-layout-flex\" style=\"padding-top:0;padding-bottom:0\">\n<div class=\"wp-block-column is-layout-flow wp-block-column-is-layout-flow\">\n<p class=\"border-left has-gt-america-mono-font-family wp-container-content-0733e5d0\">ABOUT SOLBERG &amp; HANSEN<\/p>\n<\/div>\n<\/div>\n\n\n\n<div style=\"height:20px\" aria-hidden=\"true\" class=\"wp-block-spacer hide-mobile\"><\/div>\n\n\n\n<div style=\"height:20px\" aria-hidden=\"true\" class=\"wp-block-spacer\"><\/div>\n\n\n\n<div class=\"wp-block-columns is-layout-flex wp-container-core-columns-is-layout-28f84493 wp-block-columns-is-layout-flex\">\n<div class=\"wp-block-column is-layout-flow wp-block-column-is-layout-flow\" style=\"flex-basis:40%\">\n<h1 class=\"wp-block-heading\">Norway's largest and oldest specialty coffee roastery<\/h1>\n<\/div>\n\n\n\n<div class=\"wp-block-column hide-mobile is-layout-flow wp-block-column-is-layout-flow\" style=\"flex-basis:10%\"><\/div>\n\n\n\n<div class=\"wp-block-column is-layout-flow wp-block-column-is-layout-flow\" style=\"flex-basis:50%\">\n<p class=\"has-heading-font-family\" style=\"line-height:1.2\">We buy high-quality coffee directly from farmers all over the world. At our roastery in Oslo, we roast the coffee with knowledge acquired over generations.<\/p>\n<\/div>\n<\/div>\n\n\n\n<div style=\"height:45px\" aria-hidden=\"true\" class=\"wp-block-spacer hide-mobile\"><\/div>\n\n\n\n<div style=\"height:20px\" aria-hidden=\"true\" class=\"wp-block-spacer\"><\/div>\n\n\n\n<div class=\"wp-block-columns is-layout-flex wp-container-core-columns-is-layout-28f84493 wp-block-columns-is-layout-flex\">\n<div class=\"wp-block-column border-radius padding-box-mobile has-light-beige-background-color has-background is-layout-flow wp-block-column-is-layout-flow\" style=\"padding-top:var(--wp--preset--spacing--40);padding-right:var(--wp--preset--spacing--30);padding-bottom:var(--wp--preset--spacing--30);padding-left:var(--wp--preset--spacing--30);flex-basis:30%\">\n<p style=\"font-size:clamp(0.875rem, 0.875rem + ((1vw - 0.2rem) * 0.217), 1.1rem);font-style:normal;font-weight:700\">Door opener for the world's best cup<\/p>\n\n\n\n<p class=\"has-dark-grey-color has-text-color has-link-color wp-elements-e9dd152996adb24de8c8c12f6707f036\" style=\"font-size:clamp(0.875rem, 0.875rem + ((1vw - 0.2rem) * 0.12), 1rem);text-transform:none\">Since 1879, Solberg &amp; Hansen has been concerned with the big picture. This has made us pioneers, both in Norway and internationally. <\/p>\n\n\n\n<p class=\"has-dark-grey-color has-text-color has-link-color wp-elements-2713d27db8a2248b13dcba4ab3964d40\" style=\"font-size:clamp(0.875rem, 0.875rem + ((1vw - 0.2rem) * 0.12), 1rem);text-transform:none\">We have learnt that we will never be taught. Nor do we want to be. Our driving force is to constantly discover new ways to bring you the world's best coffee and tea. <\/p>\n\n\n\n<p class=\"has-dark-grey-color has-text-color has-link-color wp-elements-dd9d416263b4131fd206525f023f2da7\" style=\"font-size:clamp(0.875rem, 0.875rem + ((1vw - 0.2rem) * 0.12), 1rem);text-transform:none\"><a href=\"https:\/\/sh.no\/en\/history\/\">Read more about our history here.<\/a><\/p>\n\n\n\n<div style=\"height:13px\" aria-hidden=\"true\" class=\"wp-block-spacer\"><\/div>\n<\/div>\n\n\n\n<div class=\"wp-block-column border-radius padding-box-mobile has-light-beige-background-color has-background is-layout-flow wp-block-column-is-layout-flow\" style=\"padding-top:var(--wp--preset--spacing--40);padding-right:var(--wp--preset--spacing--30);padding-bottom:var(--wp--preset--spacing--30);padding-left:var(--wp--preset--spacing--30);flex-basis:30%\">\n<p class=\"has-dark-grey-color has-text-color has-link-color has-gt-america-font-family wp-elements-7614acf2dd1f2fcd43e05de3280f5694 wp-container-content-9cfa9a5a\" style=\"font-size:clamp(0.875rem, 0.875rem + ((1vw - 0.2rem) * 0.217), 1.1rem);font-style:normal;font-weight:700;text-transform:none\"><strong>Wholesaler since 1879<\/strong><\/p>\n\n\n\n<p style=\"font-size:clamp(0.875rem, 0.875rem + ((1vw - 0.2rem) * 0.12), 1rem);\">Solberg &amp; Hansen supplies coffee, tea and accessories to coffee shops, restaurants, bakeries, speciality stores and offices throughout Norway and parts of the world. <\/p>\n\n\n\n<div style=\"height:15px\" aria-hidden=\"true\" class=\"wp-block-spacer\"><\/div>\n\n\n\n<p class=\"has-dark-grey-color has-text-color has-link-color has-gt-america-font-family wp-elements-f91335bf9f6bb5fab9ba57f503cd05e1 wp-container-content-9cfa9a5a\" style=\"font-size:clamp(0.875rem, 0.875rem + ((1vw - 0.2rem) * 0.217), 1.1rem);font-style:normal;font-weight:700;text-transform:none\"><strong>Are you looking for a coffee supplier?<\/strong><\/p>\n\n\n\n<p style=\"font-size:clamp(0.875rem, 0.875rem + ((1vw - 0.2rem) * 0.12), 1rem);\"><a href=\"https:\/\/sh.no\/en\/coffee-supplier\/\">Read more about what we can offer here.<\/a><\/p>\n\n\n\n<div style=\"height:15px\" aria-hidden=\"true\" class=\"wp-block-spacer\"><\/div>\n<\/div>\n\n\n\n<div class=\"wp-block-column border-radius journal-posts has-light-beige-background-color has-background is-layout-flow wp-block-column-is-layout-flow\" style=\"border-radius:10px;padding-top:0;padding-right:0;padding-bottom:0;padding-left:0;flex-basis:30%\">\n<div class=\"wp-block-group is-layout-flow wp-block-group-is-layout-flow\" style=\"margin-top:0;margin-bottom:0;padding-top:0;padding-right:0;padding-bottom:0;padding-left:0\">\n<figure class=\"wp-block-image size-full has-custom-border wp-block-post-featured-image\"><a href=\"https:\/\/sh.no\/en\/coffee\/\"><img loading=\"lazy\" decoding=\"async\" width=\"2560\" height=\"1707\" src=\"https:\/\/sh.no\/wp-content\/uploads\/2025\/05\/sogh_290824_0526-scaled.jpg\" alt=\"\" class=\"wp-image-7716\" style=\"border-top-left-radius:10px;border-top-right-radius:10px;border-bottom-left-radius:0px;border-bottom-right-radius:0px;aspect-ratio:16\/9;object-fit:cover\" srcset=\"https:\/\/sh.no\/wp-content\/uploads\/2025\/05\/sogh_290824_0526-scaled.jpg 2560w, https:\/\/sh.no\/wp-content\/uploads\/2025\/05\/sogh_290824_0526-300x200.jpg 300w, https:\/\/sh.no\/wp-content\/uploads\/2025\/05\/sogh_290824_0526-1024x683.jpg 1024w, https:\/\/sh.no\/wp-content\/uploads\/2025\/05\/sogh_290824_0526-768x512.jpg 768w, https:\/\/sh.no\/wp-content\/uploads\/2025\/05\/sogh_290824_0526-1536x1024.jpg 1536w, https:\/\/sh.no\/wp-content\/uploads\/2025\/05\/sogh_290824_0526-2048x1365.jpg 2048w, https:\/\/sh.no\/wp-content\/uploads\/2025\/05\/sogh_290824_0526-18x12.jpg 18w\" sizes=\"auto, (max-width: 2560px) 100vw, 2560px\" \/><\/a><\/figure>\n\n\n\n<div class=\"wp-block-group inner-padding-mobile is-vertical is-nowrap is-layout-flex wp-container-core-group-is-layout-ba02bdf4 wp-block-group-is-layout-flex\" style=\"margin-top:var(--wp--preset--spacing--20);padding-top:0;padding-right:0;padding-left:var(--wp--preset--spacing--30)\">\n<h2 class=\"wp-block-heading has-x-large-font-size\"><a href=\"https:\/\/sh.no\/en\/coffee\/\">Read more about coffee from <br>Solberg &amp; Hansen here<\/a><\/h2>\n<\/div>\n\n\n\n<div style=\"margin-top:0;margin-bottom:0;height:20px\" aria-hidden=\"true\" class=\"wp-block-spacer\"><\/div>\n<\/div>\n<\/div>\n<\/div>\n<\/div>\n<\/div>\n\n\n\n<div class=\"wp-block-cover alignfull is-light has-parallax\"><div class=\"wp-block-cover__image-background wp-image-8056 size-full has-parallax\" style=\"background-position:50% 50%;background-image:url(https:\/\/sh.no\/wp-content\/uploads\/2025\/05\/SolbergHansen-roastery-2.jpg)\"><\/div><span aria-hidden=\"true\" class=\"wp-block-cover__background has-background-dim\" style=\"background-color:#a1897e\"><\/span><div class=\"wp-block-cover__inner-container has-global-padding is-layout-constrained wp-block-cover-is-layout-constrained\">\n<div class=\"wp-block-columns is-layout-flex wp-container-core-columns-is-layout-28f84493 wp-block-columns-is-layout-flex\">\n<div class=\"wp-block-column is-layout-flow wp-block-column-is-layout-flow\" style=\"flex-basis:10%\"><\/div>\n\n\n\n<div class=\"wp-block-column is-layout-flow wp-block-column-is-layout-flow\">\n<h2 class=\"wp-block-heading has-text-align-center has-white-color has-text-color has-link-color wp-elements-31820274e4044c86b924c3d47f56e034\">All Solberg &amp; Hansen coffees are roasted and quality checked by our professionals at Ryen in Oslo<\/h2>\n<\/div>\n\n\n\n<div class=\"wp-block-column is-layout-flow wp-block-column-is-layout-flow\" style=\"flex-basis:10%\"><\/div>\n<\/div>\n<\/div><\/div>","protected":false},"excerpt":{"rendered":"<p>OM SOLBERG &amp; HANSEN Norges st\u00f8rste og eldste spesialkaffebrenneri Vi handler kaffe av sv\u00e6rt h\u00f8y kvalitet, direkte fra b\u00f8nder over hele verden. P\u00e5 v\u00e5rt brenneri i Oslo brenner vi kaffen med kunnskap tilegnet gjennom generasjoner. D\u00f8r\u00e5pner for verdens beste kopp Siden 1879 har Solberg &amp; Hansen v\u00e6rt opptatt av det store bildet. Det har gjort [&hellip;]<\/p>\n","protected":false},"author":1,"featured_media":0,"parent":0,"menu_order":0,"comment_status":"closed","ping_status":"closed","template":"","meta":{"_acf_changed":false,"inline_featured_image":false,"footnotes":""},"class_list":["post-7991","page","type-page","status-publish","hentry"],"acf":[],"yoast_head":"<!-- This site is optimized with the Yoast SEO plugin v27.4 - https:\/\/yoast.com\/product\/yoast-seo-wordpress\/ -->\n<title>Om Solberg &amp; Hansen - Solberg og Hansen<\/title>\n<meta name=\"description\" content=\"Les om Solberg &amp; Hansen her. Vi handler kaffe av sv\u00e6rt h\u00f8y kvalitet, direkte fra b\u00f8nder over hele verden, som brennes p\u00e5 v\u00e5rt brenneri i Oslo.\" \/>\n<meta name=\"robots\" content=\"index, follow, max-snippet:-1, max-image-preview:large, max-video-preview:-1\" \/>\n<link rel=\"canonical\" href=\"https:\/\/sh.no\/en\/about-solberg-hansen\/\" \/>\n<meta property=\"og:locale\" content=\"en_GB\" \/>\n<meta property=\"og:type\" content=\"article\" \/>\n<meta property=\"og:title\" content=\"Om Solberg &amp; Hansen - Solberg og Hansen\" \/>\n<meta property=\"og:description\" content=\"Les om Solberg &amp; Hansen her. Vi handler kaffe av sv\u00e6rt h\u00f8y kvalitet, direkte fra b\u00f8nder over hele verden, som brennes p\u00e5 v\u00e5rt brenneri i Oslo.\" \/>\n<meta property=\"og:url\" content=\"https:\/\/sh.no\/en\/about-solberg-hansen\/\" \/>\n<meta property=\"og:site_name\" content=\"Solberg og Hansen\" \/>\n<meta property=\"article:modified_time\" content=\"2025-09-10T08:54:29+00:00\" \/>\n<meta property=\"og:image\" content=\"https:\/\/sh.no\/wp-content\/uploads\/2025\/05\/sogh_290824_0526-scaled.jpg\" \/>\n\t<meta property=\"og:image:width\" content=\"2560\" \/>\n\t<meta property=\"og:image:height\" content=\"1707\" \/>\n\t<meta property=\"og:image:type\" content=\"image\/jpeg\" \/>\n<meta name=\"twitter:card\" content=\"summary_large_image\" \/>\n<meta name=\"twitter:label1\" content=\"Est. reading time\" \/>\n\t<meta name=\"twitter:data1\" content=\"2 minutes\" \/>\n<script type=\"application\/ld+json\" class=\"yoast-schema-graph\">{\"@context\":\"https:\\\/\\\/schema.org\",\"@graph\":[{\"@type\":\"WebPage\",\"@id\":\"https:\\\/\\\/sh.no\\\/om-solberg-hansen\\\/\",\"url\":\"https:\\\/\\\/sh.no\\\/om-solberg-hansen\\\/\",\"name\":\"Om Solberg &amp; Hansen - Solberg og Hansen\",\"isPartOf\":{\"@id\":\"https:\\\/\\\/sh.no\\\/#website\"},\"primaryImageOfPage\":{\"@id\":\"https:\\\/\\\/sh.no\\\/om-solberg-hansen\\\/#primaryimage\"},\"image\":{\"@id\":\"https:\\\/\\\/sh.no\\\/om-solberg-hansen\\\/#primaryimage\"},\"thumbnailUrl\":\"https:\\\/\\\/sh.no\\\/wp-content\\\/uploads\\\/2025\\\/05\\\/sogh_290824_0526-scaled.jpg\",\"datePublished\":\"2025-05-23T13:28:57+00:00\",\"dateModified\":\"2025-09-10T08:54:29+00:00\",\"description\":\"Les om Solberg & Hansen her. Vi handler kaffe av sv\u00e6rt h\u00f8y kvalitet, direkte fra b\u00f8nder over hele verden, som brennes p\u00e5 v\u00e5rt brenneri i Oslo.\",\"breadcrumb\":{\"@id\":\"https:\\\/\\\/sh.no\\\/om-solberg-hansen\\\/#breadcrumb\"},\"inLanguage\":\"en-GB\",\"potentialAction\":[{\"@type\":\"ReadAction\",\"target\":[\"https:\\\/\\\/sh.no\\\/om-solberg-hansen\\\/\"]}]},{\"@type\":\"ImageObject\",\"inLanguage\":\"en-GB\",\"@id\":\"https:\\\/\\\/sh.no\\\/om-solberg-hansen\\\/#primaryimage\",\"url\":\"https:\\\/\\\/sh.no\\\/wp-content\\\/uploads\\\/2025\\\/05\\\/sogh_290824_0526-scaled.jpg\",\"contentUrl\":\"https:\\\/\\\/sh.no\\\/wp-content\\\/uploads\\\/2025\\\/05\\\/sogh_290824_0526-scaled.jpg\"},{\"@type\":\"BreadcrumbList\",\"@id\":\"https:\\\/\\\/sh.no\\\/om-solberg-hansen\\\/#breadcrumb\",\"itemListElement\":[{\"@type\":\"ListItem\",\"position\":1,\"name\":\"Hjem\",\"item\":\"https:\\\/\\\/sh.no\\\/\"},{\"@type\":\"ListItem\",\"position\":2,\"name\":\"Om Solberg &amp; Hansen\"}]},{\"@type\":\"WebSite\",\"@id\":\"https:\\\/\\\/sh.no\\\/#website\",\"url\":\"https:\\\/\\\/sh.no\\\/\",\"name\":\"Solberg og Hansen\",\"description\":\"Inspirert av smak siden 1879\",\"publisher\":{\"@id\":\"https:\\\/\\\/sh.no\\\/#organization\"},\"potentialAction\":[{\"@type\":\"SearchAction\",\"target\":{\"@type\":\"EntryPoint\",\"urlTemplate\":\"https:\\\/\\\/sh.no\\\/?s={search_term_string}\"},\"query-input\":{\"@type\":\"PropertyValueSpecification\",\"valueRequired\":true,\"valueName\":\"search_term_string\"}}],\"inLanguage\":\"en-GB\"},{\"@type\":\"Organization\",\"@id\":\"https:\\\/\\\/sh.no\\\/#organization\",\"name\":\"Solberg og Hansen\",\"url\":\"https:\\\/\\\/sh.no\\\/\",\"logo\":{\"@type\":\"ImageObject\",\"inLanguage\":\"en-GB\",\"@id\":\"https:\\\/\\\/sh.no\\\/#\\\/schema\\\/logo\\\/image\\\/\",\"url\":\"https:\\\/\\\/sh.no\\\/wp-content\\\/uploads\\\/2024\\\/12\\\/SH_logo-1.svg\",\"contentUrl\":\"https:\\\/\\\/sh.no\\\/wp-content\\\/uploads\\\/2024\\\/12\\\/SH_logo-1.svg\",\"width\":453,\"height\":331,\"caption\":\"Solberg og Hansen\"},\"image\":{\"@id\":\"https:\\\/\\\/sh.no\\\/#\\\/schema\\\/logo\\\/image\\\/\"}}]}<\/script>\n<!-- \/ Yoast SEO plugin. -->","yoast_head_json":{"title":"About Solberg &amp; Hansen - Solberg og Hansen","description":"Read about Solberg &amp; Hansen here. We buy very high quality coffee directly from farmers all over the world, which is roasted at our roastery in Oslo.","robots":{"index":"index","follow":"follow","max-snippet":"max-snippet:-1","max-image-preview":"max-image-preview:large","max-video-preview":"max-video-preview:-1"},"canonical":"https:\/\/sh.no\/en\/about-solberg-hansen\/","og_locale":"en_GB","og_type":"article","og_title":"Om Solberg &amp; Hansen - Solberg og Hansen","og_description":"Les om Solberg & Hansen her. Vi handler kaffe av sv\u00e6rt h\u00f8y kvalitet, direkte fra b\u00f8nder over hele verden, som brennes p\u00e5 v\u00e5rt brenneri i Oslo.","og_url":"https:\/\/sh.no\/en\/about-solberg-hansen\/","og_site_name":"Solberg og Hansen","article_modified_time":"2025-09-10T08:54:29+00:00","og_image":[{"width":2560,"height":1707,"url":"https:\/\/sh.no\/wp-content\/uploads\/2025\/05\/sogh_290824_0526-scaled.jpg","type":"image\/jpeg"}],"twitter_card":"summary_large_image","twitter_misc":{"Est. reading time":"2 minutes"},"schema":{"@context":"https:\/\/schema.org","@graph":[{"@type":"WebPage","@id":"https:\/\/sh.no\/om-solberg-hansen\/","url":"https:\/\/sh.no\/om-solberg-hansen\/","name":"About Solberg &amp; Hansen - Solberg og Hansen","isPartOf":{"@id":"https:\/\/sh.no\/#website"},"primaryImageOfPage":{"@id":"https:\/\/sh.no\/om-solberg-hansen\/#primaryimage"},"image":{"@id":"https:\/\/sh.no\/om-solberg-hansen\/#primaryimage"},"thumbnailUrl":"https:\/\/sh.no\/wp-content\/uploads\/2025\/05\/sogh_290824_0526-scaled.jpg","datePublished":"2025-05-23T13:28:57+00:00","dateModified":"2025-09-10T08:54:29+00:00","description":"Read about Solberg &amp; Hansen here. We buy very high quality coffee directly from farmers all over the world, which is roasted at our roastery in Oslo.","breadcrumb":{"@id":"https:\/\/sh.no\/om-solberg-hansen\/#breadcrumb"},"inLanguage":"en-GB","potentialAction":[{"@type":"ReadAction","target":["https:\/\/sh.no\/om-solberg-hansen\/"]}]},{"@type":"ImageObject","inLanguage":"en-GB","@id":"https:\/\/sh.no\/om-solberg-hansen\/#primaryimage","url":"https:\/\/sh.no\/wp-content\/uploads\/2025\/05\/sogh_290824_0526-scaled.jpg","contentUrl":"https:\/\/sh.no\/wp-content\/uploads\/2025\/05\/sogh_290824_0526-scaled.jpg"},{"@type":"BreadcrumbList","@id":"https:\/\/sh.no\/om-solberg-hansen\/#breadcrumb","itemListElement":[{"@type":"ListItem","position":1,"name":"Hjem","item":"https:\/\/sh.no\/"},{"@type":"ListItem","position":2,"name":"Om Solberg &amp; Hansen"}]},{"@type":"WebSite","@id":"https:\/\/sh.no\/#website","url":"https:\/\/sh.no\/","name":"Solberg and Hansen","description":"Inspired by flavour since 1879","publisher":{"@id":"https:\/\/sh.no\/#organization"},"potentialAction":[{"@type":"SearchAction","target":{"@type":"EntryPoint","urlTemplate":"https:\/\/sh.no\/?s={search_term_string}"},"query-input":{"@type":"PropertyValueSpecification","valueRequired":true,"valueName":"search_term_string"}}],"inLanguage":"en-GB"},{"@type":"Organization","@id":"https:\/\/sh.no\/#organization","name":"Solberg and Hansen","url":"https:\/\/sh.no\/","logo":{"@type":"ImageObject","inLanguage":"en-GB","@id":"https:\/\/sh.no\/#\/schema\/logo\/image\/","url":"https:\/\/sh.no\/wp-content\/uploads\/2024\/12\/SH_logo-1.svg","contentUrl":"https:\/\/sh.no\/wp-content\/uploads\/2024\/12\/SH_logo-1.svg","width":453,"height":331,"caption":"Solberg og Hansen"},"image":{"@id":"https:\/\/sh.no\/#\/schema\/logo\/image\/"}}]}},"_links":{"self":[{"href":"https:\/\/sh.no\/en\/wp-json\/wp\/v2\/pages\/7991","targetHints":{"allow":["GET"]}}],"collection":[{"href":"https:\/\/sh.no\/en\/wp-json\/wp\/v2\/pages"}],"about":[{"href":"https:\/\/sh.no\/en\/wp-json\/wp\/v2\/types\/page"}],"author":[{"embeddable":true,"href":"https:\/\/sh.no\/en\/wp-json\/wp\/v2\/users\/1"}],"replies":[{"embeddable":true,"href":"https:\/\/sh.no\/en\/wp-json\/wp\/v2\/comments?post=7991"}],"version-history":[{"count":56,"href":"https:\/\/sh.no\/en\/wp-json\/wp\/v2\/pages\/7991\/revisions"}],"predecessor-version":[{"id":9122,"href":"https:\/\/sh.no\/en\/wp-json\/wp\/v2\/pages\/7991\/revisions\/9122"}],"wp:attachment":[{"href":"https:\/\/sh.no\/en\/wp-json\/wp\/v2\/media?parent=7991"}],"curies":[{"name":"wp","href":"https:\/\/api.w.org\/{rel}","templated":true}]}}